{"id":30692,"date":"2022-03-07T10:56:17","date_gmt":"2022-03-07T10:56:17","guid":{"rendered":"https:\/\/unipro.ee\/liukuikkunat\/alyuminevye-teplye-razdvizhnye-okna\/"},"modified":"2026-04-09T08:10:49","modified_gmt":"2026-04-09T08:10:49","slug":"alumiiniset-lampimat-liukuikkunat","status":"publish","type":"page","link":"https:\/\/unipro.ee\/fi\/liukuikkunat\/alumiiniset-lampimat-liukuikkunat\/","title":{"rendered":"Alumiiniset l\u00e4mpim\u00e4t liukuikkunat"},"content":{"rendered":"\t\t<div data-elementor-type=\"wp-page\" data-elementor-id=\"30692\" class=\"elementor elementor-30692 elementor-17769\">\n\t\t\t\t\t\t<div class=\"elementor-inner\">\n\t\t\t\t<div class=\"elementor-section-wrap\">\n\t\t\t\t\t\t\t\t\t<section class=\"elementor-section elementor-top-section elementor-element elementor-element-32de26a5 elementor-section-boxed elementor-section-height-default elementor-section-height-default mkdf-parallax-row-no mkdf-content-aligment-left mkdf-elementor-row-grid-no mkdf-disabled-bg-image-bellow-no mkdf-row-btt-light\" data-id=\"32de26a5\" data-element_type=\"section\">\n\t\t\t\t\t\t<div class=\"elementor-container elementor-column-gap-default\">\n\t\t\t\t\t\t\t<div class=\"elementor-row\">\n\t\t\t\t\t<div class=\"elementor-column elementor-col-100 elementor-top-column elementor-element elementor-element-507a17fa\" data-id=\"507a17fa\" data-element_type=\"column\">\n\t\t\t<div class=\"elementor-column-wrap\">\n\t\t\t\t\t\t\t<div class=\"elementor-widget-wrap\">\n\t\t\t\t\t\t\t\t<\/div>\n\t\t\t\t\t<\/div>\n\t\t<\/div>\n\t\t\t\t\t\t\t\t<\/div>\n\t\t\t\t\t<\/div>\n\t\t<\/section>\n\t\t\t\t<section class=\"elementor-section elementor-top-section elementor-element elementor-element-5bc64b1b elementor-section-content-middle mkdf-elementor-row-grid-section elementor-section-full_width elementor-section-height-default elementor-section-height-default mkdf-parallax-row-no mkdf-content-aligment-left mkdf-disabled-bg-image-bellow-no mkdf-row-btt-light\" data-id=\"5bc64b1b\" data-element_type=\"section\" data-settings=\"{&quot;background_background&quot;:&quot;classic&quot;}\">\n\t\t\t\t\t\t<div class=\"elementor-container elementor-column-gap-default\">\n\t\t\t\t\t\t\t<div class=\"elementor-row\">\n\t\t\t\t\t<div class=\"elementor-column elementor-col-100 elementor-top-column elementor-element elementor-element-1bb5e8a2\" data-id=\"1bb5e8a2\" data-element_type=\"column\">\n\t\t\t<div class=\"elementor-column-wrap elementor-element-populated\">\n\t\t\t\t\t\t\t<div class=\"elementor-widget-wrap\">\n\t\t\t\t\t\t<div class=\"elementor-element elementor-element-457ff6ad elementor-widget elementor-widget-mkdf_section_title\" data-id=\"457ff6ad\" data-element_type=\"widget\" data-widget_type=\"mkdf_section_title.default\">\n\t\t\t\t<div class=\"elementor-widget-container\">\n\t\t\t<div class=\"mkdf-section-title-holder  mkdf-st-standard   \" >\n\t<div class=\"mkdf-st-inner\">\n        \t\t\t\t\t<h2 class=\"mkdf-st-title\" style=\"color: #FFFFFF\">\n\t\t\t\tAlumiiniset l\u00e4mpim\u00e4t liukuikkunat\t\t\t<\/h2>\n\t\t\t\t\t\t\t<p class=\"mkdf-st-text\" style=\"color: #FFFFFF\">\n\t\t\t\tAlumiiniset l\u00e4mpim\u00e4t liukuikkunat ovat moderni ratkaisu parvekkeiden, loggioiden, talvipuutarhojen ja muiden l\u00e4mmitettyjen tilojen lasitukseen. N\u00e4m\u00e4 rakenteet s\u00e4\u00e4st\u00e4v\u00e4t tilaa ja ovat helppok\u00e4ytt\u00f6isi\u00e4. Niiden avulla voidaan toteuttaa suurikokoisia tai monimutkaisia lasielementtej\u00e4 sek\u00e4 lasikattoja ja julkisivulasituksia liukuovilla. Valmistuksessa k\u00e4ytet\u00e4\u00e4n profiileja, joilla on parannetut l\u00e4mm\u00f6neristysominaisuudet sek\u00e4 yksi tai useampi tiivistyskerros.\t\t\t<\/p>\n\t\t\t<\/div>\n<\/div>\t\t<\/div>\n\t\t\t\t<\/div>\n\t\t\t\t\t\t<\/div>\n\t\t\t\t\t<\/div>\n\t\t<\/div>\n\t\t\t\t\t\t\t\t<\/div>\n\t\t\t\t\t<\/div>\n\t\t<\/section>\n\t\t\t\t<section class=\"elementor-section elementor-top-section elementor-element elementor-element-535d7f9c elementor-section-boxed elementor-section-height-default elementor-section-height-default mkdf-parallax-row-no mkdf-content-aligment-left mkdf-elementor-row-grid-no mkdf-disabled-bg-image-bellow-no mkdf-row-btt-light\" data-id=\"535d7f9c\" data-element_type=\"section\">\n\t\t\t\t\t\t<div class=\"elementor-container elementor-column-gap-default\">\n\t\t\t\t\t\t\t<div class=\"elementor-row\">\n\t\t\t\t\t<div class=\"elementor-column elementor-col-100 elementor-top-column elementor-element elementor-element-5c5116c5\" data-id=\"5c5116c5\" data-element_type=\"column\">\n\t\t\t<div class=\"elementor-column-wrap elementor-element-populated\">\n\t\t\t\t\t\t\t<div class=\"elementor-widget-wrap\">\n\t\t\t\t\t\t<div class=\"elementor-element elementor-element-decab16 elementor-widget elementor-widget-text-editor\" data-id=\"decab16\" data-element_type=\"widget\" data-widget_type=\"text-editor.default\">\n\t\t\t\t<div class=\"elementor-widget-container\">\n\t\t\t\t\t\t\t\t<div class=\"elementor-text-editor elementor-clearfix\">\n\t\t\t\t<p class=\"p1\">UniPro-tiimi tarjoaa kahta liukuikkunatyyppi\u00e4, joissa puitteet liikkuvat kiskoja pitkin:<\/p><ul><li class=\"p1\"><strong>PSK:<\/strong> nosto-liukuj\u00e4rjestelm\u00e4t, joissa on ulos ty\u00f6ntyv\u00e4 mekanismi<\/li><li class=\"p1\"><strong>HST:<\/strong> liukuj\u00e4rjestelm\u00e4t \u201dcoupe\u201d-tyyppisell\u00e4 rakenteella<\/li><\/ul><p class=\"p3\">Puitteiden m\u00e4\u00e4r\u00e4 j\u00e4rjestelm\u00e4ss\u00e4 voi olla rajaton.<\/p>\t\t\t\t\t<\/div>\n\t\t\t\t\t\t<\/div>\n\t\t\t\t<\/div>\n\t\t\t\t<div class=\"elementor-element elementor-element-6daa15ed elementor-widget elementor-widget-text-editor\" data-id=\"6daa15ed\" data-element_type=\"widget\" data-widget_type=\"text-editor.default\">\n\t\t\t\t<div class=\"elementor-widget-container\">\n\t\t\t\t\t\t\t\t<div class=\"elementor-text-editor elementor-clearfix\">\n\t\t\t\t<h2 class=\"p1\">Alumiinisten l\u00e4mpimien liukuikkunoiden edut<\/h2>\t\t\t\t\t<\/div>\n\t\t\t\t\t\t<\/div>\n\t\t\t\t<\/div>\n\t\t\t\t\t\t<\/div>\n\t\t\t\t\t<\/div>\n\t\t<\/div>\n\t\t\t\t\t\t\t\t<\/div>\n\t\t\t\t\t<\/div>\n\t\t<\/section>\n\t\t\t\t<section class=\"elementor-section elementor-top-section elementor-element elementor-element-3ecbbe34 mkdf-elementor-row-grid-section elementor-section-full_width elementor-section-height-default elementor-section-height-default mkdf-parallax-row-no mkdf-content-aligment-left mkdf-disabled-bg-image-bellow-no mkdf-row-btt-light\" data-id=\"3ecbbe34\" data-element_type=\"section\">\n\t\t\t\t\t\t<div class=\"elementor-container elementor-column-gap-wide\">\n\t\t\t\t\t\t\t<div class=\"elementor-row\">\n\t\t\t\t\t<div class=\"elementor-column elementor-col-50 elementor-top-column elementor-element elementor-element-f586d96\" data-id=\"f586d96\" data-element_type=\"column\">\n\t\t\t<div class=\"elementor-column-wrap elementor-element-populated\">\n\t\t\t\t\t\t\t<div class=\"elementor-widget-wrap\">\n\t\t\t\t\t\t<div class=\"elementor-element elementor-element-11a7844b elementor-widget elementor-widget-text-editor\" data-id=\"11a7844b\" data-element_type=\"widget\" data-widget_type=\"text-editor.default\">\n\t\t\t\t<div class=\"elementor-widget-container\">\n\t\t\t\t\t\t\t\t<div class=\"elementor-text-editor elementor-clearfix\">\n\t\t\t\t<p class=\"p1\">Rakenteemme yhdist\u00e4v\u00e4t toiminnallisuuden ja esteettisyyden, tarjoten runsaasti valoa, l\u00e4mp\u00f6\u00e4 ja tyylikk\u00e4\u00e4n ulkon\u00e4\u00f6n. K\u00e4yt\u00e4mme tuotannossa nykyaikaisia teknologioita ja korkealaatuisia materiaaleja, mink\u00e4 ansiosta ikkunoillamme on useita etuja.<\/p>\t\t\t\t\t<\/div>\n\t\t\t\t\t\t<\/div>\n\t\t\t\t<\/div>\n\t\t\t\t<div class=\"elementor-element elementor-element-46d40b64 elementor-widget elementor-widget-text-editor\" data-id=\"46d40b64\" data-element_type=\"widget\" data-widget_type=\"text-editor.default\">\n\t\t\t\t<div class=\"elementor-widget-container\">\n\t\t\t\t\t\t\t\t<div class=\"elementor-text-editor elementor-clearfix\">\n\t\t\t\t<ol><li class=\"p1\"><strong data-start=\"1067\" data-end=\"1100\">Kest\u00e4vyys ja pitk\u00e4 k\u00e4ytt\u00f6ik\u00e4.<\/strong> Profiili ei v\u00e4\u00e4nny, kest\u00e4\u00e4 l\u00e4mp\u00f6tilavaihteluita, sateita ja korroosiota. K\u00e4ytt\u00f6ik\u00e4 on 40\u201380 vuotta.<\/li><li class=\"p1\"><strong data-start=\"1202\" data-end=\"1249\">Ymp\u00e4rist\u00f6yst\u00e4v\u00e4llisyys ja paloturvallisuus.<\/strong> Alumiiniprofiili ei p\u00e4\u00e4st\u00e4 haitallisia aineita ja soveltuu k\u00e4ytett\u00e4v\u00e4ksi asuintiloissa.<\/li><li class=\"p1\"><strong data-start=\"1339\" data-end=\"1382\">Laaja valikoima viimeistelyvaihtoehtoja<\/strong> \u2013 matta- ja kiiltomaalaus, anodisointi sek\u00e4 puuverhous. Voit valita tyyliin, joka sopii sis\u00e4- ja ulkotiloihin.<\/li><li class=\"p1\">Helppo asennus ja k\u00e4ytt\u00f6 sek\u00e4 hyv\u00e4 huollettavuus.<\/li><\/ol>\t\t\t\t\t<\/div>\n\t\t\t\t\t\t<\/div>\n\t\t\t\t<\/div>\n\t\t\t\t\t\t<\/div>\n\t\t\t\t\t<\/div>\n\t\t<\/div>\n\t\t\t\t<div class=\"elementor-column elementor-col-50 elementor-top-column elementor-element elementor-element-1caba1a0\" data-id=\"1caba1a0\" data-element_type=\"column\">\n\t\t\t<div class=\"elementor-column-wrap elementor-element-populated\">\n\t\t\t\t\t\t\t<div class=\"elementor-widget-wrap\">\n\t\t\t\t\t\t<section class=\"elementor-section elementor-inner-section elementor-element elementor-element-615b8e33 elementor-section-full_width elementor-section-height-default elementor-section-height-default mkdf-parallax-row-no mkdf-content-aligment-left mkdf-elementor-row-grid-no mkdf-disabled-bg-image-bellow-no mkdf-row-btt-light\" data-id=\"615b8e33\" data-element_type=\"section\">\n\t\t\t\t\t\t<div class=\"elementor-container elementor-column-gap-default\">\n\t\t\t\t\t\t\t<div class=\"elementor-row\">\n\t\t\t\t\t<div class=\"elementor-column elementor-col-100 elementor-inner-column elementor-element elementor-element-66a66a8c\" data-id=\"66a66a8c\" data-element_type=\"column\">\n\t\t\t<div class=\"elementor-column-wrap elementor-element-populated\">\n\t\t\t\t\t\t\t<div class=\"elementor-widget-wrap\">\n\t\t\t\t\t\t<div class=\"elementor-element elementor-element-42c673d2 elementor-widget elementor-widget-image\" data-id=\"42c673d2\" data-element_type=\"widget\" data-widget_type=\"image.default\">\n\t\t\t\t<div class=\"elementor-widget-container\">\n\t\t\t\t\t\t\t\t<div class=\"elementor-image\">\n\t\t\t\t\t\t\t\t\t\t\t\t<img decoding=\"async\" src=\"https:\/\/unipro.ee\/wp-content\/uploads\/elementor\/thumbs\/AL-D1993_CL-1024x683-1-pm1ilt923bu40u47xia5yhlfkhta810ktdc25m09e0.jpg\" title=\"111\" alt=\"111\" \/>\t\t\t\t\t\t\t\t\t\t\t\t\t\t<\/div>\n\t\t\t\t\t\t<\/div>\n\t\t\t\t<\/div>\n\t\t\t\t\t\t<\/div>\n\t\t\t\t\t<\/div>\n\t\t<\/div>\n\t\t\t\t\t\t\t\t<\/div>\n\t\t\t\t\t<\/div>\n\t\t<\/section>\n\t\t\t\t\t\t<\/div>\n\t\t\t\t\t<\/div>\n\t\t<\/div>\n\t\t\t\t\t\t\t\t<\/div>\n\t\t\t\t\t<\/div>\n\t\t<\/section>\n\t\t\t\t<section class=\"elementor-section elementor-top-section elementor-element elementor-element-6552cb32 elementor-section-boxed elementor-section-height-default elementor-section-height-default mkdf-parallax-row-no mkdf-content-aligment-left mkdf-elementor-row-grid-no mkdf-disabled-bg-image-bellow-no mkdf-row-btt-light\" data-id=\"6552cb32\" data-element_type=\"section\">\n\t\t\t\t\t\t<div class=\"elementor-container elementor-column-gap-default\">\n\t\t\t\t\t\t\t<div class=\"elementor-row\">\n\t\t\t\t\t<div class=\"elementor-column elementor-col-100 elementor-top-column elementor-element elementor-element-69e8fafc\" data-id=\"69e8fafc\" data-element_type=\"column\">\n\t\t\t<div class=\"elementor-column-wrap elementor-element-populated\">\n\t\t\t\t\t\t\t<div class=\"elementor-widget-wrap\">\n\t\t\t\t\t\t<div class=\"elementor-element elementor-element-73f4ce60 elementor-widget elementor-widget-text-editor\" data-id=\"73f4ce60\" data-element_type=\"widget\" data-widget_type=\"text-editor.default\">\n\t\t\t\t<div class=\"elementor-widget-container\">\n\t\t\t\t\t\t\t\t<div class=\"elementor-text-editor elementor-clearfix\">\n\t\t\t\t<p class=\"p1\">Valmistamme ikkunoita, joiden puitteet sulkeutuvat tiiviisti karmiin, eiv\u00e4t v\u00e4\u00e4nny tai roiku ajan my\u00f6t\u00e4, ja suojaavat tilaa luotettavasti kylm\u00e4lt\u00e4 ja tuulelta.<\/p>\t\t\t\t\t<\/div>\n\t\t\t\t\t\t<\/div>\n\t\t\t\t<\/div>\n\t\t\t\t\t\t<\/div>\n\t\t\t\t\t<\/div>\n\t\t<\/div>\n\t\t\t\t\t\t\t\t<\/div>\n\t\t\t\t\t<\/div>\n\t\t<\/section>\n\t\t\t\t<section class=\"elementor-section elementor-top-section elementor-element elementor-element-40eb9e55 elementor-section-boxed elementor-section-height-default elementor-section-height-default mkdf-parallax-row-no mkdf-content-aligment-left mkdf-elementor-row-grid-no mkdf-disabled-bg-image-bellow-no mkdf-row-btt-light\" data-id=\"40eb9e55\" data-element_type=\"section\" data-settings=\"{&quot;background_background&quot;:&quot;classic&quot;}\">\n\t\t\t\t\t\t<div class=\"elementor-container elementor-column-gap-wide\">\n\t\t\t\t\t\t\t<div class=\"elementor-row\">\n\t\t\t\t\t<div class=\"elementor-column elementor-col-100 elementor-top-column elementor-element elementor-element-16526230\" data-id=\"16526230\" data-element_type=\"column\">\n\t\t\t<div class=\"elementor-column-wrap elementor-element-populated\">\n\t\t\t\t\t\t\t<div class=\"elementor-widget-wrap\">\n\t\t\t\t\t\t<div class=\"elementor-element elementor-element-42156ec3 elementor-widget elementor-widget-text-editor\" data-id=\"42156ec3\" data-element_type=\"widget\" data-widget_type=\"text-editor.default\">\n\t\t\t\t<div class=\"elementor-widget-container\">\n\t\t\t\t\t\t\t\t<div class=\"elementor-text-editor elementor-clearfix\">\n\t\t\t\t<h2><span style=\"color: #ffffff;\">L\u00e4het\u00e4 kysely<\/span><\/h2>\t\t\t\t\t<\/div>\n\t\t\t\t\t\t<\/div>\n\t\t\t\t<\/div>\n\t\t\t\t<div class=\"elementor-element elementor-element-1c8f8c03 elementor-button-align-stretch elementor-widget elementor-widget-form\" data-id=\"1c8f8c03\" data-element_type=\"widget\" data-settings=\"{&quot;button_width&quot;:&quot;20&quot;,&quot;step_next_label&quot;:&quot;Next&quot;,&quot;step_previous_label&quot;:&quot;Previous&quot;,&quot;step_type&quot;:&quot;number_text&quot;,&quot;step_icon_shape&quot;:&quot;circle&quot;}\" data-widget_type=\"form.default\">\n\t\t\t\t<div class=\"elementor-widget-container\">\n\t\t\t\t\t<form class=\"elementor-form\" method=\"post\" name=\"New Form\">\n\t\t\t<input type=\"hidden\" name=\"post_id\" value=\"30692\"\/>\n\t\t\t<input type=\"hidden\" name=\"form_id\" value=\"1c8f8c03\"\/>\n\t\t\t<input type=\"hidden\" name=\"referer_title\" value=\"Unipro\" \/>\n\n\t\t\t\n\t\t\t<div class=\"elementor-form-fields-wrapper elementor-labels-above\">\n\t\t\t\t\t\t\t\t<div class=\"elementor-field-type-email elementor-field-group elementor-column elementor-field-group-email elementor-col-20 elementor-field-required\">\n\t\t\t\t\t\t\t\t\t\t\t\t\t<input size=\"1\" type=\"email\" name=\"form_fields[email]\" id=\"form-field-email\" class=\"elementor-field elementor-size-md  elementor-field-textual\" placeholder=\"S\u00e4hk\u00f6posti\" required=\"required\" aria-required=\"true\">\n\t\t\t\t\t\t\t\t\t\t\t<\/div>\n\t\t\t\t\t\t\t\t<div class=\"elementor-field-type-text elementor-field-group elementor-column elementor-field-group-message elementor-col-33 elementor-field-required\">\n\t\t\t\t\t\t\t\t\t\t\t\t\t<input size=\"1\" type=\"text\" name=\"form_fields[message]\" id=\"form-field-message\" class=\"elementor-field elementor-size-md  elementor-field-textual\" placeholder=\"Viesti\" required=\"required\" aria-required=\"true\">\n\t\t\t\t\t\t\t\t\t\t\t<\/div>\n\t\t\t\t\t\t\t\t<div class=\"elementor-field-type-text elementor-field-group elementor-column elementor-field-group-name elementor-col-20\">\n\t\t\t\t\t\t\t\t\t\t\t\t\t<input size=\"1\" type=\"text\" name=\"form_fields[name]\" id=\"form-field-name\" class=\"elementor-field elementor-size-md  elementor-field-textual\" placeholder=\"PUHELIN\">\n\t\t\t\t\t\t\t\t\t\t\t<\/div>\n\t\t\t\t\t\t\t\t<div class=\"elementor-field-group elementor-column elementor-field-type-submit elementor-col-20 e-form__buttons\">\n\t\t\t\t\t<button type=\"submit\" class=\"elementor-button elementor-size-md\">\n\t\t\t\t\t\t<span >\n\t\t\t\t\t\t\t\t\t\t\t\t\t\t\t<span class=\" elementor-button-icon\">\n\t\t\t\t\t\t\t\t\t\t\t\t\t\t\t\t\t\t\t\t\t\t\t\t\t\t<\/span>\n\t\t\t\t\t\t\t\t\t\t\t\t\t\t\t\t\t\t\t\t\t\t<span class=\"elementor-button-text\">Pakollinen kentt\u00e4<\/span>\n\t\t\t\t\t\t\t\t\t\t\t\t\t<\/span>\n\t\t\t\t\t<\/button>\n\t\t\t\t<\/div>\n\t\t\t<\/div>\n\t\t<\/form>\n\t\t\t\t<\/div>\n\t\t\t\t<\/div>\n\t\t\t\t\t\t<\/div>\n\t\t\t\t\t<\/div>\n\t\t<\/div>\n\t\t\t\t\t\t\t\t<\/div>\n\t\t\t\t\t<\/div>\n\t\t<\/section>\n\t\t\t\t\t\t\t\t\t<\/div>\n\t\t\t<\/div>\n\t\t\t\t\t<\/div>\n\t\t","protected":false},"excerpt":{"rendered":"<p>Alumiiniset l\u00e4mpim\u00e4t liukuikkunat Alumiiniset l\u00e4mpim\u00e4t liukuikkunat ovat moderni ratkaisu parvekkeiden, loggioiden, talvipuutarhojen ja muiden l\u00e4mmitettyjen tilojen lasitukseen. N\u00e4m\u00e4 rakenteet s\u00e4\u00e4st\u00e4v\u00e4t tilaa ja ovat helppok\u00e4ytt\u00f6isi\u00e4. Niiden avulla voidaan toteuttaa suurikokoisia tai monimutkaisia lasielementtej\u00e4 sek\u00e4 lasikattoja ja julkisivulasituksia liukuovilla. Valmistuksessa k\u00e4ytet\u00e4\u00e4n profiileja, [&hellip;]<\/p>\n","protected":false},"author":1,"featured_media":0,"parent":19842,"menu_order":0,"comment_status":"closed","ping_status":"closed","template":"elementor_header_footer","meta":{"footnotes":""},"class_list":["post-30692","page","type-page","status-publish","hentry"],"yoast_head":"<!-- This site is optimized with the Yoast SEO plugin v18.4.1 - https:\/\/yoast.com\/wordpress\/plugins\/seo\/ -->\n<title>Alumiiniset l\u00e4mpim\u00e4t liukuikkunat - Unipro<\/title>\n<meta name=\"robots\" content=\"index, follow, max-snippet:-1, max-image-preview:large, max-video-preview:-1\" \/>\n<link rel=\"canonical\" href=\"https:\/\/unipro.ee\/fi\/liukuikkunat\/alumiiniset-lampimat-liukuikkunat\/\" \/>\n<meta property=\"og:locale\" content=\"fi_FI\" \/>\n<meta property=\"og:type\" content=\"article\" \/>\n<meta property=\"og:title\" content=\"Alumiiniset l\u00e4mpim\u00e4t liukuikkunat - Unipro\" \/>\n<meta property=\"og:description\" content=\"Alumiiniset l\u00e4mpim\u00e4t liukuikkunat Alumiiniset l\u00e4mpim\u00e4t liukuikkunat ovat moderni ratkaisu parvekkeiden, loggioiden, talvipuutarhojen ja muiden l\u00e4mmitettyjen tilojen lasitukseen. N\u00e4m\u00e4 rakenteet s\u00e4\u00e4st\u00e4v\u00e4t tilaa ja ovat helppok\u00e4ytt\u00f6isi\u00e4. Niiden avulla voidaan toteuttaa suurikokoisia tai monimutkaisia lasielementtej\u00e4 sek\u00e4 lasikattoja ja julkisivulasituksia liukuovilla. Valmistuksessa k\u00e4ytet\u00e4\u00e4n profiileja, [&hellip;]\" \/>\n<meta property=\"og:url\" content=\"https:\/\/unipro.ee\/fi\/liukuikkunat\/alumiiniset-lampimat-liukuikkunat\/\" \/>\n<meta property=\"og:site_name\" content=\"Unipro\" \/>\n<meta property=\"article:modified_time\" content=\"2026-04-09T08:10:49+00:00\" \/>\n<meta property=\"og:image\" content=\"https:\/\/unipro.ee\/wp-content\/uploads\/elementor\/thumbs\/AL-D1993_CL-1024x683-1-pm1ilt923bu40u47xia5yhlfkhta810ktdc25m09e0.jpg\" \/>\n<meta name=\"twitter:card\" content=\"summary_large_image\" \/>\n<meta name=\"twitter:label1\" content=\"Arvioitu lukuaika\" \/>\n\t<meta name=\"twitter:data1\" content=\"2 minuuttia\" \/>\n<script type=\"application\/ld+json\" class=\"yoast-schema-graph\">{\"@context\":\"https:\/\/schema.org\",\"@graph\":[{\"@type\":\"WebSite\",\"@id\":\"https:\/\/unipro.ee\/#website\",\"url\":\"https:\/\/unipro.ee\/\",\"name\":\"Unipro\",\"description\":\"Unipro\",\"potentialAction\":[{\"@type\":\"SearchAction\",\"target\":{\"@type\":\"EntryPoint\",\"urlTemplate\":\"https:\/\/unipro.ee\/?s={search_term_string}\"},\"query-input\":\"required name=search_term_string\"}],\"inLanguage\":\"fi\"},{\"@type\":\"ImageObject\",\"@id\":\"https:\/\/unipro.ee\/fi\/liukuikkunat\/alumiiniset-lampimat-liukuikkunat\/#primaryimage\",\"inLanguage\":\"fi\",\"url\":\"https:\/\/unipro.ee\/wp-content\/uploads\/elementor\/thumbs\/AL-D1993_CL-1024x683-1-pm1ilt923bu40u47xia5yhlfkhta810ktdc25m09e0.jpg\",\"contentUrl\":\"https:\/\/unipro.ee\/wp-content\/uploads\/elementor\/thumbs\/AL-D1993_CL-1024x683-1-pm1ilt923bu40u47xia5yhlfkhta810ktdc25m09e0.jpg\"},{\"@type\":\"WebPage\",\"@id\":\"https:\/\/unipro.ee\/fi\/liukuikkunat\/alumiiniset-lampimat-liukuikkunat\/#webpage\",\"url\":\"https:\/\/unipro.ee\/fi\/liukuikkunat\/alumiiniset-lampimat-liukuikkunat\/\",\"name\":\"Alumiiniset l\u00e4mpim\u00e4t liukuikkunat - Unipro\",\"isPartOf\":{\"@id\":\"https:\/\/unipro.ee\/#website\"},\"primaryImageOfPage\":{\"@id\":\"https:\/\/unipro.ee\/fi\/liukuikkunat\/alumiiniset-lampimat-liukuikkunat\/#primaryimage\"},\"datePublished\":\"2022-03-07T10:56:17+00:00\",\"dateModified\":\"2026-04-09T08:10:49+00:00\",\"breadcrumb\":{\"@id\":\"https:\/\/unipro.ee\/fi\/liukuikkunat\/alumiiniset-lampimat-liukuikkunat\/#breadcrumb\"},\"inLanguage\":\"fi\",\"potentialAction\":[{\"@type\":\"ReadAction\",\"target\":[\"https:\/\/unipro.ee\/fi\/liukuikkunat\/alumiiniset-lampimat-liukuikkunat\/\"]}]},{\"@type\":\"BreadcrumbList\",\"@id\":\"https:\/\/unipro.ee\/fi\/liukuikkunat\/alumiiniset-lampimat-liukuikkunat\/#breadcrumb\",\"itemListElement\":[{\"@type\":\"ListItem\",\"position\":1,\"name\":\"\u0413\u043b\u0430\u0432\u043d\u0430\u044f \u0441\u0442\u0440\u0430\u043d\u0438\u0446\u0430\",\"item\":\"https:\/\/unipro.ee\/\"},{\"@type\":\"ListItem\",\"position\":2,\"name\":\"Liukuikkunat \/ Liukuovi\",\"item\":\"https:\/\/unipro.ee\/fi\/liukuikkunat\/\"},{\"@type\":\"ListItem\",\"position\":3,\"name\":\"Alumiiniset l\u00e4mpim\u00e4t liukuikkunat\"}]}]}<\/script>\n<!-- \/ Yoast SEO plugin. -->","yoast_head_json":{"title":"Alumiiniset l\u00e4mpim\u00e4t liukuikkunat - Unipro","robots":{"index":"index","follow":"follow","max-snippet":"max-snippet:-1","max-image-preview":"max-image-preview:large","max-video-preview":"max-video-preview:-1"},"canonical":"https:\/\/unipro.ee\/fi\/liukuikkunat\/alumiiniset-lampimat-liukuikkunat\/","og_locale":"fi_FI","og_type":"article","og_title":"Alumiiniset l\u00e4mpim\u00e4t liukuikkunat - Unipro","og_description":"Alumiiniset l\u00e4mpim\u00e4t liukuikkunat Alumiiniset l\u00e4mpim\u00e4t liukuikkunat ovat moderni ratkaisu parvekkeiden, loggioiden, talvipuutarhojen ja muiden l\u00e4mmitettyjen tilojen lasitukseen. N\u00e4m\u00e4 rakenteet s\u00e4\u00e4st\u00e4v\u00e4t tilaa ja ovat helppok\u00e4ytt\u00f6isi\u00e4. Niiden avulla voidaan toteuttaa suurikokoisia tai monimutkaisia lasielementtej\u00e4 sek\u00e4 lasikattoja ja julkisivulasituksia liukuovilla. Valmistuksessa k\u00e4ytet\u00e4\u00e4n profiileja, [&hellip;]","og_url":"https:\/\/unipro.ee\/fi\/liukuikkunat\/alumiiniset-lampimat-liukuikkunat\/","og_site_name":"Unipro","article_modified_time":"2026-04-09T08:10:49+00:00","og_image":[{"url":"https:\/\/unipro.ee\/wp-content\/uploads\/elementor\/thumbs\/AL-D1993_CL-1024x683-1-pm1ilt923bu40u47xia5yhlfkhta810ktdc25m09e0.jpg"}],"twitter_card":"summary_large_image","twitter_misc":{"Arvioitu lukuaika":"2 minuuttia"},"schema":{"@context":"https:\/\/schema.org","@graph":[{"@type":"WebSite","@id":"https:\/\/unipro.ee\/#website","url":"https:\/\/unipro.ee\/","name":"Unipro","description":"Unipro","potentialAction":[{"@type":"SearchAction","target":{"@type":"EntryPoint","urlTemplate":"https:\/\/unipro.ee\/?s={search_term_string}"},"query-input":"required name=search_term_string"}],"inLanguage":"fi"},{"@type":"ImageObject","@id":"https:\/\/unipro.ee\/fi\/liukuikkunat\/alumiiniset-lampimat-liukuikkunat\/#primaryimage","inLanguage":"fi","url":"https:\/\/unipro.ee\/wp-content\/uploads\/elementor\/thumbs\/AL-D1993_CL-1024x683-1-pm1ilt923bu40u47xia5yhlfkhta810ktdc25m09e0.jpg","contentUrl":"https:\/\/unipro.ee\/wp-content\/uploads\/elementor\/thumbs\/AL-D1993_CL-1024x683-1-pm1ilt923bu40u47xia5yhlfkhta810ktdc25m09e0.jpg"},{"@type":"WebPage","@id":"https:\/\/unipro.ee\/fi\/liukuikkunat\/alumiiniset-lampimat-liukuikkunat\/#webpage","url":"https:\/\/unipro.ee\/fi\/liukuikkunat\/alumiiniset-lampimat-liukuikkunat\/","name":"Alumiiniset l\u00e4mpim\u00e4t liukuikkunat - Unipro","isPartOf":{"@id":"https:\/\/unipro.ee\/#website"},"primaryImageOfPage":{"@id":"https:\/\/unipro.ee\/fi\/liukuikkunat\/alumiiniset-lampimat-liukuikkunat\/#primaryimage"},"datePublished":"2022-03-07T10:56:17+00:00","dateModified":"2026-04-09T08:10:49+00:00","breadcrumb":{"@id":"https:\/\/unipro.ee\/fi\/liukuikkunat\/alumiiniset-lampimat-liukuikkunat\/#breadcrumb"},"inLanguage":"fi","potentialAction":[{"@type":"ReadAction","target":["https:\/\/unipro.ee\/fi\/liukuikkunat\/alumiiniset-lampimat-liukuikkunat\/"]}]},{"@type":"BreadcrumbList","@id":"https:\/\/unipro.ee\/fi\/liukuikkunat\/alumiiniset-lampimat-liukuikkunat\/#breadcrumb","itemListElement":[{"@type":"ListItem","position":1,"name":"\u0413\u043b\u0430\u0432\u043d\u0430\u044f \u0441\u0442\u0440\u0430\u043d\u0438\u0446\u0430","item":"https:\/\/unipro.ee\/"},{"@type":"ListItem","position":2,"name":"Liukuikkunat \/ Liukuovi","item":"https:\/\/unipro.ee\/fi\/liukuikkunat\/"},{"@type":"ListItem","position":3,"name":"Alumiiniset l\u00e4mpim\u00e4t liukuikkunat"}]}]}},"_links":{"self":[{"href":"https:\/\/unipro.ee\/fi\/wp-json\/wp\/v2\/pages\/30692","targetHints":{"allow":["GET"]}}],"collection":[{"href":"https:\/\/unipro.ee\/fi\/wp-json\/wp\/v2\/pages"}],"about":[{"href":"https:\/\/unipro.ee\/fi\/wp-json\/wp\/v2\/types\/page"}],"author":[{"embeddable":true,"href":"https:\/\/unipro.ee\/fi\/wp-json\/wp\/v2\/users\/1"}],"replies":[{"embeddable":true,"href":"https:\/\/unipro.ee\/fi\/wp-json\/wp\/v2\/comments?post=30692"}],"version-history":[{"count":4,"href":"https:\/\/unipro.ee\/fi\/wp-json\/wp\/v2\/pages\/30692\/revisions"}],"predecessor-version":[{"id":30701,"href":"https:\/\/unipro.ee\/fi\/wp-json\/wp\/v2\/pages\/30692\/revisions\/30701"}],"up":[{"embeddable":true,"href":"https:\/\/unipro.ee\/fi\/wp-json\/wp\/v2\/pages\/19842"}],"wp:attachment":[{"href":"https:\/\/unipro.ee\/fi\/wp-json\/wp\/v2\/media?parent=30692"}],"curies":[{"name":"wp","href":"https:\/\/api.w.org\/{rel}","templated":true}]}}