{"id":19870,"date":"2022-03-30T09:42:47","date_gmt":"2022-03-30T09:42:47","guid":{"rendered":"https:\/\/unipro.ee\/?page_id=19870"},"modified":"2026-03-23T12:57:14","modified_gmt":"2026-03-23T12:57:14","slug":"terassit","status":"publish","type":"page","link":"https:\/\/unipro.ee\/fi\/terassit\/","title":{"rendered":"Terassit"},"content":{"rendered":"\t\t<div data-elementor-type=\"wp-page\" data-elementor-id=\"19870\" class=\"elementor elementor-19870 elementor-19766\">\n\t\t\t\t\t\t<div class=\"elementor-inner\">\n\t\t\t\t<div class=\"elementor-section-wrap\">\n\t\t\t\t\t\t\t\t\t<section class=\"elementor-section elementor-top-section elementor-element elementor-element-449a52db elementor-section-boxed elementor-section-height-default elementor-section-height-default mkdf-parallax-row-no mkdf-content-aligment-left mkdf-elementor-row-grid-no mkdf-disabled-bg-image-bellow-no mkdf-row-btt-light\" data-id=\"449a52db\" data-element_type=\"section\">\n\t\t\t\t\t\t<div class=\"elementor-container elementor-column-gap-default\">\n\t\t\t\t\t\t\t<div class=\"elementor-row\">\n\t\t\t\t\t<div class=\"elementor-column elementor-col-100 elementor-top-column elementor-element elementor-element-1402fd5c\" data-id=\"1402fd5c\" data-element_type=\"column\">\n\t\t\t<div class=\"elementor-column-wrap elementor-element-populated\">\n\t\t\t\t\t\t\t<div class=\"elementor-widget-wrap\">\n\t\t\t\t\t\t<div class=\"elementor-element elementor-element-5f0855b2 elementor-widget elementor-widget-spacer\" data-id=\"5f0855b2\" data-element_type=\"widget\" data-widget_type=\"spacer.default\">\n\t\t\t\t<div class=\"elementor-widget-container\">\n\t\t\t\t\t<div class=\"elementor-spacer\">\n\t\t\t<div class=\"elementor-spacer-inner\"><\/div>\n\t\t<\/div>\n\t\t\t\t<\/div>\n\t\t\t\t<\/div>\n\t\t\t\t<div class=\"elementor-element elementor-element-6804806a elementor-widget elementor-widget-heading\" data-id=\"6804806a\" data-element_type=\"widget\" data-widget_type=\"heading.default\">\n\t\t\t\t<div class=\"elementor-widget-container\">\n\t\t\t<h2 class=\"elementor-heading-title elementor-size-default\">Terassit<\/h2>\t\t<\/div>\n\t\t\t\t<\/div>\n\t\t\t\t\t\t<\/div>\n\t\t\t\t\t<\/div>\n\t\t<\/div>\n\t\t\t\t\t\t\t\t<\/div>\n\t\t\t\t\t<\/div>\n\t\t<\/section>\n\t\t\t\t<section class=\"elementor-section elementor-top-section elementor-element elementor-element-5dcc84a9 mkdf-elementor-row-grid-section elementor-section-full_width elementor-section-height-default elementor-section-height-default mkdf-parallax-row-no mkdf-content-aligment-left mkdf-disabled-bg-image-bellow-no mkdf-row-btt-light\" data-id=\"5dcc84a9\" data-element_type=\"section\">\n\t\t\t\t\t\t<div class=\"elementor-container elementor-column-gap-wide\">\n\t\t\t\t\t\t\t<div class=\"elementor-row\">\n\t\t\t\t\t<div class=\"elementor-column elementor-col-20 elementor-top-column elementor-element elementor-element-9b6060b\" data-id=\"9b6060b\" data-element_type=\"column\">\n\t\t\t<div class=\"elementor-column-wrap elementor-element-populated\">\n\t\t\t\t\t\t\t<div class=\"elementor-widget-wrap\">\n\t\t\t\t\t\t<div class=\"elementor-element elementor-element-47e5090b elementor-position-top elementor-vertical-align-top elementor-widget elementor-widget-image-box\" data-id=\"47e5090b\" data-element_type=\"widget\" data-widget_type=\"image-box.default\">\n\t\t\t\t<div class=\"elementor-widget-container\">\n\t\t\t<div class=\"elementor-image-box-wrapper\"><figure class=\"elementor-image-box-img\"><a href=\"https:\/\/unipro.ee\/fi\/teenused\/terassit\/\"><img decoding=\"async\" src=\"https:\/\/unipro.ee\/wp-content\/uploads\/elementor\/thumbs\/osteklenie-terras.jpeg-pm8mli88g72miwo5udlodt5tl8n8n90ksx98a4wblk.jpg\" title=\"osteklenie-terras.jpeg\" alt=\"osteklenie-terras.jpeg\" \/><\/a><\/figure><div class=\"elementor-image-box-content\"><h2 class=\"elementor-image-box-title\"><a href=\"https:\/\/unipro.ee\/fi\/teenused\/terassit\/\">TERASSIT LASITUST\u00d6IDEN<\/a><\/h2><\/div><\/div>\t\t<\/div>\n\t\t\t\t<\/div>\n\t\t\t\t\t\t<\/div>\n\t\t\t\t\t<\/div>\n\t\t<\/div>\n\t\t\t\t<div class=\"elementor-column elementor-col-20 elementor-top-column elementor-element elementor-element-345715cc\" data-id=\"345715cc\" data-element_type=\"column\">\n\t\t\t<div class=\"elementor-column-wrap elementor-element-populated\">\n\t\t\t\t\t\t\t<div class=\"elementor-widget-wrap\">\n\t\t\t\t\t\t<div class=\"elementor-element elementor-element-688f3cba elementor-hidden-desktop elementor-hidden-tablet elementor-hidden-mobile elementor-position-top elementor-vertical-align-top elementor-widget elementor-widget-image-box\" data-id=\"688f3cba\" data-element_type=\"widget\" data-widget_type=\"image-box.default\">\n\t\t\t\t<div class=\"elementor-widget-container\">\n\t\t\t<div class=\"elementor-image-box-wrapper\"><figure class=\"elementor-image-box-img\"><a href=\"https:\/\/unipro.ee\/fi\/terassilauta\/\"><img decoding=\"async\" src=\"https:\/\/unipro.ee\/wp-content\/uploads\/elementor\/thumbs\/ter-doska-pm8mkbxhwngq0gdlpdbgrlu2uwfq0vcnn3wdoon1dk.jpeg\" title=\"ter-doska\" alt=\"ter-doska\" \/><\/a><\/figure><div class=\"elementor-image-box-content\"><h2 class=\"elementor-image-box-title\"><a href=\"https:\/\/unipro.ee\/fi\/terassilauta\/\">TERASSILAUTA<\/a><\/h2><\/div><\/div>\t\t<\/div>\n\t\t\t\t<\/div>\n\t\t\t\t\t\t<\/div>\n\t\t\t\t\t<\/div>\n\t\t<\/div>\n\t\t\t\t<div class=\"elementor-column elementor-col-20 elementor-top-column elementor-element elementor-element-5e191c2d\" data-id=\"5e191c2d\" data-element_type=\"column\">\n\t\t\t<div class=\"elementor-column-wrap\">\n\t\t\t\t\t\t\t<div class=\"elementor-widget-wrap\">\n\t\t\t\t\t\t\t\t<\/div>\n\t\t\t\t\t<\/div>\n\t\t<\/div>\n\t\t\t\t<div class=\"elementor-column elementor-col-20 elementor-top-column elementor-element elementor-element-6ea2e754\" data-id=\"6ea2e754\" data-element_type=\"column\">\n\t\t\t<div class=\"elementor-column-wrap\">\n\t\t\t\t\t\t\t<div class=\"elementor-widget-wrap\">\n\t\t\t\t\t\t\t\t<\/div>\n\t\t\t\t\t<\/div>\n\t\t<\/div>\n\t\t\t\t<div class=\"elementor-column elementor-col-20 elementor-top-column elementor-element elementor-element-4bd88ea6\" data-id=\"4bd88ea6\" data-element_type=\"column\">\n\t\t\t<div class=\"elementor-column-wrap\">\n\t\t\t\t\t\t\t<div class=\"elementor-widget-wrap\">\n\t\t\t\t\t\t\t\t<\/div>\n\t\t\t\t\t<\/div>\n\t\t<\/div>\n\t\t\t\t\t\t\t\t<\/div>\n\t\t\t\t\t<\/div>\n\t\t<\/section>\n\t\t\t\t<section class=\"elementor-section elementor-top-section elementor-element elementor-element-b328473 elementor-section-boxed elementor-section-height-default elementor-section-height-default mkdf-parallax-row-no mkdf-content-aligment-left mkdf-elementor-row-grid-no mkdf-disabled-bg-image-bellow-no mkdf-row-btt-light\" data-id=\"b328473\" data-element_type=\"section\" data-settings=\"{&quot;background_background&quot;:&quot;classic&quot;}\">\n\t\t\t\t\t\t<div class=\"elementor-container elementor-column-gap-wide\">\n\t\t\t\t\t\t\t<div class=\"elementor-row\">\n\t\t\t\t\t<div class=\"elementor-column elementor-col-100 elementor-top-column elementor-element elementor-element-740a7680\" data-id=\"740a7680\" data-element_type=\"column\">\n\t\t\t<div class=\"elementor-column-wrap elementor-element-populated\">\n\t\t\t\t\t\t\t<div class=\"elementor-widget-wrap\">\n\t\t\t\t\t\t<div class=\"elementor-element elementor-element-2f259bf9 elementor-widget elementor-widget-text-editor\" data-id=\"2f259bf9\" data-element_type=\"widget\" data-widget_type=\"text-editor.default\">\n\t\t\t\t<div class=\"elementor-widget-container\">\n\t\t\t\t\t\t\t\t<div class=\"elementor-text-editor elementor-clearfix\">\n\t\t\t\t<h2><span style=\"color: #ffffff;\">L\u00e4het\u00e4 kysely<\/span><\/h2>\t\t\t\t\t<\/div>\n\t\t\t\t\t\t<\/div>\n\t\t\t\t<\/div>\n\t\t\t\t<div class=\"elementor-element elementor-element-379df93d elementor-button-align-stretch elementor-widget elementor-widget-form\" data-id=\"379df93d\" data-element_type=\"widget\" data-settings=\"{&quot;button_width&quot;:&quot;20&quot;,&quot;step_next_label&quot;:&quot;Next&quot;,&quot;step_previous_label&quot;:&quot;Previous&quot;,&quot;step_type&quot;:&quot;number_text&quot;,&quot;step_icon_shape&quot;:&quot;circle&quot;}\" data-widget_type=\"form.default\">\n\t\t\t\t<div class=\"elementor-widget-container\">\n\t\t\t\t\t<form class=\"elementor-form\" method=\"post\" name=\"New Form\">\n\t\t\t<input type=\"hidden\" name=\"post_id\" value=\"19870\"\/>\n\t\t\t<input type=\"hidden\" name=\"form_id\" value=\"379df93d\"\/>\n\t\t\t<input type=\"hidden\" name=\"referer_title\" value=\"Unipro\" \/>\n\n\t\t\t\n\t\t\t<div class=\"elementor-form-fields-wrapper elementor-labels-above\">\n\t\t\t\t\t\t\t\t<div class=\"elementor-field-type-email elementor-field-group elementor-column elementor-field-group-email elementor-col-20 elementor-field-required\">\n\t\t\t\t\t\t\t\t\t\t\t\t\t<input size=\"1\" type=\"email\" name=\"form_fields[email]\" id=\"form-field-email\" class=\"elementor-field elementor-size-md  elementor-field-textual\" placeholder=\"S\u00e4hk\u00f6posti\" required=\"required\" aria-required=\"true\">\n\t\t\t\t\t\t\t\t\t\t\t<\/div>\n\t\t\t\t\t\t\t\t<div class=\"elementor-field-type-text elementor-field-group elementor-column elementor-field-group-message elementor-col-33 elementor-field-required\">\n\t\t\t\t\t\t\t\t\t\t\t\t\t<input size=\"1\" type=\"text\" name=\"form_fields[message]\" id=\"form-field-message\" class=\"elementor-field elementor-size-md  elementor-field-textual\" placeholder=\"Viesti\" required=\"required\" aria-required=\"true\">\n\t\t\t\t\t\t\t\t\t\t\t<\/div>\n\t\t\t\t\t\t\t\t<div class=\"elementor-field-type-tel elementor-field-group elementor-column elementor-field-group-name elementor-col-20\">\n\t\t\t\t\t\t\t<input size=\"1\" type=\"tel\" name=\"form_fields[name]\" id=\"form-field-name\" class=\"elementor-field elementor-size-md  elementor-field-textual\" placeholder=\"PUHELIN\" pattern=\"[0-9()#&amp;+*-=.]+\" title=\"Only numbers and phone characters (#, -, *, etc) are accepted.\">\n\n\t\t\t\t\t\t<\/div>\n\t\t\t\t\t\t\t\t<div class=\"elementor-field-group elementor-column elementor-field-type-submit elementor-col-20 e-form__buttons\">\n\t\t\t\t\t<button type=\"submit\" class=\"elementor-button elementor-size-md\">\n\t\t\t\t\t\t<span >\n\t\t\t\t\t\t\t\t\t\t\t\t\t\t\t<span class=\" elementor-button-icon\">\n\t\t\t\t\t\t\t\t\t\t\t\t\t\t\t\t\t\t\t\t\t\t\t\t\t\t<\/span>\n\t\t\t\t\t\t\t\t\t\t\t\t\t\t\t\t\t\t\t\t\t\t<span class=\"elementor-button-text\">L\u00c4HETT\u00c4\u00c4<\/span>\n\t\t\t\t\t\t\t\t\t\t\t\t\t<\/span>\n\t\t\t\t\t<\/button>\n\t\t\t\t<\/div>\n\t\t\t<\/div>\n\t\t<\/form>\n\t\t\t\t<\/div>\n\t\t\t\t<\/div>\n\t\t\t\t\t\t<\/div>\n\t\t\t\t\t<\/div>\n\t\t<\/div>\n\t\t\t\t\t\t\t\t<\/div>\n\t\t\t\t\t<\/div>\n\t\t<\/section>\n\t\t\t\t\t\t\t\t\t<\/div>\n\t\t\t<\/div>\n\t\t\t\t\t<\/div>\n\t\t","protected":false},"excerpt":{"rendered":"<p>Terassit TERASSIT LASITUST\u00d6IDEN TERASSILAUTA L\u00e4het\u00e4 kysely<\/p>\n","protected":false},"author":1,"featured_media":0,"parent":0,"menu_order":0,"comment_status":"closed","ping_status":"closed","template":"elementor_header_footer","meta":{"footnotes":""},"class_list":["post-19870","page","type-page","status-publish","hentry"],"yoast_head":"<!-- This site is optimized with the Yoast SEO plugin v18.4.1 - https:\/\/yoast.com\/wordpress\/plugins\/seo\/ -->\n<title>Terassit - Unipro<\/title>\n<meta name=\"robots\" content=\"index, follow, max-snippet:-1, max-image-preview:large, max-video-preview:-1\" \/>\n<link rel=\"canonical\" href=\"https:\/\/unipro.ee\/fi\/terassit\/\" \/>\n<meta property=\"og:locale\" content=\"fi_FI\" \/>\n<meta property=\"og:type\" content=\"article\" \/>\n<meta property=\"og:title\" content=\"Terassit - Unipro\" \/>\n<meta property=\"og:description\" content=\"Terassit TERASSIT LASITUST\u00d6IDEN TERASSILAUTA L\u00e4het\u00e4 kysely\" \/>\n<meta property=\"og:url\" content=\"https:\/\/unipro.ee\/fi\/terassit\/\" \/>\n<meta property=\"og:site_name\" content=\"Unipro\" \/>\n<meta property=\"article:modified_time\" content=\"2026-03-23T12:57:14+00:00\" \/>\n<meta property=\"og:image\" content=\"https:\/\/unipro.ee\/wp-content\/uploads\/elementor\/thumbs\/osteklenie-terras.jpeg-pm8mli88g72miwo5udlodt5tl8n8n90ksx98a4wblk.jpg\" \/>\n<meta name=\"twitter:card\" content=\"summary_large_image\" \/>\n<meta name=\"twitter:label1\" content=\"Arvioitu lukuaika\" \/>\n\t<meta name=\"twitter:data1\" content=\"1 minuutti\" \/>\n<script type=\"application\/ld+json\" class=\"yoast-schema-graph\">{\"@context\":\"https:\/\/schema.org\",\"@graph\":[{\"@type\":\"WebSite\",\"@id\":\"https:\/\/unipro.ee\/#website\",\"url\":\"https:\/\/unipro.ee\/\",\"name\":\"Unipro\",\"description\":\"Unipro\",\"potentialAction\":[{\"@type\":\"SearchAction\",\"target\":{\"@type\":\"EntryPoint\",\"urlTemplate\":\"https:\/\/unipro.ee\/?s={search_term_string}\"},\"query-input\":\"required name=search_term_string\"}],\"inLanguage\":\"fi\"},{\"@type\":\"ImageObject\",\"@id\":\"https:\/\/unipro.ee\/fi\/terassit\/#primaryimage\",\"inLanguage\":\"fi\",\"url\":\"https:\/\/unipro.ee\/wp-content\/uploads\/elementor\/thumbs\/osteklenie-terras.jpeg-pm8mli88g72miwo5udlodt5tl8n8n90ksx98a4wblk.jpg\",\"contentUrl\":\"https:\/\/unipro.ee\/wp-content\/uploads\/elementor\/thumbs\/osteklenie-terras.jpeg-pm8mli88g72miwo5udlodt5tl8n8n90ksx98a4wblk.jpg\"},{\"@type\":\"WebPage\",\"@id\":\"https:\/\/unipro.ee\/fi\/terassit\/#webpage\",\"url\":\"https:\/\/unipro.ee\/fi\/terassit\/\",\"name\":\"Terassit - Unipro\",\"isPartOf\":{\"@id\":\"https:\/\/unipro.ee\/#website\"},\"primaryImageOfPage\":{\"@id\":\"https:\/\/unipro.ee\/fi\/terassit\/#primaryimage\"},\"datePublished\":\"2022-03-30T09:42:47+00:00\",\"dateModified\":\"2026-03-23T12:57:14+00:00\",\"breadcrumb\":{\"@id\":\"https:\/\/unipro.ee\/fi\/terassit\/#breadcrumb\"},\"inLanguage\":\"fi\",\"potentialAction\":[{\"@type\":\"ReadAction\",\"target\":[\"https:\/\/unipro.ee\/fi\/terassit\/\"]}]},{\"@type\":\"BreadcrumbList\",\"@id\":\"https:\/\/unipro.ee\/fi\/terassit\/#breadcrumb\",\"itemListElement\":[{\"@type\":\"ListItem\",\"position\":1,\"name\":\"\u0413\u043b\u0430\u0432\u043d\u0430\u044f \u0441\u0442\u0440\u0430\u043d\u0438\u0446\u0430\",\"item\":\"https:\/\/unipro.ee\/\"},{\"@type\":\"ListItem\",\"position\":2,\"name\":\"Terassit\"}]}]}<\/script>\n<!-- \/ Yoast SEO plugin. -->","yoast_head_json":{"title":"Terassit - Unipro","robots":{"index":"index","follow":"follow","max-snippet":"max-snippet:-1","max-image-preview":"max-image-preview:large","max-video-preview":"max-video-preview:-1"},"canonical":"https:\/\/unipro.ee\/fi\/terassit\/","og_locale":"fi_FI","og_type":"article","og_title":"Terassit - Unipro","og_description":"Terassit TERASSIT LASITUST\u00d6IDEN TERASSILAUTA L\u00e4het\u00e4 kysely","og_url":"https:\/\/unipro.ee\/fi\/terassit\/","og_site_name":"Unipro","article_modified_time":"2026-03-23T12:57:14+00:00","og_image":[{"url":"https:\/\/unipro.ee\/wp-content\/uploads\/elementor\/thumbs\/osteklenie-terras.jpeg-pm8mli88g72miwo5udlodt5tl8n8n90ksx98a4wblk.jpg"}],"twitter_card":"summary_large_image","twitter_misc":{"Arvioitu lukuaika":"1 minuutti"},"schema":{"@context":"https:\/\/schema.org","@graph":[{"@type":"WebSite","@id":"https:\/\/unipro.ee\/#website","url":"https:\/\/unipro.ee\/","name":"Unipro","description":"Unipro","potentialAction":[{"@type":"SearchAction","target":{"@type":"EntryPoint","urlTemplate":"https:\/\/unipro.ee\/?s={search_term_string}"},"query-input":"required name=search_term_string"}],"inLanguage":"fi"},{"@type":"ImageObject","@id":"https:\/\/unipro.ee\/fi\/terassit\/#primaryimage","inLanguage":"fi","url":"https:\/\/unipro.ee\/wp-content\/uploads\/elementor\/thumbs\/osteklenie-terras.jpeg-pm8mli88g72miwo5udlodt5tl8n8n90ksx98a4wblk.jpg","contentUrl":"https:\/\/unipro.ee\/wp-content\/uploads\/elementor\/thumbs\/osteklenie-terras.jpeg-pm8mli88g72miwo5udlodt5tl8n8n90ksx98a4wblk.jpg"},{"@type":"WebPage","@id":"https:\/\/unipro.ee\/fi\/terassit\/#webpage","url":"https:\/\/unipro.ee\/fi\/terassit\/","name":"Terassit - Unipro","isPartOf":{"@id":"https:\/\/unipro.ee\/#website"},"primaryImageOfPage":{"@id":"https:\/\/unipro.ee\/fi\/terassit\/#primaryimage"},"datePublished":"2022-03-30T09:42:47+00:00","dateModified":"2026-03-23T12:57:14+00:00","breadcrumb":{"@id":"https:\/\/unipro.ee\/fi\/terassit\/#breadcrumb"},"inLanguage":"fi","potentialAction":[{"@type":"ReadAction","target":["https:\/\/unipro.ee\/fi\/terassit\/"]}]},{"@type":"BreadcrumbList","@id":"https:\/\/unipro.ee\/fi\/terassit\/#breadcrumb","itemListElement":[{"@type":"ListItem","position":1,"name":"\u0413\u043b\u0430\u0432\u043d\u0430\u044f \u0441\u0442\u0440\u0430\u043d\u0438\u0446\u0430","item":"https:\/\/unipro.ee\/"},{"@type":"ListItem","position":2,"name":"Terassit"}]}]}},"_links":{"self":[{"href":"https:\/\/unipro.ee\/fi\/wp-json\/wp\/v2\/pages\/19870","targetHints":{"allow":["GET"]}}],"collection":[{"href":"https:\/\/unipro.ee\/fi\/wp-json\/wp\/v2\/pages"}],"about":[{"href":"https:\/\/unipro.ee\/fi\/wp-json\/wp\/v2\/types\/page"}],"author":[{"embeddable":true,"href":"https:\/\/unipro.ee\/fi\/wp-json\/wp\/v2\/users\/1"}],"replies":[{"embeddable":true,"href":"https:\/\/unipro.ee\/fi\/wp-json\/wp\/v2\/comments?post=19870"}],"version-history":[{"count":6,"href":"https:\/\/unipro.ee\/fi\/wp-json\/wp\/v2\/pages\/19870\/revisions"}],"predecessor-version":[{"id":30654,"href":"https:\/\/unipro.ee\/fi\/wp-json\/wp\/v2\/pages\/19870\/revisions\/30654"}],"wp:attachment":[{"href":"https:\/\/unipro.ee\/fi\/wp-json\/wp\/v2\/media?parent=19870"}],"curies":[{"name":"wp","href":"https:\/\/api.w.org\/{rel}","templated":true}]}}