{"id":19864,"date":"2022-03-30T09:40:46","date_gmt":"2022-03-30T09:40:46","guid":{"rendered":"https:\/\/unipro.ee\/?page_id=19864"},"modified":"2026-04-09T11:24:31","modified_gmt":"2026-04-09T11:24:31","slug":"materiaali","status":"publish","type":"page","link":"https:\/\/unipro.ee\/fi\/materiaali\/","title":{"rendered":"Materiaali"},"content":{"rendered":"\t\t<div data-elementor-type=\"wp-page\" data-elementor-id=\"19864\" class=\"elementor elementor-19864 elementor-19762\">\n\t\t\t\t\t\t<div class=\"elementor-inner\">\n\t\t\t\t<div class=\"elementor-section-wrap\">\n\t\t\t\t\t\t\t\t\t<section class=\"elementor-section elementor-top-section elementor-element elementor-element-25683edf elementor-section-boxed elementor-section-height-default elementor-section-height-default mkdf-parallax-row-no mkdf-content-aligment-left mkdf-elementor-row-grid-no mkdf-disabled-bg-image-bellow-no mkdf-row-btt-light\" data-id=\"25683edf\" data-element_type=\"section\">\n\t\t\t\t\t\t<div class=\"elementor-container elementor-column-gap-default\">\n\t\t\t\t\t\t\t<div class=\"elementor-row\">\n\t\t\t\t\t<div class=\"elementor-column elementor-col-100 elementor-top-column elementor-element elementor-element-14d73a9d\" data-id=\"14d73a9d\" data-element_type=\"column\">\n\t\t\t<div class=\"elementor-column-wrap elementor-element-populated\">\n\t\t\t\t\t\t\t<div class=\"elementor-widget-wrap\">\n\t\t\t\t\t\t<div class=\"elementor-element elementor-element-4b0c29f1 elementor-widget elementor-widget-spacer\" data-id=\"4b0c29f1\" data-element_type=\"widget\" data-widget_type=\"spacer.default\">\n\t\t\t\t<div class=\"elementor-widget-container\">\n\t\t\t\t\t<div class=\"elementor-spacer\">\n\t\t\t<div class=\"elementor-spacer-inner\"><\/div>\n\t\t<\/div>\n\t\t\t\t<\/div>\n\t\t\t\t<\/div>\n\t\t\t\t<div class=\"elementor-element elementor-element-3eb4f148 elementor-widget elementor-widget-heading\" data-id=\"3eb4f148\" data-element_type=\"widget\" data-widget_type=\"heading.default\">\n\t\t\t\t<div class=\"elementor-widget-container\">\n\t\t\t<h2 class=\"elementor-heading-title elementor-size-default\">Materiaali<\/h2>\t\t<\/div>\n\t\t\t\t<\/div>\n\t\t\t\t\t\t<\/div>\n\t\t\t\t\t<\/div>\n\t\t<\/div>\n\t\t\t\t\t\t\t\t<\/div>\n\t\t\t\t\t<\/div>\n\t\t<\/section>\n\t\t\t\t<section class=\"elementor-section elementor-top-section elementor-element elementor-element-3959249d mkdf-elementor-row-grid-section elementor-section-full_width elementor-section-height-default elementor-section-height-default mkdf-parallax-row-no mkdf-content-aligment-left mkdf-disabled-bg-image-bellow-no mkdf-row-btt-light\" data-id=\"3959249d\" data-element_type=\"section\">\n\t\t\t\t\t\t<div class=\"elementor-container elementor-column-gap-wide\">\n\t\t\t\t\t\t\t<div class=\"elementor-row\">\n\t\t\t\t\t<div class=\"elementor-column elementor-col-20 elementor-top-column elementor-element elementor-element-7c03b6f6\" data-id=\"7c03b6f6\" data-element_type=\"column\">\n\t\t\t<div class=\"elementor-column-wrap elementor-element-populated\">\n\t\t\t\t\t\t\t<div class=\"elementor-widget-wrap\">\n\t\t\t\t\t\t<div class=\"elementor-element elementor-element-a9a987e elementor-position-top elementor-vertical-align-top elementor-widget elementor-widget-image-box\" data-id=\"a9a987e\" data-element_type=\"widget\" data-widget_type=\"image-box.default\">\n\t\t\t\t<div class=\"elementor-widget-container\">\n\t\t\t<div class=\"elementor-image-box-wrapper\"><figure class=\"elementor-image-box-img\"><a href=\"https:\/\/unipro.ee\/fi\/teenused\/seinapaneelid\/\"><img decoding=\"async\" src=\"https:\/\/unipro.ee\/wp-content\/uploads\/elementor\/thumbs\/Gorodunipro-p2zpvhni4l25sgbmm3vtr0cghnpm2yi080p6zjasoo.jpg\" title=\"Gorodunipro\" alt=\"Gorodunipro\" \/><\/a><\/figure><div class=\"elementor-image-box-content\"><h2 class=\"elementor-image-box-title\"><a href=\"https:\/\/unipro.ee\/fi\/teenused\/seinapaneelid\/\">SEIN\u00c4PANEELIT<\/a><\/h2><\/div><\/div>\t\t<\/div>\n\t\t\t\t<\/div>\n\t\t\t\t\t\t<\/div>\n\t\t\t\t\t<\/div>\n\t\t<\/div>\n\t\t\t\t<div class=\"elementor-column elementor-col-20 elementor-top-column elementor-element elementor-element-42acacbe\" data-id=\"42acacbe\" data-element_type=\"column\">\n\t\t\t<div class=\"elementor-column-wrap\">\n\t\t\t\t\t\t\t<div class=\"elementor-widget-wrap\">\n\t\t\t\t\t\t\t\t<\/div>\n\t\t\t\t\t<\/div>\n\t\t<\/div>\n\t\t\t\t<div class=\"elementor-column elementor-col-20 elementor-top-column elementor-element elementor-element-2e56f25a\" data-id=\"2e56f25a\" data-element_type=\"column\">\n\t\t\t<div class=\"elementor-column-wrap elementor-element-populated\">\n\t\t\t\t\t\t\t<div class=\"elementor-widget-wrap\">\n\t\t\t\t\t\t<div class=\"elementor-element elementor-element-62437d92 elementor-hidden-desktop elementor-hidden-tablet elementor-hidden-mobile elementor-position-top elementor-vertical-align-top elementor-widget elementor-widget-image-box\" data-id=\"62437d92\" data-element_type=\"widget\" data-widget_type=\"image-box.default\">\n\t\t\t\t<div class=\"elementor-widget-container\">\n\t\t\t<div class=\"elementor-image-box-wrapper\"><figure class=\"elementor-image-box-img\"><a href=\"https:\/\/unipro.ee\/fi\/aidan-pinnoitus-on-paras-tapa-suojata-aidan-vauriolta\/\"><img decoding=\"async\" src=\"https:\/\/unipro.ee\/wp-content\/uploads\/elementor\/thumbs\/panel_mur-pliha7cwnfwszhv8vwl1wnhuekud85ry2cnyyrxry0.jpg\" title=\"panel_mur\" alt=\"panel_mur\" \/><\/a><\/figure><div class=\"elementor-image-box-content\"><h2 class=\"elementor-image-box-title\"><a href=\"https:\/\/unipro.ee\/fi\/aidan-pinnoitus-on-paras-tapa-suojata-aidan-vauriolta\/\">AIDAN PINNOITUS ON PARAS TAPA SUOJATA AIDAN VAURIOLTA<\/a><\/h2><\/div><\/div>\t\t<\/div>\n\t\t\t\t<\/div>\n\t\t\t\t\t\t<\/div>\n\t\t\t\t\t<\/div>\n\t\t<\/div>\n\t\t\t\t<div class=\"elementor-column elementor-col-20 elementor-top-column elementor-element elementor-element-6e2e0297\" data-id=\"6e2e0297\" data-element_type=\"column\">\n\t\t\t<div class=\"elementor-column-wrap\">\n\t\t\t\t\t\t\t<div class=\"elementor-widget-wrap\">\n\t\t\t\t\t\t\t\t<\/div>\n\t\t\t\t\t<\/div>\n\t\t<\/div>\n\t\t\t\t<div class=\"elementor-column elementor-col-20 elementor-top-column elementor-element elementor-element-64378c81\" data-id=\"64378c81\" data-element_type=\"column\">\n\t\t\t<div class=\"elementor-column-wrap\">\n\t\t\t\t\t\t\t<div class=\"elementor-widget-wrap\">\n\t\t\t\t\t\t\t\t<\/div>\n\t\t\t\t\t<\/div>\n\t\t<\/div>\n\t\t\t\t\t\t\t\t<\/div>\n\t\t\t\t\t<\/div>\n\t\t<\/section>\n\t\t\t\t<section class=\"elementor-section elementor-top-section elementor-element elementor-element-41378393 elementor-section-boxed elementor-section-height-default elementor-section-height-default mkdf-parallax-row-no mkdf-content-aligment-left mkdf-elementor-row-grid-no mkdf-disabled-bg-image-bellow-no mkdf-row-btt-light\" data-id=\"41378393\" data-element_type=\"section\" data-settings=\"{&quot;background_background&quot;:&quot;classic&quot;}\">\n\t\t\t\t\t\t<div class=\"elementor-container elementor-column-gap-wide\">\n\t\t\t\t\t\t\t<div class=\"elementor-row\">\n\t\t\t\t\t<div class=\"elementor-column elementor-col-100 elementor-top-column elementor-element elementor-element-34878335\" data-id=\"34878335\" data-element_type=\"column\">\n\t\t\t<div class=\"elementor-column-wrap elementor-element-populated\">\n\t\t\t\t\t\t\t<div class=\"elementor-widget-wrap\">\n\t\t\t\t\t\t<div class=\"elementor-element elementor-element-7d3de3b5 elementor-widget elementor-widget-text-editor\" data-id=\"7d3de3b5\" data-element_type=\"widget\" data-widget_type=\"text-editor.default\">\n\t\t\t\t<div class=\"elementor-widget-container\">\n\t\t\t\t\t\t\t\t<div class=\"elementor-text-editor elementor-clearfix\">\n\t\t\t\t<h2><span style=\"color: #ffffff;\">L\u00e4het\u00e4 kysely<\/span><\/h2>\t\t\t\t\t<\/div>\n\t\t\t\t\t\t<\/div>\n\t\t\t\t<\/div>\n\t\t\t\t<div class=\"elementor-element elementor-element-3da0b33c elementor-button-align-stretch elementor-widget elementor-widget-form\" data-id=\"3da0b33c\" data-element_type=\"widget\" data-settings=\"{&quot;button_width&quot;:&quot;20&quot;,&quot;step_next_label&quot;:&quot;Next&quot;,&quot;step_previous_label&quot;:&quot;Previous&quot;,&quot;step_type&quot;:&quot;number_text&quot;,&quot;step_icon_shape&quot;:&quot;circle&quot;}\" data-widget_type=\"form.default\">\n\t\t\t\t<div class=\"elementor-widget-container\">\n\t\t\t\t\t<form class=\"elementor-form\" method=\"post\" name=\"New Form\">\n\t\t\t<input type=\"hidden\" name=\"post_id\" value=\"19864\"\/>\n\t\t\t<input type=\"hidden\" name=\"form_id\" value=\"3da0b33c\"\/>\n\t\t\t<input type=\"hidden\" name=\"referer_title\" value=\"Unipro\" \/>\n\n\t\t\t\n\t\t\t<div class=\"elementor-form-fields-wrapper elementor-labels-above\">\n\t\t\t\t\t\t\t\t<div class=\"elementor-field-type-email elementor-field-group elementor-column elementor-field-group-email elementor-col-20 elementor-field-required\">\n\t\t\t\t\t\t\t\t\t\t\t\t\t<input size=\"1\" type=\"email\" name=\"form_fields[email]\" id=\"form-field-email\" class=\"elementor-field elementor-size-md  elementor-field-textual\" placeholder=\"S\u00e4hk\u00f6posti\" required=\"required\" aria-required=\"true\">\n\t\t\t\t\t\t\t\t\t\t\t<\/div>\n\t\t\t\t\t\t\t\t<div class=\"elementor-field-type-text elementor-field-group elementor-column elementor-field-group-message elementor-col-33 elementor-field-required\">\n\t\t\t\t\t\t\t\t\t\t\t\t\t<input size=\"1\" type=\"text\" name=\"form_fields[message]\" id=\"form-field-message\" class=\"elementor-field elementor-size-md  elementor-field-textual\" placeholder=\"Viesti\" required=\"required\" aria-required=\"true\">\n\t\t\t\t\t\t\t\t\t\t\t<\/div>\n\t\t\t\t\t\t\t\t<div class=\"elementor-field-type-tel elementor-field-group elementor-column elementor-field-group-name elementor-col-20\">\n\t\t\t\t\t\t\t<input size=\"1\" type=\"tel\" name=\"form_fields[name]\" id=\"form-field-name\" class=\"elementor-field elementor-size-md  elementor-field-textual\" placeholder=\"PUHELIN\" pattern=\"[0-9()#&amp;+*-=.]+\" title=\"Only numbers and phone characters (#, -, *, etc) are accepted.\">\n\n\t\t\t\t\t\t<\/div>\n\t\t\t\t\t\t\t\t<div class=\"elementor-field-group elementor-column elementor-field-type-submit elementor-col-20 e-form__buttons\">\n\t\t\t\t\t<button type=\"submit\" class=\"elementor-button elementor-size-md\">\n\t\t\t\t\t\t<span >\n\t\t\t\t\t\t\t\t\t\t\t\t\t\t\t<span class=\" elementor-button-icon\">\n\t\t\t\t\t\t\t\t\t\t\t\t\t\t\t\t\t\t\t\t\t\t\t\t\t\t<\/span>\n\t\t\t\t\t\t\t\t\t\t\t\t\t\t\t\t\t\t\t\t\t\t<span class=\"elementor-button-text\">L\u00c4HETT\u00c4\u00c4<\/span>\n\t\t\t\t\t\t\t\t\t\t\t\t\t<\/span>\n\t\t\t\t\t<\/button>\n\t\t\t\t<\/div>\n\t\t\t<\/div>\n\t\t<\/form>\n\t\t\t\t<\/div>\n\t\t\t\t<\/div>\n\t\t\t\t\t\t<\/div>\n\t\t\t\t\t<\/div>\n\t\t<\/div>\n\t\t\t\t\t\t\t\t<\/div>\n\t\t\t\t\t<\/div>\n\t\t<\/section>\n\t\t\t\t\t\t\t\t\t<\/div>\n\t\t\t<\/div>\n\t\t\t\t\t<\/div>\n\t\t","protected":false},"excerpt":{"rendered":"<p>Materiaali SEIN\u00c4PANEELIT AIDAN PINNOITUS ON PARAS TAPA SUOJATA AIDAN VAURIOLTA L\u00e4het\u00e4 kysely<\/p>\n","protected":false},"author":1,"featured_media":0,"parent":0,"menu_order":0,"comment_status":"closed","ping_status":"closed","template":"elementor_header_footer","meta":{"footnotes":""},"class_list":["post-19864","page","type-page","status-publish","hentry"],"yoast_head":"<!-- This site is optimized with the Yoast SEO plugin v18.4.1 - https:\/\/yoast.com\/wordpress\/plugins\/seo\/ -->\n<title>Materiaali - Unipro<\/title>\n<meta name=\"robots\" content=\"index, follow, max-snippet:-1, max-image-preview:large, max-video-preview:-1\" \/>\n<link rel=\"canonical\" href=\"https:\/\/unipro.ee\/ru\/\u043c\u0430\u0442\u0435\u0440\u0438\u0430\u043b\u044b\/\" \/>\n<meta property=\"og:locale\" content=\"fi_FI\" \/>\n<meta property=\"og:type\" content=\"article\" \/>\n<meta property=\"og:title\" content=\"Materiaali - Unipro\" \/>\n<meta property=\"og:description\" content=\"Materiaali SEIN\u00c4PANEELIT AIDAN PINNOITUS ON PARAS TAPA SUOJATA AIDAN VAURIOLTA L\u00e4het\u00e4 kysely\" \/>\n<meta property=\"og:url\" content=\"https:\/\/unipro.ee\/ru\/\u043c\u0430\u0442\u0435\u0440\u0438\u0430\u043b\u044b\/\" \/>\n<meta property=\"og:site_name\" content=\"Unipro\" \/>\n<meta property=\"article:modified_time\" content=\"2026-04-09T11:24:31+00:00\" \/>\n<meta property=\"og:image\" content=\"https:\/\/unipro.ee\/wp-content\/uploads\/elementor\/thumbs\/Gorodunipro-p2zpvhni4l25sgbmm3vtr0cghnpm2yi080p6zjasoo.jpg\" \/>\n<meta name=\"twitter:card\" content=\"summary_large_image\" \/>\n<meta name=\"twitter:label1\" content=\"Arvioitu lukuaika\" \/>\n\t<meta name=\"twitter:data1\" content=\"1 minuutti\" \/>\n<script type=\"application\/ld+json\" class=\"yoast-schema-graph\">{\"@context\":\"https:\/\/schema.org\",\"@graph\":[{\"@type\":\"WebSite\",\"@id\":\"https:\/\/unipro.ee\/#website\",\"url\":\"https:\/\/unipro.ee\/\",\"name\":\"Unipro\",\"description\":\"Unipro\",\"potentialAction\":[{\"@type\":\"SearchAction\",\"target\":{\"@type\":\"EntryPoint\",\"urlTemplate\":\"https:\/\/unipro.ee\/?s={search_term_string}\"},\"query-input\":\"required name=search_term_string\"}],\"inLanguage\":\"fi\"},{\"@type\":\"ImageObject\",\"@id\":\"https:\/\/unipro.ee\/ru\/%d0%bc%d0%b0%d1%82%d0%b5%d1%80%d0%b8%d0%b0%d0%bb%d1%8b\/#primaryimage\",\"inLanguage\":\"fi\",\"url\":\"https:\/\/unipro.ee\/wp-content\/uploads\/elementor\/thumbs\/Gorodunipro-p2zpvhni4l25sgbmm3vtr0cghnpm2yi080p6zjasoo.jpg\",\"contentUrl\":\"https:\/\/unipro.ee\/wp-content\/uploads\/elementor\/thumbs\/Gorodunipro-p2zpvhni4l25sgbmm3vtr0cghnpm2yi080p6zjasoo.jpg\"},{\"@type\":\"WebPage\",\"@id\":\"https:\/\/unipro.ee\/ru\/%d0%bc%d0%b0%d1%82%d0%b5%d1%80%d0%b8%d0%b0%d0%bb%d1%8b\/#webpage\",\"url\":\"https:\/\/unipro.ee\/ru\/%d0%bc%d0%b0%d1%82%d0%b5%d1%80%d0%b8%d0%b0%d0%bb%d1%8b\/\",\"name\":\"Materiaali - Unipro\",\"isPartOf\":{\"@id\":\"https:\/\/unipro.ee\/#website\"},\"primaryImageOfPage\":{\"@id\":\"https:\/\/unipro.ee\/ru\/%d0%bc%d0%b0%d1%82%d0%b5%d1%80%d0%b8%d0%b0%d0%bb%d1%8b\/#primaryimage\"},\"datePublished\":\"2022-03-30T09:40:46+00:00\",\"dateModified\":\"2026-04-09T11:24:31+00:00\",\"breadcrumb\":{\"@id\":\"https:\/\/unipro.ee\/ru\/%d0%bc%d0%b0%d1%82%d0%b5%d1%80%d0%b8%d0%b0%d0%bb%d1%8b\/#breadcrumb\"},\"inLanguage\":\"fi\",\"potentialAction\":[{\"@type\":\"ReadAction\",\"target\":[\"https:\/\/unipro.ee\/ru\/%d0%bc%d0%b0%d1%82%d0%b5%d1%80%d0%b8%d0%b0%d0%bb%d1%8b\/\"]}]},{\"@type\":\"BreadcrumbList\",\"@id\":\"https:\/\/unipro.ee\/ru\/%d0%bc%d0%b0%d1%82%d0%b5%d1%80%d0%b8%d0%b0%d0%bb%d1%8b\/#breadcrumb\",\"itemListElement\":[{\"@type\":\"ListItem\",\"position\":1,\"name\":\"\u0413\u043b\u0430\u0432\u043d\u0430\u044f \u0441\u0442\u0440\u0430\u043d\u0438\u0446\u0430\",\"item\":\"https:\/\/unipro.ee\/\"},{\"@type\":\"ListItem\",\"position\":2,\"name\":\"Materiaali\"}]}]}<\/script>\n<!-- \/ Yoast SEO plugin. -->","yoast_head_json":{"title":"Materiaali - Unipro","robots":{"index":"index","follow":"follow","max-snippet":"max-snippet:-1","max-image-preview":"max-image-preview:large","max-video-preview":"max-video-preview:-1"},"canonical":"https:\/\/unipro.ee\/ru\/\u043c\u0430\u0442\u0435\u0440\u0438\u0430\u043b\u044b\/","og_locale":"fi_FI","og_type":"article","og_title":"Materiaali - Unipro","og_description":"Materiaali SEIN\u00c4PANEELIT AIDAN PINNOITUS ON PARAS TAPA SUOJATA AIDAN VAURIOLTA L\u00e4het\u00e4 kysely","og_url":"https:\/\/unipro.ee\/ru\/\u043c\u0430\u0442\u0435\u0440\u0438\u0430\u043b\u044b\/","og_site_name":"Unipro","article_modified_time":"2026-04-09T11:24:31+00:00","og_image":[{"url":"https:\/\/unipro.ee\/wp-content\/uploads\/elementor\/thumbs\/Gorodunipro-p2zpvhni4l25sgbmm3vtr0cghnpm2yi080p6zjasoo.jpg"}],"twitter_card":"summary_large_image","twitter_misc":{"Arvioitu lukuaika":"1 minuutti"},"schema":{"@context":"https:\/\/schema.org","@graph":[{"@type":"WebSite","@id":"https:\/\/unipro.ee\/#website","url":"https:\/\/unipro.ee\/","name":"Unipro","description":"Unipro","potentialAction":[{"@type":"SearchAction","target":{"@type":"EntryPoint","urlTemplate":"https:\/\/unipro.ee\/?s={search_term_string}"},"query-input":"required name=search_term_string"}],"inLanguage":"fi"},{"@type":"ImageObject","@id":"https:\/\/unipro.ee\/ru\/%d0%bc%d0%b0%d1%82%d0%b5%d1%80%d0%b8%d0%b0%d0%bb%d1%8b\/#primaryimage","inLanguage":"fi","url":"https:\/\/unipro.ee\/wp-content\/uploads\/elementor\/thumbs\/Gorodunipro-p2zpvhni4l25sgbmm3vtr0cghnpm2yi080p6zjasoo.jpg","contentUrl":"https:\/\/unipro.ee\/wp-content\/uploads\/elementor\/thumbs\/Gorodunipro-p2zpvhni4l25sgbmm3vtr0cghnpm2yi080p6zjasoo.jpg"},{"@type":"WebPage","@id":"https:\/\/unipro.ee\/ru\/%d0%bc%d0%b0%d1%82%d0%b5%d1%80%d0%b8%d0%b0%d0%bb%d1%8b\/#webpage","url":"https:\/\/unipro.ee\/ru\/%d0%bc%d0%b0%d1%82%d0%b5%d1%80%d0%b8%d0%b0%d0%bb%d1%8b\/","name":"Materiaali - Unipro","isPartOf":{"@id":"https:\/\/unipro.ee\/#website"},"primaryImageOfPage":{"@id":"https:\/\/unipro.ee\/ru\/%d0%bc%d0%b0%d1%82%d0%b5%d1%80%d0%b8%d0%b0%d0%bb%d1%8b\/#primaryimage"},"datePublished":"2022-03-30T09:40:46+00:00","dateModified":"2026-04-09T11:24:31+00:00","breadcrumb":{"@id":"https:\/\/unipro.ee\/ru\/%d0%bc%d0%b0%d1%82%d0%b5%d1%80%d0%b8%d0%b0%d0%bb%d1%8b\/#breadcrumb"},"inLanguage":"fi","potentialAction":[{"@type":"ReadAction","target":["https:\/\/unipro.ee\/ru\/%d0%bc%d0%b0%d1%82%d0%b5%d1%80%d0%b8%d0%b0%d0%bb%d1%8b\/"]}]},{"@type":"BreadcrumbList","@id":"https:\/\/unipro.ee\/ru\/%d0%bc%d0%b0%d1%82%d0%b5%d1%80%d0%b8%d0%b0%d0%bb%d1%8b\/#breadcrumb","itemListElement":[{"@type":"ListItem","position":1,"name":"\u0413\u043b\u0430\u0432\u043d\u0430\u044f \u0441\u0442\u0440\u0430\u043d\u0438\u0446\u0430","item":"https:\/\/unipro.ee\/"},{"@type":"ListItem","position":2,"name":"Materiaali"}]}]}},"_links":{"self":[{"href":"https:\/\/unipro.ee\/fi\/wp-json\/wp\/v2\/pages\/19864","targetHints":{"allow":["GET"]}}],"collection":[{"href":"https:\/\/unipro.ee\/fi\/wp-json\/wp\/v2\/pages"}],"about":[{"href":"https:\/\/unipro.ee\/fi\/wp-json\/wp\/v2\/types\/page"}],"author":[{"embeddable":true,"href":"https:\/\/unipro.ee\/fi\/wp-json\/wp\/v2\/users\/1"}],"replies":[{"embeddable":true,"href":"https:\/\/unipro.ee\/fi\/wp-json\/wp\/v2\/comments?post=19864"}],"version-history":[{"count":6,"href":"https:\/\/unipro.ee\/fi\/wp-json\/wp\/v2\/pages\/19864\/revisions"}],"predecessor-version":[{"id":30792,"href":"https:\/\/unipro.ee\/fi\/wp-json\/wp\/v2\/pages\/19864\/revisions\/30792"}],"wp:attachment":[{"href":"https:\/\/unipro.ee\/fi\/wp-json\/wp\/v2\/media?parent=19864"}],"curies":[{"name":"wp","href":"https:\/\/api.w.org\/{rel}","templated":true}]}}