{"id":19850,"date":"2022-03-30T09:31:58","date_gmt":"2022-03-30T09:31:58","guid":{"rendered":"https:\/\/unipro.ee\/?page_id=19850"},"modified":"2023-04-13T11:14:42","modified_gmt":"2023-04-13T11:14:42","slug":"liukuovi","status":"publish","type":"page","link":"https:\/\/unipro.ee\/fi\/liukuovi\/","title":{"rendered":"Liukuovi"},"content":{"rendered":"\t\t<div data-elementor-type=\"wp-page\" data-elementor-id=\"19850\" class=\"elementor elementor-19850 elementor-19749\">\n\t\t\t\t\t\t<div class=\"elementor-inner\">\n\t\t\t\t<div class=\"elementor-section-wrap\">\n\t\t\t\t\t\t\t\t\t<section class=\"elementor-section elementor-top-section elementor-element elementor-element-6d60f2db elementor-section-boxed elementor-section-height-default elementor-section-height-default mkdf-parallax-row-no mkdf-content-aligment-left mkdf-elementor-row-grid-no mkdf-disabled-bg-image-bellow-no mkdf-row-btt-light\" data-id=\"6d60f2db\" data-element_type=\"section\">\n\t\t\t\t\t\t<div class=\"elementor-container elementor-column-gap-default\">\n\t\t\t\t\t\t\t<div class=\"elementor-row\">\n\t\t\t\t\t<div class=\"elementor-column elementor-col-100 elementor-top-column elementor-element elementor-element-4df72718\" data-id=\"4df72718\" data-element_type=\"column\">\n\t\t\t<div class=\"elementor-column-wrap elementor-element-populated\">\n\t\t\t\t\t\t\t<div class=\"elementor-widget-wrap\">\n\t\t\t\t\t\t<div class=\"elementor-element elementor-element-48ab8eb9 elementor-widget elementor-widget-spacer\" data-id=\"48ab8eb9\" data-element_type=\"widget\" data-widget_type=\"spacer.default\">\n\t\t\t\t<div class=\"elementor-widget-container\">\n\t\t\t\t\t<div class=\"elementor-spacer\">\n\t\t\t<div class=\"elementor-spacer-inner\"><\/div>\n\t\t<\/div>\n\t\t\t\t<\/div>\n\t\t\t\t<\/div>\n\t\t\t\t<div class=\"elementor-element elementor-element-67715bc5 elementor-widget elementor-widget-heading\" data-id=\"67715bc5\" data-element_type=\"widget\" data-widget_type=\"heading.default\">\n\t\t\t\t<div class=\"elementor-widget-container\">\n\t\t\t<h2 class=\"elementor-heading-title elementor-size-default\">Liukuovi<\/h2>\t\t<\/div>\n\t\t\t\t<\/div>\n\t\t\t\t\t\t<\/div>\n\t\t\t\t\t<\/div>\n\t\t<\/div>\n\t\t\t\t\t\t\t\t<\/div>\n\t\t\t\t\t<\/div>\n\t\t<\/section>\n\t\t\t\t<section class=\"elementor-section elementor-top-section elementor-element elementor-element-526e00fd mkdf-elementor-row-grid-section elementor-section-full_width elementor-section-height-default elementor-section-height-default mkdf-parallax-row-no mkdf-content-aligment-left mkdf-disabled-bg-image-bellow-no mkdf-row-btt-light\" data-id=\"526e00fd\" data-element_type=\"section\">\n\t\t\t\t\t\t<div class=\"elementor-container elementor-column-gap-wide\">\n\t\t\t\t\t\t\t<div class=\"elementor-row\">\n\t\t\t\t\t<div class=\"elementor-column elementor-col-20 elementor-top-column elementor-element elementor-element-11d9bc8c\" data-id=\"11d9bc8c\" data-element_type=\"column\">\n\t\t\t<div class=\"elementor-column-wrap elementor-element-populated\">\n\t\t\t\t\t\t\t<div class=\"elementor-widget-wrap\">\n\t\t\t\t\t\t<div class=\"elementor-element elementor-element-6b47f96b elementor-position-top elementor-vertical-align-top elementor-widget elementor-widget-image-box\" data-id=\"6b47f96b\" data-element_type=\"widget\" data-widget_type=\"image-box.default\">\n\t\t\t\t<div class=\"elementor-widget-container\">\n\t\t\t<div class=\"elementor-image-box-wrapper\"><figure class=\"elementor-image-box-img\"><a href=\"https:\/\/unipro.ee\/fi\/muovisten-liukuovien-asennus\/\"><img decoding=\"async\" src=\"https:\/\/unipro.ee\/wp-content\/uploads\/elementor\/thumbs\/plast-razd-dveri-pma6lhkwdcst72cexap3ml0vqq4khbboz3w9hls4hk.jpeg\" title=\"plast-razd-dveri\" alt=\"plast-razd-dveri\" \/><\/a><\/figure><div class=\"elementor-image-box-content\"><h2 class=\"elementor-image-box-title\"><a href=\"https:\/\/unipro.ee\/fi\/muovisten-liukuovien-asennus\/\">MUOVISTEN LIUKUOVIEN ASENNUS<\/a><\/h2><\/div><\/div>\t\t<\/div>\n\t\t\t\t<\/div>\n\t\t\t\t\t\t<\/div>\n\t\t\t\t\t<\/div>\n\t\t<\/div>\n\t\t\t\t<div class=\"elementor-column elementor-col-20 elementor-top-column elementor-element elementor-element-63ffd45f elementor-hidden-desktop elementor-hidden-tablet elementor-hidden-mobile\" data-id=\"63ffd45f\" data-element_type=\"column\">\n\t\t\t<div class=\"elementor-column-wrap elementor-element-populated\">\n\t\t\t\t\t\t\t<div class=\"elementor-widget-wrap\">\n\t\t\t\t\t\t<div class=\"elementor-element elementor-element-9d571a3 elementor-position-top elementor-vertical-align-top elementor-widget elementor-widget-image-box\" data-id=\"9d571a3\" data-element_type=\"widget\" data-widget_type=\"image-box.default\">\n\t\t\t\t<div class=\"elementor-widget-container\">\n\t\t\t<div class=\"elementor-image-box-wrapper\"><figure class=\"elementor-image-box-img\"><a href=\"https:\/\/unipro.ee\/fi\/lampimat-alumiiniset-liukuovet-ergonominen-ja-tyylikas-ratkaisu\/\"><img decoding=\"async\" src=\"https:\/\/unipro.ee\/wp-content\/uploads\/elementor\/thumbs\/_\u0442\u0435\u043f\u043b\u044b\u0435_\u0440\u0430\u0437\u0434\u0432\u0438\u0436\u043d\u044b\u0435_\u0434\u0432\u0435\u0440\u0438-plihwg7eead3r9jyzir6x1ekiv73ea394ghnuiycoo.jpeg\" title=\"\u0430\u043b\u044e\u043c\u0438\u043d\u0435\u0432\u044b\u0435_\u0442\u0435\u043f\u043b\u044b\u0435_\u0440\u0430\u0437\u0434\u0432\u0438\u0436\u043d\u044b\u0435_\u0434\u0432\u0435\u0440\u0438\" alt=\"\u0430\u043b\u044e\u043c\u0438\u043d\u0435\u0432\u044b\u0435_\u0442\u0435\u043f\u043b\u044b\u0435_\u0440\u0430\u0437\u0434\u0432\u0438\u0436\u043d\u044b\u0435_\u0434\u0432\u0435\u0440\u0438\" \/><\/a><\/figure><div class=\"elementor-image-box-content\"><h2 class=\"elementor-image-box-title\"><a href=\"https:\/\/unipro.ee\/fi\/lampimat-alumiiniset-liukuovet-ergonominen-ja-tyylikas-ratkaisu\/\">L\u00c4MPIM\u00c4T ALUMIINISET LIUKUOVET<\/a><\/h2><\/div><\/div>\t\t<\/div>\n\t\t\t\t<\/div>\n\t\t\t\t\t\t<\/div>\n\t\t\t\t\t<\/div>\n\t\t<\/div>\n\t\t\t\t<div class=\"elementor-column elementor-col-20 elementor-top-column elementor-element elementor-element-c1f33a8 elementor-hidden-desktop elementor-hidden-tablet elementor-hidden-mobile\" data-id=\"c1f33a8\" data-element_type=\"column\">\n\t\t\t<div class=\"elementor-column-wrap elementor-element-populated\">\n\t\t\t\t\t\t\t<div class=\"elementor-widget-wrap\">\n\t\t\t\t\t\t<div class=\"elementor-element elementor-element-733252ba elementor-position-top elementor-vertical-align-top elementor-widget elementor-widget-image-box\" data-id=\"733252ba\" data-element_type=\"widget\" data-widget_type=\"image-box.default\">\n\t\t\t\t<div class=\"elementor-widget-container\">\n\t\t\t<div class=\"elementor-image-box-wrapper\"><figure class=\"elementor-image-box-img\"><a href=\"https:\/\/unipro.ee\/fi\/kylmien-alumiinisten-liukuovien-asennus\/\"><img decoding=\"async\" src=\"https:\/\/unipro.ee\/wp-content\/uploads\/elementor\/thumbs\/_\u0445\u043e\u043b\u043e\u0434\u043d\u044b\u0435_\u0440\u0430\u0437\u0434\u0432\u0438\u0436\u043d\u044b\u0435_\u0434\u0432\u0435\u0440\u0438-plihxq9hp645k5p2iknwt7s5mqw2vg63msggd3227s.jpeg\" title=\"\u0430\u043b\u044e\u043c\u0438\u043d\u0435\u0432\u044b\u0435_\u0445\u043e\u043b\u043e\u0434\u043d\u044b\u0435_\u0440\u0430\u0437\u0434\u0432\u0438\u0436\u043d\u044b\u0435_\u0434\u0432\u0435\u0440\u0438\" alt=\"\u0430\u043b\u044e\u043c\u0438\u043d\u0435\u0432\u044b\u0435_\u0445\u043e\u043b\u043e\u0434\u043d\u044b\u0435_\u0440\u0430\u0437\u0434\u0432\u0438\u0436\u043d\u044b\u0435_\u0434\u0432\u0435\u0440\u0438\" \/><\/a><\/figure><div class=\"elementor-image-box-content\"><h2 class=\"elementor-image-box-title\"><a href=\"https:\/\/unipro.ee\/fi\/kylmien-alumiinisten-liukuovien-asennus\/\">KYLMIEN ALUMIINISTEN LIUKUOVIEN ASENNUS<\/a><\/h2><\/div><\/div>\t\t<\/div>\n\t\t\t\t<\/div>\n\t\t\t\t\t\t<\/div>\n\t\t\t\t\t<\/div>\n\t\t<\/div>\n\t\t\t\t<div class=\"elementor-column elementor-col-20 elementor-top-column elementor-element elementor-element-43217bda\" data-id=\"43217bda\" data-element_type=\"column\">\n\t\t\t<div class=\"elementor-column-wrap\">\n\t\t\t\t\t\t\t<div class=\"elementor-widget-wrap\">\n\t\t\t\t\t\t\t\t<\/div>\n\t\t\t\t\t<\/div>\n\t\t<\/div>\n\t\t\t\t<div class=\"elementor-column elementor-col-20 elementor-top-column elementor-element elementor-element-55725514\" data-id=\"55725514\" data-element_type=\"column\">\n\t\t\t<div class=\"elementor-column-wrap\">\n\t\t\t\t\t\t\t<div class=\"elementor-widget-wrap\">\n\t\t\t\t\t\t\t\t<\/div>\n\t\t\t\t\t<\/div>\n\t\t<\/div>\n\t\t\t\t\t\t\t\t<\/div>\n\t\t\t\t\t<\/div>\n\t\t<\/section>\n\t\t\t\t<section class=\"elementor-section elementor-top-section elementor-element elementor-element-1c35f0eb elementor-section-boxed elementor-section-height-default elementor-section-height-default mkdf-parallax-row-no mkdf-content-aligment-left mkdf-elementor-row-grid-no mkdf-disabled-bg-image-bellow-no mkdf-row-btt-light\" data-id=\"1c35f0eb\" data-element_type=\"section\" data-settings=\"{&quot;background_background&quot;:&quot;classic&quot;}\">\n\t\t\t\t\t\t<div class=\"elementor-container elementor-column-gap-wide\">\n\t\t\t\t\t\t\t<div class=\"elementor-row\">\n\t\t\t\t\t<div class=\"elementor-column elementor-col-100 elementor-top-column elementor-element elementor-element-4ee7dd6a\" data-id=\"4ee7dd6a\" data-element_type=\"column\">\n\t\t\t<div class=\"elementor-column-wrap elementor-element-populated\">\n\t\t\t\t\t\t\t<div class=\"elementor-widget-wrap\">\n\t\t\t\t\t\t<div class=\"elementor-element elementor-element-bd80c57 elementor-widget elementor-widget-text-editor\" data-id=\"bd80c57\" data-element_type=\"widget\" data-widget_type=\"text-editor.default\">\n\t\t\t\t<div class=\"elementor-widget-container\">\n\t\t\t\t\t\t\t\t<div class=\"elementor-text-editor elementor-clearfix\">\n\t\t\t\t<h2><span style=\"color: #ffffff;\">L\u00e4het\u00e4 kysely<\/span><\/h2>\t\t\t\t\t<\/div>\n\t\t\t\t\t\t<\/div>\n\t\t\t\t<\/div>\n\t\t\t\t<div class=\"elementor-element elementor-element-17a4fe8 elementor-button-align-stretch elementor-widget elementor-widget-form\" data-id=\"17a4fe8\" data-element_type=\"widget\" data-settings=\"{&quot;button_width&quot;:&quot;20&quot;,&quot;step_next_label&quot;:&quot;Next&quot;,&quot;step_previous_label&quot;:&quot;Previous&quot;,&quot;step_type&quot;:&quot;number_text&quot;,&quot;step_icon_shape&quot;:&quot;circle&quot;}\" data-widget_type=\"form.default\">\n\t\t\t\t<div class=\"elementor-widget-container\">\n\t\t\t\t\t<form class=\"elementor-form\" method=\"post\" name=\"New Form\">\n\t\t\t<input type=\"hidden\" name=\"post_id\" value=\"19850\"\/>\n\t\t\t<input type=\"hidden\" name=\"form_id\" value=\"17a4fe8\"\/>\n\t\t\t<input type=\"hidden\" name=\"referer_title\" value=\"Unipro\" \/>\n\n\t\t\t\n\t\t\t<div class=\"elementor-form-fields-wrapper elementor-labels-above\">\n\t\t\t\t\t\t\t\t<div class=\"elementor-field-type-email elementor-field-group elementor-column elementor-field-group-email elementor-col-20 elementor-field-required\">\n\t\t\t\t\t\t\t\t\t\t\t\t\t<input size=\"1\" type=\"email\" name=\"form_fields[email]\" id=\"form-field-email\" class=\"elementor-field elementor-size-md  elementor-field-textual\" placeholder=\"S\u00e4hk\u00f6posti\" required=\"required\" aria-required=\"true\">\n\t\t\t\t\t\t\t\t\t\t\t<\/div>\n\t\t\t\t\t\t\t\t<div class=\"elementor-field-type-text elementor-field-group elementor-column elementor-field-group-message elementor-col-33 elementor-field-required\">\n\t\t\t\t\t\t\t\t\t\t\t\t\t<input size=\"1\" type=\"text\" name=\"form_fields[message]\" id=\"form-field-message\" class=\"elementor-field elementor-size-md  elementor-field-textual\" placeholder=\"Viesti\" required=\"required\" aria-required=\"true\">\n\t\t\t\t\t\t\t\t\t\t\t<\/div>\n\t\t\t\t\t\t\t\t<div class=\"elementor-field-type-tel elementor-field-group elementor-column elementor-field-group-name elementor-col-20\">\n\t\t\t\t\t\t\t<input size=\"1\" type=\"tel\" name=\"form_fields[name]\" id=\"form-field-name\" class=\"elementor-field elementor-size-md  elementor-field-textual\" placeholder=\"PUHELIN\" pattern=\"[0-9()#&amp;+*-=.]+\" title=\"Only numbers and phone characters (#, -, *, etc) are accepted.\">\n\n\t\t\t\t\t\t<\/div>\n\t\t\t\t\t\t\t\t<div class=\"elementor-field-group elementor-column elementor-field-type-submit elementor-col-20 e-form__buttons\">\n\t\t\t\t\t<button type=\"submit\" class=\"elementor-button elementor-size-md\">\n\t\t\t\t\t\t<span >\n\t\t\t\t\t\t\t\t\t\t\t\t\t\t\t<span class=\" elementor-button-icon\">\n\t\t\t\t\t\t\t\t\t\t\t\t\t\t\t\t\t\t\t\t\t\t\t\t\t\t<\/span>\n\t\t\t\t\t\t\t\t\t\t\t\t\t\t\t\t\t\t\t\t\t\t<span class=\"elementor-button-text\">L\u00c4HETT\u00c4\u00c4<\/span>\n\t\t\t\t\t\t\t\t\t\t\t\t\t<\/span>\n\t\t\t\t\t<\/button>\n\t\t\t\t<\/div>\n\t\t\t<\/div>\n\t\t<\/form>\n\t\t\t\t<\/div>\n\t\t\t\t<\/div>\n\t\t\t\t\t\t<\/div>\n\t\t\t\t\t<\/div>\n\t\t<\/div>\n\t\t\t\t\t\t\t\t<\/div>\n\t\t\t\t\t<\/div>\n\t\t<\/section>\n\t\t\t\t\t\t\t\t\t<\/div>\n\t\t\t<\/div>\n\t\t\t\t\t<\/div>\n\t\t","protected":false},"excerpt":{"rendered":"<p>Liukuovi MUOVISTEN LIUKUOVIEN ASENNUS L\u00c4MPIM\u00c4T ALUMIINISET LIUKUOVET KYLMIEN ALUMIINISTEN LIUKUOVIEN ASENNUS L\u00e4het\u00e4 kysely<\/p>\n","protected":false},"author":1,"featured_media":0,"parent":0,"menu_order":0,"comment_status":"closed","ping_status":"closed","template":"elementor_header_footer","meta":{"footnotes":""},"class_list":["post-19850","page","type-page","status-publish","hentry"],"yoast_head":"<!-- This site is optimized with the Yoast SEO plugin v18.4.1 - https:\/\/yoast.com\/wordpress\/plugins\/seo\/ -->\n<title>Liukuovi - Unipro<\/title>\n<meta name=\"robots\" content=\"index, follow, max-snippet:-1, max-image-preview:large, max-video-preview:-1\" \/>\n<link rel=\"canonical\" href=\"https:\/\/unipro.ee\/fi\/liukuovi\/\" \/>\n<meta property=\"og:locale\" content=\"fi_FI\" \/>\n<meta property=\"og:type\" content=\"article\" \/>\n<meta property=\"og:title\" content=\"Liukuovi - Unipro\" \/>\n<meta property=\"og:description\" content=\"Liukuovi MUOVISTEN LIUKUOVIEN ASENNUS L\u00c4MPIM\u00c4T ALUMIINISET LIUKUOVET KYLMIEN ALUMIINISTEN LIUKUOVIEN ASENNUS L\u00e4het\u00e4 kysely\" \/>\n<meta property=\"og:url\" content=\"https:\/\/unipro.ee\/fi\/liukuovi\/\" \/>\n<meta property=\"og:site_name\" content=\"Unipro\" \/>\n<meta property=\"article:modified_time\" content=\"2023-04-13T11:14:42+00:00\" \/>\n<meta property=\"og:image\" content=\"https:\/\/unipro.ee\/wp-content\/uploads\/elementor\/thumbs\/plast-razd-dveri-pma6lhkwdcst72cexap3ml0vqq4khbboz3w9hls4hk.jpeg\" \/>\n<meta name=\"twitter:card\" content=\"summary_large_image\" \/>\n<meta name=\"twitter:label1\" content=\"Arvioitu lukuaika\" \/>\n\t<meta name=\"twitter:data1\" content=\"1 minuutti\" \/>\n<script type=\"application\/ld+json\" class=\"yoast-schema-graph\">{\"@context\":\"https:\/\/schema.org\",\"@graph\":[{\"@type\":\"WebSite\",\"@id\":\"https:\/\/unipro.ee\/#website\",\"url\":\"https:\/\/unipro.ee\/\",\"name\":\"Unipro\",\"description\":\"Unipro\",\"potentialAction\":[{\"@type\":\"SearchAction\",\"target\":{\"@type\":\"EntryPoint\",\"urlTemplate\":\"https:\/\/unipro.ee\/?s={search_term_string}\"},\"query-input\":\"required name=search_term_string\"}],\"inLanguage\":\"fi\"},{\"@type\":\"ImageObject\",\"@id\":\"https:\/\/unipro.ee\/fi\/liukuovi\/#primaryimage\",\"inLanguage\":\"fi\",\"url\":\"https:\/\/unipro.ee\/wp-content\/uploads\/elementor\/thumbs\/plast-razd-dveri-pma6lhkwdcst72cexap3ml0vqq4khbboz3w9hls4hk.jpeg\",\"contentUrl\":\"https:\/\/unipro.ee\/wp-content\/uploads\/elementor\/thumbs\/plast-razd-dveri-pma6lhkwdcst72cexap3ml0vqq4khbboz3w9hls4hk.jpeg\"},{\"@type\":\"WebPage\",\"@id\":\"https:\/\/unipro.ee\/fi\/liukuovi\/#webpage\",\"url\":\"https:\/\/unipro.ee\/fi\/liukuovi\/\",\"name\":\"Liukuovi - Unipro\",\"isPartOf\":{\"@id\":\"https:\/\/unipro.ee\/#website\"},\"primaryImageOfPage\":{\"@id\":\"https:\/\/unipro.ee\/fi\/liukuovi\/#primaryimage\"},\"datePublished\":\"2022-03-30T09:31:58+00:00\",\"dateModified\":\"2023-04-13T11:14:42+00:00\",\"breadcrumb\":{\"@id\":\"https:\/\/unipro.ee\/fi\/liukuovi\/#breadcrumb\"},\"inLanguage\":\"fi\",\"potentialAction\":[{\"@type\":\"ReadAction\",\"target\":[\"https:\/\/unipro.ee\/fi\/liukuovi\/\"]}]},{\"@type\":\"BreadcrumbList\",\"@id\":\"https:\/\/unipro.ee\/fi\/liukuovi\/#breadcrumb\",\"itemListElement\":[{\"@type\":\"ListItem\",\"position\":1,\"name\":\"\u0413\u043b\u0430\u0432\u043d\u0430\u044f \u0441\u0442\u0440\u0430\u043d\u0438\u0446\u0430\",\"item\":\"https:\/\/unipro.ee\/\"},{\"@type\":\"ListItem\",\"position\":2,\"name\":\"Liukuovi\"}]}]}<\/script>\n<!-- \/ Yoast SEO plugin. -->","yoast_head_json":{"title":"Liukuovi - Unipro","robots":{"index":"index","follow":"follow","max-snippet":"max-snippet:-1","max-image-preview":"max-image-preview:large","max-video-preview":"max-video-preview:-1"},"canonical":"https:\/\/unipro.ee\/fi\/liukuovi\/","og_locale":"fi_FI","og_type":"article","og_title":"Liukuovi - Unipro","og_description":"Liukuovi MUOVISTEN LIUKUOVIEN ASENNUS L\u00c4MPIM\u00c4T ALUMIINISET LIUKUOVET KYLMIEN ALUMIINISTEN LIUKUOVIEN ASENNUS L\u00e4het\u00e4 kysely","og_url":"https:\/\/unipro.ee\/fi\/liukuovi\/","og_site_name":"Unipro","article_modified_time":"2023-04-13T11:14:42+00:00","og_image":[{"url":"https:\/\/unipro.ee\/wp-content\/uploads\/elementor\/thumbs\/plast-razd-dveri-pma6lhkwdcst72cexap3ml0vqq4khbboz3w9hls4hk.jpeg"}],"twitter_card":"summary_large_image","twitter_misc":{"Arvioitu lukuaika":"1 minuutti"},"schema":{"@context":"https:\/\/schema.org","@graph":[{"@type":"WebSite","@id":"https:\/\/unipro.ee\/#website","url":"https:\/\/unipro.ee\/","name":"Unipro","description":"Unipro","potentialAction":[{"@type":"SearchAction","target":{"@type":"EntryPoint","urlTemplate":"https:\/\/unipro.ee\/?s={search_term_string}"},"query-input":"required name=search_term_string"}],"inLanguage":"fi"},{"@type":"ImageObject","@id":"https:\/\/unipro.ee\/fi\/liukuovi\/#primaryimage","inLanguage":"fi","url":"https:\/\/unipro.ee\/wp-content\/uploads\/elementor\/thumbs\/plast-razd-dveri-pma6lhkwdcst72cexap3ml0vqq4khbboz3w9hls4hk.jpeg","contentUrl":"https:\/\/unipro.ee\/wp-content\/uploads\/elementor\/thumbs\/plast-razd-dveri-pma6lhkwdcst72cexap3ml0vqq4khbboz3w9hls4hk.jpeg"},{"@type":"WebPage","@id":"https:\/\/unipro.ee\/fi\/liukuovi\/#webpage","url":"https:\/\/unipro.ee\/fi\/liukuovi\/","name":"Liukuovi - Unipro","isPartOf":{"@id":"https:\/\/unipro.ee\/#website"},"primaryImageOfPage":{"@id":"https:\/\/unipro.ee\/fi\/liukuovi\/#primaryimage"},"datePublished":"2022-03-30T09:31:58+00:00","dateModified":"2023-04-13T11:14:42+00:00","breadcrumb":{"@id":"https:\/\/unipro.ee\/fi\/liukuovi\/#breadcrumb"},"inLanguage":"fi","potentialAction":[{"@type":"ReadAction","target":["https:\/\/unipro.ee\/fi\/liukuovi\/"]}]},{"@type":"BreadcrumbList","@id":"https:\/\/unipro.ee\/fi\/liukuovi\/#breadcrumb","itemListElement":[{"@type":"ListItem","position":1,"name":"\u0413\u043b\u0430\u0432\u043d\u0430\u044f \u0441\u0442\u0440\u0430\u043d\u0438\u0446\u0430","item":"https:\/\/unipro.ee\/"},{"@type":"ListItem","position":2,"name":"Liukuovi"}]}]}},"_links":{"self":[{"href":"https:\/\/unipro.ee\/fi\/wp-json\/wp\/v2\/pages\/19850","targetHints":{"allow":["GET"]}}],"collection":[{"href":"https:\/\/unipro.ee\/fi\/wp-json\/wp\/v2\/pages"}],"about":[{"href":"https:\/\/unipro.ee\/fi\/wp-json\/wp\/v2\/types\/page"}],"author":[{"embeddable":true,"href":"https:\/\/unipro.ee\/fi\/wp-json\/wp\/v2\/users\/1"}],"replies":[{"embeddable":true,"href":"https:\/\/unipro.ee\/fi\/wp-json\/wp\/v2\/comments?post=19850"}],"version-history":[{"count":7,"href":"https:\/\/unipro.ee\/fi\/wp-json\/wp\/v2\/pages\/19850\/revisions"}],"predecessor-version":[{"id":20633,"href":"https:\/\/unipro.ee\/fi\/wp-json\/wp\/v2\/pages\/19850\/revisions\/20633"}],"wp:attachment":[{"href":"https:\/\/unipro.ee\/fi\/wp-json\/wp\/v2\/media?parent=19850"}],"curies":[{"name":"wp","href":"https:\/\/api.w.org\/{rel}","templated":true}]}}