{"id":19842,"date":"2022-03-30T09:29:06","date_gmt":"2022-03-30T09:29:06","guid":{"rendered":"https:\/\/unipro.ee\/?page_id=19842"},"modified":"2026-04-09T11:33:59","modified_gmt":"2026-04-09T11:33:59","slug":"liukuikkunat","status":"publish","type":"page","link":"https:\/\/unipro.ee\/fi\/liukuikkunat\/","title":{"rendered":"Liukuikkunat \/ Liukuovi"},"content":{"rendered":"\t\t<div data-elementor-type=\"wp-page\" data-elementor-id=\"19842\" class=\"elementor elementor-19842 elementor-19744\">\n\t\t\t\t\t\t<div class=\"elementor-inner\">\n\t\t\t\t<div class=\"elementor-section-wrap\">\n\t\t\t\t\t\t\t\t\t<section class=\"elementor-section elementor-top-section elementor-element elementor-element-3b8053d1 elementor-section-boxed elementor-section-height-default elementor-section-height-default mkdf-parallax-row-no mkdf-content-aligment-left mkdf-elementor-row-grid-no mkdf-disabled-bg-image-bellow-no mkdf-row-btt-light\" data-id=\"3b8053d1\" data-element_type=\"section\">\n\t\t\t\t\t\t<div class=\"elementor-container elementor-column-gap-default\">\n\t\t\t\t\t\t\t<div class=\"elementor-row\">\n\t\t\t\t\t<div class=\"elementor-column elementor-col-100 elementor-top-column elementor-element elementor-element-2fb6a744\" data-id=\"2fb6a744\" data-element_type=\"column\">\n\t\t\t<div class=\"elementor-column-wrap elementor-element-populated\">\n\t\t\t\t\t\t\t<div class=\"elementor-widget-wrap\">\n\t\t\t\t\t\t<div class=\"elementor-element elementor-element-57dff8d6 elementor-widget elementor-widget-spacer\" data-id=\"57dff8d6\" data-element_type=\"widget\" data-widget_type=\"spacer.default\">\n\t\t\t\t<div class=\"elementor-widget-container\">\n\t\t\t\t\t<div class=\"elementor-spacer\">\n\t\t\t<div class=\"elementor-spacer-inner\"><\/div>\n\t\t<\/div>\n\t\t\t\t<\/div>\n\t\t\t\t<\/div>\n\t\t\t\t<div class=\"elementor-element elementor-element-61c6c01f elementor-widget elementor-widget-heading\" data-id=\"61c6c01f\" data-element_type=\"widget\" data-widget_type=\"heading.default\">\n\t\t\t\t<div class=\"elementor-widget-container\">\n\t\t\t<h2 class=\"elementor-heading-title elementor-size-default\">Liukuikkunat \/ Liukuovi<\/h2>\t\t<\/div>\n\t\t\t\t<\/div>\n\t\t\t\t\t\t<\/div>\n\t\t\t\t\t<\/div>\n\t\t<\/div>\n\t\t\t\t\t\t\t\t<\/div>\n\t\t\t\t\t<\/div>\n\t\t<\/section>\n\t\t\t\t<section class=\"elementor-section elementor-top-section elementor-element elementor-element-1022df86 mkdf-elementor-row-grid-section elementor-section-full_width elementor-section-height-default elementor-section-height-default mkdf-parallax-row-no mkdf-content-aligment-left mkdf-disabled-bg-image-bellow-no mkdf-row-btt-light\" data-id=\"1022df86\" data-element_type=\"section\">\n\t\t\t\t\t\t<div class=\"elementor-container elementor-column-gap-wide\">\n\t\t\t\t\t\t\t<div class=\"elementor-row\">\n\t\t\t\t\t<div class=\"elementor-column elementor-col-16 elementor-top-column elementor-element elementor-element-22ae313d elementor-hidden-desktop elementor-hidden-tablet elementor-hidden-mobile\" data-id=\"22ae313d\" data-element_type=\"column\">\n\t\t\t<div class=\"elementor-column-wrap elementor-element-populated\">\n\t\t\t\t\t\t\t<div class=\"elementor-widget-wrap\">\n\t\t\t\t\t\t<div class=\"elementor-element elementor-element-30e19013 elementor-position-top elementor-vertical-align-top elementor-widget elementor-widget-image-box\" data-id=\"30e19013\" data-element_type=\"widget\" data-widget_type=\"image-box.default\">\n\t\t\t\t<div class=\"elementor-widget-container\">\n\t\t\t<div class=\"elementor-image-box-wrapper\"><figure class=\"elementor-image-box-img\"><a href=\"https:\/\/unipro.ee\/fi\/muoviset-liukuikkunat\/\"><img decoding=\"async\" src=\"https:\/\/unipro.ee\/wp-content\/uploads\/elementor\/thumbs\/Drzwi_przesuwno\u2013uchylne_PSK-pm1ivnm40ayh8eokjljgrdh4sl3z4jfes70fnoi56g.png\" title=\"444\" alt=\"444\" \/><\/a><\/figure><div class=\"elementor-image-box-content\"><h2 class=\"elementor-image-box-title\"><a href=\"https:\/\/unipro.ee\/fi\/muoviset-liukuikkunat\/\">MUOVISET LIUKUIKKUNAT<\/a><\/h2><\/div><\/div>\t\t<\/div>\n\t\t\t\t<\/div>\n\t\t\t\t\t\t<\/div>\n\t\t\t\t\t<\/div>\n\t\t<\/div>\n\t\t\t\t<div class=\"elementor-column elementor-col-16 elementor-top-column elementor-element elementor-element-4f71b5fe\" data-id=\"4f71b5fe\" data-element_type=\"column\">\n\t\t\t<div class=\"elementor-column-wrap elementor-element-populated\">\n\t\t\t\t\t\t\t<div class=\"elementor-widget-wrap\">\n\t\t\t\t\t\t<div class=\"elementor-element elementor-element-2b6a1507 elementor-position-top elementor-vertical-align-top elementor-widget elementor-widget-image-box\" data-id=\"2b6a1507\" data-element_type=\"widget\" data-widget_type=\"image-box.default\">\n\t\t\t\t<div class=\"elementor-widget-container\">\n\t\t\t<div class=\"elementor-image-box-wrapper\"><figure class=\"elementor-image-box-img\"><a href=\"https:\/\/unipro.ee\/fi\/liukuikkunat\/alumiiniset-lampimat-liukuikkunat\/\"><img decoding=\"async\" src=\"https:\/\/unipro.ee\/wp-content\/uploads\/elementor\/thumbs\/AL-D1993_CL-1024x683-1-pm1ilt8yfrhdnezb0ud45cwcubmlinclrh2dqd3kc8.jpg\" title=\"111\" alt=\"111\" \/><\/a><\/figure><div class=\"elementor-image-box-content\"><h2 class=\"elementor-image-box-title\"><a href=\"https:\/\/unipro.ee\/fi\/liukuikkunat\/alumiiniset-lampimat-liukuikkunat\/\">\u0410LUMIINISET L\u00c4MPIM\u00c4T LIUKUIKKUNAT<\/a><\/h2><\/div><\/div>\t\t<\/div>\n\t\t\t\t<\/div>\n\t\t\t\t\t\t<\/div>\n\t\t\t\t\t<\/div>\n\t\t<\/div>\n\t\t\t\t<div class=\"elementor-column elementor-col-16 elementor-top-column elementor-element elementor-element-5da4060f\" data-id=\"5da4060f\" data-element_type=\"column\">\n\t\t\t<div class=\"elementor-column-wrap elementor-element-populated\">\n\t\t\t\t\t\t\t<div class=\"elementor-widget-wrap\">\n\t\t\t\t\t\t<div class=\"elementor-element elementor-element-16adb11f elementor-position-top elementor-vertical-align-top elementor-widget elementor-widget-image-box\" data-id=\"16adb11f\" data-element_type=\"widget\" data-widget_type=\"image-box.default\">\n\t\t\t\t<div class=\"elementor-widget-container\">\n\t\t\t<div class=\"elementor-image-box-wrapper\"><figure class=\"elementor-image-box-img\"><a href=\"https:\/\/unipro.ee\/fi\/alumiiniset-kylmat-liukuikkunat\/\"><img decoding=\"async\" src=\"https:\/\/unipro.ee\/wp-content\/uploads\/elementor\/thumbs\/references-photo-pm1imft2zsc9e22jd445t77f3kjendu5ukq190646w.jpg\" title=\"22\" alt=\"22\" \/><\/a><\/figure><div class=\"elementor-image-box-content\"><h2 class=\"elementor-image-box-title\"><a href=\"https:\/\/unipro.ee\/fi\/alumiiniset-kylmat-liukuikkunat\/\">ALUMIINISET KYLM\u00c4T LIUKUIKKUNAT<\/a><\/h2><\/div><\/div>\t\t<\/div>\n\t\t\t\t<\/div>\n\t\t\t\t\t\t<\/div>\n\t\t\t\t\t<\/div>\n\t\t<\/div>\n\t\t\t\t<div class=\"elementor-column elementor-col-16 elementor-top-column elementor-element elementor-element-769b026\" data-id=\"769b026\" data-element_type=\"column\">\n\t\t\t<div class=\"elementor-column-wrap elementor-element-populated\">\n\t\t\t\t\t\t\t<div class=\"elementor-widget-wrap\">\n\t\t\t\t\t\t<div class=\"elementor-element elementor-element-8612c9e elementor-position-top elementor-vertical-align-top elementor-widget elementor-widget-image-box\" data-id=\"8612c9e\" data-element_type=\"widget\" data-widget_type=\"image-box.default\">\n\t\t\t\t<div class=\"elementor-widget-container\">\n\t\t\t<div class=\"elementor-image-box-wrapper\"><figure class=\"elementor-image-box-img\"><a href=\"https:\/\/unipro.ee\/fi\/liukuovi\/muovisten-liukuovien-asennus\/\"><img decoding=\"async\" src=\"https:\/\/unipro.ee\/wp-content\/uploads\/elementor\/thumbs\/plast-razd-dveri-pma6lhkwdcst72cexap3ml0vqq4khbboz3w9hls4hk.jpeg\" title=\"plast-razd-dveri\" alt=\"plast-razd-dveri\" \/><\/a><\/figure><div class=\"elementor-image-box-content\"><h2 class=\"elementor-image-box-title\"><a href=\"https:\/\/unipro.ee\/fi\/liukuovi\/muovisten-liukuovien-asennus\/\">MUOVISTEN LIUKUOVIEN ASENNUS<\/a><\/h2><\/div><\/div>\t\t<\/div>\n\t\t\t\t<\/div>\n\t\t\t\t\t\t<\/div>\n\t\t\t\t\t<\/div>\n\t\t<\/div>\n\t\t\t\t<div class=\"elementor-column elementor-col-16 elementor-top-column elementor-element elementor-element-61597c51\" data-id=\"61597c51\" data-element_type=\"column\">\n\t\t\t<div class=\"elementor-column-wrap\">\n\t\t\t\t\t\t\t<div class=\"elementor-widget-wrap\">\n\t\t\t\t\t\t\t\t<\/div>\n\t\t\t\t\t<\/div>\n\t\t<\/div>\n\t\t\t\t<div class=\"elementor-column elementor-col-16 elementor-top-column elementor-element elementor-element-f0aaa74\" data-id=\"f0aaa74\" data-element_type=\"column\">\n\t\t\t<div class=\"elementor-column-wrap\">\n\t\t\t\t\t\t\t<div class=\"elementor-widget-wrap\">\n\t\t\t\t\t\t\t\t<\/div>\n\t\t\t\t\t<\/div>\n\t\t<\/div>\n\t\t\t\t\t\t\t\t<\/div>\n\t\t\t\t\t<\/div>\n\t\t<\/section>\n\t\t\t\t<section class=\"elementor-section elementor-top-section elementor-element elementor-element-5f4d434c elementor-section-boxed elementor-section-height-default elementor-section-height-default mkdf-parallax-row-no mkdf-content-aligment-left mkdf-elementor-row-grid-no mkdf-disabled-bg-image-bellow-no mkdf-row-btt-light\" data-id=\"5f4d434c\" data-element_type=\"section\" data-settings=\"{&quot;background_background&quot;:&quot;classic&quot;}\">\n\t\t\t\t\t\t<div class=\"elementor-container elementor-column-gap-wide\">\n\t\t\t\t\t\t\t<div class=\"elementor-row\">\n\t\t\t\t\t<div class=\"elementor-column elementor-col-100 elementor-top-column elementor-element elementor-element-7faa3f15\" data-id=\"7faa3f15\" data-element_type=\"column\">\n\t\t\t<div class=\"elementor-column-wrap elementor-element-populated\">\n\t\t\t\t\t\t\t<div class=\"elementor-widget-wrap\">\n\t\t\t\t\t\t<div class=\"elementor-element elementor-element-7b87e4d0 elementor-widget elementor-widget-text-editor\" data-id=\"7b87e4d0\" data-element_type=\"widget\" data-widget_type=\"text-editor.default\">\n\t\t\t\t<div class=\"elementor-widget-container\">\n\t\t\t\t\t\t\t\t<div class=\"elementor-text-editor elementor-clearfix\">\n\t\t\t\t<h2><span style=\"color: #ffffff;\">L\u00e4het\u00e4 kysely<\/span><\/h2>\t\t\t\t\t<\/div>\n\t\t\t\t\t\t<\/div>\n\t\t\t\t<\/div>\n\t\t\t\t<div class=\"elementor-element elementor-element-5f0c19e8 elementor-button-align-stretch elementor-widget elementor-widget-form\" data-id=\"5f0c19e8\" data-element_type=\"widget\" data-settings=\"{&quot;button_width&quot;:&quot;20&quot;,&quot;step_next_label&quot;:&quot;Next&quot;,&quot;step_previous_label&quot;:&quot;Previous&quot;,&quot;step_type&quot;:&quot;number_text&quot;,&quot;step_icon_shape&quot;:&quot;circle&quot;}\" data-widget_type=\"form.default\">\n\t\t\t\t<div class=\"elementor-widget-container\">\n\t\t\t\t\t<form class=\"elementor-form\" method=\"post\" name=\"New Form\">\n\t\t\t<input type=\"hidden\" name=\"post_id\" value=\"19842\"\/>\n\t\t\t<input type=\"hidden\" name=\"form_id\" value=\"5f0c19e8\"\/>\n\t\t\t<input type=\"hidden\" name=\"referer_title\" value=\"Unipro\" \/>\n\n\t\t\t\n\t\t\t<div class=\"elementor-form-fields-wrapper elementor-labels-above\">\n\t\t\t\t\t\t\t\t<div class=\"elementor-field-type-email elementor-field-group elementor-column elementor-field-group-email elementor-col-20 elementor-field-required\">\n\t\t\t\t\t\t\t\t\t\t\t\t\t<input size=\"1\" type=\"email\" name=\"form_fields[email]\" id=\"form-field-email\" class=\"elementor-field elementor-size-md  elementor-field-textual\" placeholder=\"S\u00e4hk\u00f6posti\" required=\"required\" aria-required=\"true\">\n\t\t\t\t\t\t\t\t\t\t\t<\/div>\n\t\t\t\t\t\t\t\t<div class=\"elementor-field-type-text elementor-field-group elementor-column elementor-field-group-message elementor-col-33 elementor-field-required\">\n\t\t\t\t\t\t\t\t\t\t\t\t\t<input size=\"1\" type=\"text\" name=\"form_fields[message]\" id=\"form-field-message\" class=\"elementor-field elementor-size-md  elementor-field-textual\" placeholder=\"Viesti\" required=\"required\" aria-required=\"true\">\n\t\t\t\t\t\t\t\t\t\t\t<\/div>\n\t\t\t\t\t\t\t\t<div class=\"elementor-field-type-tel elementor-field-group elementor-column elementor-field-group-name elementor-col-20\">\n\t\t\t\t\t\t\t<input size=\"1\" type=\"tel\" name=\"form_fields[name]\" id=\"form-field-name\" class=\"elementor-field elementor-size-md  elementor-field-textual\" placeholder=\"PUHELIN\" pattern=\"[0-9()#&amp;+*-=.]+\" title=\"Only numbers and phone characters (#, -, *, etc) are accepted.\">\n\n\t\t\t\t\t\t<\/div>\n\t\t\t\t\t\t\t\t<div class=\"elementor-field-group elementor-column elementor-field-type-submit elementor-col-20 e-form__buttons\">\n\t\t\t\t\t<button type=\"submit\" class=\"elementor-button elementor-size-md\">\n\t\t\t\t\t\t<span >\n\t\t\t\t\t\t\t\t\t\t\t\t\t\t\t<span class=\" elementor-button-icon\">\n\t\t\t\t\t\t\t\t\t\t\t\t\t\t\t\t\t\t\t\t\t\t\t\t\t\t<\/span>\n\t\t\t\t\t\t\t\t\t\t\t\t\t\t\t\t\t\t\t\t\t\t<span class=\"elementor-button-text\">L\u00c4HETT\u00c4\u00c4<\/span>\n\t\t\t\t\t\t\t\t\t\t\t\t\t<\/span>\n\t\t\t\t\t<\/button>\n\t\t\t\t<\/div>\n\t\t\t<\/div>\n\t\t<\/form>\n\t\t\t\t<\/div>\n\t\t\t\t<\/div>\n\t\t\t\t\t\t<\/div>\n\t\t\t\t\t<\/div>\n\t\t<\/div>\n\t\t\t\t\t\t\t\t<\/div>\n\t\t\t\t\t<\/div>\n\t\t<\/section>\n\t\t\t\t\t\t\t\t\t<\/div>\n\t\t\t<\/div>\n\t\t\t\t\t<\/div>\n\t\t","protected":false},"excerpt":{"rendered":"<p>Liukuikkunat \/ Liukuovi MUOVISET LIUKUIKKUNAT \u0410LUMIINISET L\u00c4MPIM\u00c4T LIUKUIKKUNAT ALUMIINISET KYLM\u00c4T LIUKUIKKUNAT MUOVISTEN LIUKUOVIEN ASENNUS L\u00e4het\u00e4 kysely<\/p>\n","protected":false},"author":1,"featured_media":0,"parent":0,"menu_order":0,"comment_status":"closed","ping_status":"closed","template":"elementor_header_footer","meta":{"footnotes":""},"class_list":["post-19842","page","type-page","status-publish","hentry"],"yoast_head":"<!-- This site is optimized with the Yoast SEO plugin v18.4.1 - https:\/\/yoast.com\/wordpress\/plugins\/seo\/ -->\n<title>Liukuikkunat \/ Liukuovi - Unipro<\/title>\n<meta name=\"robots\" content=\"index, follow, max-snippet:-1, max-image-preview:large, max-video-preview:-1\" \/>\n<link rel=\"canonical\" href=\"https:\/\/unipro.ee\/fi\/liukuikkunat\/\" \/>\n<meta property=\"og:locale\" content=\"fi_FI\" \/>\n<meta property=\"og:type\" content=\"article\" \/>\n<meta property=\"og:title\" content=\"Liukuikkunat \/ Liukuovi - Unipro\" \/>\n<meta property=\"og:description\" content=\"Liukuikkunat \/ Liukuovi MUOVISET LIUKUIKKUNAT \u0410LUMIINISET L\u00c4MPIM\u00c4T LIUKUIKKUNAT ALUMIINISET KYLM\u00c4T LIUKUIKKUNAT MUOVISTEN LIUKUOVIEN ASENNUS L\u00e4het\u00e4 kysely\" \/>\n<meta property=\"og:url\" content=\"https:\/\/unipro.ee\/fi\/liukuikkunat\/\" \/>\n<meta property=\"og:site_name\" content=\"Unipro\" \/>\n<meta property=\"article:modified_time\" content=\"2026-04-09T11:33:59+00:00\" \/>\n<meta property=\"og:image\" content=\"https:\/\/unipro.ee\/wp-content\/uploads\/elementor\/thumbs\/Drzwi_przesuwno\u2013uchylne_PSK-pm1ivnm40ayh8eokjljgrdh4sl3z4jfes70fnoi56g.png\" \/>\n<meta name=\"twitter:card\" content=\"summary_large_image\" \/>\n<meta name=\"twitter:label1\" content=\"Arvioitu lukuaika\" \/>\n\t<meta name=\"twitter:data1\" content=\"1 minuutti\" \/>\n<script type=\"application\/ld+json\" class=\"yoast-schema-graph\">{\"@context\":\"https:\/\/schema.org\",\"@graph\":[{\"@type\":\"WebSite\",\"@id\":\"https:\/\/unipro.ee\/#website\",\"url\":\"https:\/\/unipro.ee\/\",\"name\":\"Unipro\",\"description\":\"Unipro\",\"potentialAction\":[{\"@type\":\"SearchAction\",\"target\":{\"@type\":\"EntryPoint\",\"urlTemplate\":\"https:\/\/unipro.ee\/?s={search_term_string}\"},\"query-input\":\"required name=search_term_string\"}],\"inLanguage\":\"fi\"},{\"@type\":\"ImageObject\",\"@id\":\"https:\/\/unipro.ee\/fi\/liukuikkunat\/#primaryimage\",\"inLanguage\":\"fi\",\"url\":\"https:\/\/unipro.ee\/wp-content\/uploads\/elementor\/thumbs\/Drzwi_przesuwno\u2013uchylne_PSK-pm1ivnm40ayh8eokjljgrdh4sl3z4jfes70fnoi56g.png\",\"contentUrl\":\"https:\/\/unipro.ee\/wp-content\/uploads\/elementor\/thumbs\/Drzwi_przesuwno\u2013uchylne_PSK-pm1ivnm40ayh8eokjljgrdh4sl3z4jfes70fnoi56g.png\"},{\"@type\":\"WebPage\",\"@id\":\"https:\/\/unipro.ee\/fi\/liukuikkunat\/#webpage\",\"url\":\"https:\/\/unipro.ee\/fi\/liukuikkunat\/\",\"name\":\"Liukuikkunat \/ Liukuovi - Unipro\",\"isPartOf\":{\"@id\":\"https:\/\/unipro.ee\/#website\"},\"primaryImageOfPage\":{\"@id\":\"https:\/\/unipro.ee\/fi\/liukuikkunat\/#primaryimage\"},\"datePublished\":\"2022-03-30T09:29:06+00:00\",\"dateModified\":\"2026-04-09T11:33:59+00:00\",\"breadcrumb\":{\"@id\":\"https:\/\/unipro.ee\/fi\/liukuikkunat\/#breadcrumb\"},\"inLanguage\":\"fi\",\"potentialAction\":[{\"@type\":\"ReadAction\",\"target\":[\"https:\/\/unipro.ee\/fi\/liukuikkunat\/\"]}]},{\"@type\":\"BreadcrumbList\",\"@id\":\"https:\/\/unipro.ee\/fi\/liukuikkunat\/#breadcrumb\",\"itemListElement\":[{\"@type\":\"ListItem\",\"position\":1,\"name\":\"\u0413\u043b\u0430\u0432\u043d\u0430\u044f \u0441\u0442\u0440\u0430\u043d\u0438\u0446\u0430\",\"item\":\"https:\/\/unipro.ee\/\"},{\"@type\":\"ListItem\",\"position\":2,\"name\":\"Liukuikkunat \/ Liukuovi\"}]}]}<\/script>\n<!-- \/ Yoast SEO plugin. -->","yoast_head_json":{"title":"Liukuikkunat \/ Liukuovi - Unipro","robots":{"index":"index","follow":"follow","max-snippet":"max-snippet:-1","max-image-preview":"max-image-preview:large","max-video-preview":"max-video-preview:-1"},"canonical":"https:\/\/unipro.ee\/fi\/liukuikkunat\/","og_locale":"fi_FI","og_type":"article","og_title":"Liukuikkunat \/ Liukuovi - Unipro","og_description":"Liukuikkunat \/ Liukuovi MUOVISET LIUKUIKKUNAT \u0410LUMIINISET L\u00c4MPIM\u00c4T LIUKUIKKUNAT ALUMIINISET KYLM\u00c4T LIUKUIKKUNAT MUOVISTEN LIUKUOVIEN ASENNUS L\u00e4het\u00e4 kysely","og_url":"https:\/\/unipro.ee\/fi\/liukuikkunat\/","og_site_name":"Unipro","article_modified_time":"2026-04-09T11:33:59+00:00","og_image":[{"url":"https:\/\/unipro.ee\/wp-content\/uploads\/elementor\/thumbs\/Drzwi_przesuwno\u2013uchylne_PSK-pm1ivnm40ayh8eokjljgrdh4sl3z4jfes70fnoi56g.png"}],"twitter_card":"summary_large_image","twitter_misc":{"Arvioitu lukuaika":"1 minuutti"},"schema":{"@context":"https:\/\/schema.org","@graph":[{"@type":"WebSite","@id":"https:\/\/unipro.ee\/#website","url":"https:\/\/unipro.ee\/","name":"Unipro","description":"Unipro","potentialAction":[{"@type":"SearchAction","target":{"@type":"EntryPoint","urlTemplate":"https:\/\/unipro.ee\/?s={search_term_string}"},"query-input":"required name=search_term_string"}],"inLanguage":"fi"},{"@type":"ImageObject","@id":"https:\/\/unipro.ee\/fi\/liukuikkunat\/#primaryimage","inLanguage":"fi","url":"https:\/\/unipro.ee\/wp-content\/uploads\/elementor\/thumbs\/Drzwi_przesuwno\u2013uchylne_PSK-pm1ivnm40ayh8eokjljgrdh4sl3z4jfes70fnoi56g.png","contentUrl":"https:\/\/unipro.ee\/wp-content\/uploads\/elementor\/thumbs\/Drzwi_przesuwno\u2013uchylne_PSK-pm1ivnm40ayh8eokjljgrdh4sl3z4jfes70fnoi56g.png"},{"@type":"WebPage","@id":"https:\/\/unipro.ee\/fi\/liukuikkunat\/#webpage","url":"https:\/\/unipro.ee\/fi\/liukuikkunat\/","name":"Liukuikkunat \/ Liukuovi - Unipro","isPartOf":{"@id":"https:\/\/unipro.ee\/#website"},"primaryImageOfPage":{"@id":"https:\/\/unipro.ee\/fi\/liukuikkunat\/#primaryimage"},"datePublished":"2022-03-30T09:29:06+00:00","dateModified":"2026-04-09T11:33:59+00:00","breadcrumb":{"@id":"https:\/\/unipro.ee\/fi\/liukuikkunat\/#breadcrumb"},"inLanguage":"fi","potentialAction":[{"@type":"ReadAction","target":["https:\/\/unipro.ee\/fi\/liukuikkunat\/"]}]},{"@type":"BreadcrumbList","@id":"https:\/\/unipro.ee\/fi\/liukuikkunat\/#breadcrumb","itemListElement":[{"@type":"ListItem","position":1,"name":"\u0413\u043b\u0430\u0432\u043d\u0430\u044f \u0441\u0442\u0440\u0430\u043d\u0438\u0446\u0430","item":"https:\/\/unipro.ee\/"},{"@type":"ListItem","position":2,"name":"Liukuikkunat \/ Liukuovi"}]}]}},"_links":{"self":[{"href":"https:\/\/unipro.ee\/fi\/wp-json\/wp\/v2\/pages\/19842","targetHints":{"allow":["GET"]}}],"collection":[{"href":"https:\/\/unipro.ee\/fi\/wp-json\/wp\/v2\/pages"}],"about":[{"href":"https:\/\/unipro.ee\/fi\/wp-json\/wp\/v2\/types\/page"}],"author":[{"embeddable":true,"href":"https:\/\/unipro.ee\/fi\/wp-json\/wp\/v2\/users\/1"}],"replies":[{"embeddable":true,"href":"https:\/\/unipro.ee\/fi\/wp-json\/wp\/v2\/comments?post=19842"}],"version-history":[{"count":17,"href":"https:\/\/unipro.ee\/fi\/wp-json\/wp\/v2\/pages\/19842\/revisions"}],"predecessor-version":[{"id":30818,"href":"https:\/\/unipro.ee\/fi\/wp-json\/wp\/v2\/pages\/19842\/revisions\/30818"}],"wp:attachment":[{"href":"https:\/\/unipro.ee\/fi\/wp-json\/wp\/v2\/media?parent=19842"}],"curies":[{"name":"wp","href":"https:\/\/api.w.org\/{rel}","templated":true}]}}