{"id":18355,"date":"2022-03-10T12:20:32","date_gmt":"2022-03-10T12:20:32","guid":{"rendered":"https:\/\/unipro.ee\/?page_id=18355"},"modified":"2022-03-22T11:45:46","modified_gmt":"2022-03-22T11:45:46","slug":"terassilauta","status":"publish","type":"page","link":"https:\/\/unipro.ee\/fi\/terassilauta\/","title":{"rendered":"Terassilauta"},"content":{"rendered":"\t\t<div data-elementor-type=\"wp-page\" data-elementor-id=\"18355\" class=\"elementor elementor-18355 elementor-18350\">\n\t\t\t\t\t\t<div class=\"elementor-inner\">\n\t\t\t\t<div class=\"elementor-section-wrap\">\n\t\t\t\t\t\t\t\t\t<section class=\"elementor-section elementor-top-section elementor-element elementor-element-2f3a6aaa elementor-section-content-middle mkdf-elementor-row-grid-section elementor-section-full_width elementor-section-height-default elementor-section-height-default mkdf-parallax-row-no mkdf-content-aligment-left mkdf-disabled-bg-image-bellow-no mkdf-row-btt-light\" data-id=\"2f3a6aaa\" data-element_type=\"section\" data-settings=\"{&quot;background_background&quot;:&quot;classic&quot;}\">\n\t\t\t\t\t\t<div class=\"elementor-container elementor-column-gap-default\">\n\t\t\t\t\t\t\t<div class=\"elementor-row\">\n\t\t\t\t\t<div class=\"elementor-column elementor-col-100 elementor-top-column elementor-element elementor-element-30ae8fb5\" data-id=\"30ae8fb5\" data-element_type=\"column\">\n\t\t\t<div class=\"elementor-column-wrap elementor-element-populated\">\n\t\t\t\t\t\t\t<div class=\"elementor-widget-wrap\">\n\t\t\t\t\t\t<div class=\"elementor-element elementor-element-795dbfb2 elementor-widget elementor-widget-mkdf_section_title\" data-id=\"795dbfb2\" data-element_type=\"widget\" data-widget_type=\"mkdf_section_title.default\">\n\t\t\t\t<div class=\"elementor-widget-container\">\n\t\t\t<div class=\"mkdf-section-title-holder  mkdf-st-standard   \" >\n\t<div class=\"mkdf-st-inner\">\n        \t\t\t\t\t<h2 class=\"mkdf-st-title\" style=\"color: #FFFFFF\">\n\t\t\t\tTerassilauta\t\t\t<\/h2>\n\t\t\t\t\t\t\t<p class=\"mkdf-st-text\" style=\"color: #FFFFFF\">\n\t\t\t\tTerassilauta on yleinen p\u00e4\u00e4llystysmateriaali. Sit\u00e4 voi k\u00e4ytt\u00e4\u00e4 moniin tarkoituksiin:\t\t\t<\/p>\n\t\t\t<\/div>\n<\/div>\t\t<\/div>\n\t\t\t\t<\/div>\n\t\t\t\t\t\t<\/div>\n\t\t\t\t\t<\/div>\n\t\t<\/div>\n\t\t\t\t\t\t\t\t<\/div>\n\t\t\t\t\t<\/div>\n\t\t<\/section>\n\t\t\t\t<section class=\"elementor-section elementor-top-section elementor-element elementor-element-7a6127e4 elementor-section-boxed elementor-section-height-default elementor-section-height-default mkdf-parallax-row-no mkdf-content-aligment-left mkdf-elementor-row-grid-no mkdf-disabled-bg-image-bellow-no mkdf-row-btt-light\" data-id=\"7a6127e4\" data-element_type=\"section\">\n\t\t\t\t\t\t<div class=\"elementor-container elementor-column-gap-default\">\n\t\t\t\t\t\t\t<div class=\"elementor-row\">\n\t\t\t\t\t<div class=\"elementor-column elementor-col-100 elementor-top-column elementor-element elementor-element-28f6d2cb\" data-id=\"28f6d2cb\" data-element_type=\"column\">\n\t\t\t<div class=\"elementor-column-wrap elementor-element-populated\">\n\t\t\t\t\t\t\t<div class=\"elementor-widget-wrap\">\n\t\t\t\t\t\t<div class=\"elementor-element elementor-element-64bc7d1a elementor-widget elementor-widget-text-editor\" data-id=\"64bc7d1a\" data-element_type=\"widget\" data-widget_type=\"text-editor.default\">\n\t\t\t\t<div class=\"elementor-widget-container\">\n\t\t\t\t\t\t\t\t<div class=\"elementor-text-editor elementor-clearfix\">\n\t\t\t\t<ul><li>lattian asennukseen terasseille ja kuisteille;<\/li><li>sein\u00e4n p\u00e4\u00e4llystykseen terasseilla, parvekkeilla ja loggioilla;<\/li><li>lattian asentamiseen parvekkeille ja loggioille.<\/li><\/ul>\t\t\t\t\t<\/div>\n\t\t\t\t\t\t<\/div>\n\t\t\t\t<\/div>\n\t\t\t\t\t\t<\/div>\n\t\t\t\t\t<\/div>\n\t\t<\/div>\n\t\t\t\t\t\t\t\t<\/div>\n\t\t\t\t\t<\/div>\n\t\t<\/section>\n\t\t\t\t<section class=\"elementor-section elementor-top-section elementor-element elementor-element-7ea94dce mkdf-elementor-row-grid-section elementor-section-full_width elementor-section-height-default elementor-section-height-default mkdf-parallax-row-no mkdf-content-aligment-left mkdf-disabled-bg-image-bellow-no mkdf-row-btt-light\" data-id=\"7ea94dce\" data-element_type=\"section\">\n\t\t\t\t\t\t<div class=\"elementor-container elementor-column-gap-wide\">\n\t\t\t\t\t\t\t<div class=\"elementor-row\">\n\t\t\t\t\t<div class=\"elementor-column elementor-col-50 elementor-top-column elementor-element elementor-element-4ce42242\" data-id=\"4ce42242\" data-element_type=\"column\">\n\t\t\t<div class=\"elementor-column-wrap elementor-element-populated\">\n\t\t\t\t\t\t\t<div class=\"elementor-widget-wrap\">\n\t\t\t\t\t\t<div class=\"elementor-element elementor-element-415516ce elementor-widget elementor-widget-text-editor\" data-id=\"415516ce\" data-element_type=\"widget\" data-widget_type=\"text-editor.default\">\n\t\t\t\t<div class=\"elementor-widget-container\">\n\t\t\t\t\t\t\t\t<div class=\"elementor-text-editor elementor-clearfix\">\n\t\t\t\t<p>UniPro k\u00e4ytt\u00e4\u00e4 virolaisten valmistajien materiaaleja. T\u00e4m\u00e4 on korkealaatuinen terassilauta, joka t\u00e4ytt\u00e4\u00e4 kaikki standardit ja m\u00e4\u00e4r\u00e4ykset. Materiaali on valmistettu luonnollisesta puusta, jossa on komposiittikyll\u00e4stys. Syv\u00e4kyll\u00e4stys suojaa tuotetta sienilt\u00e4, ehk\u00e4isee hy\u00f6nteisten aiheuttamia vaurioita ja parantaa merkitt\u00e4v\u00e4sti tuotteen suorituskykyominaisuuksia.<\/p><p>\u00a0<\/p><p>Terassilauta on ihanteellinen suoran k\u00e4ytt\u00f6tarkoituksen lis\u00e4ksi my\u00f6s parvekkeiden ja loggioiden p\u00e4\u00e4llystykseen. Erilaisten tekstuurivaihtoehtojen ansiosta on mahdollista l\u00f6yt\u00e4\u00e4 sopivan ratkaisun lattioihin, seiniin ja jopa ikkunalaudan p\u00f6yt\u00e4\u00e4n. T\u00e4m\u00e4n valikoiman avulla voimme toteuttaa mink\u00e4 tahansa projektin laadukkaalla ja kest\u00e4v\u00e4ll\u00e4 materiaalilla.<\/p>\t\t\t\t\t<\/div>\n\t\t\t\t\t\t<\/div>\n\t\t\t\t<\/div>\n\t\t\t\t\t\t<\/div>\n\t\t\t\t\t<\/div>\n\t\t<\/div>\n\t\t\t\t<div class=\"elementor-column elementor-col-50 elementor-top-column elementor-element elementor-element-2a98b284\" data-id=\"2a98b284\" data-element_type=\"column\">\n\t\t\t<div class=\"elementor-column-wrap elementor-element-populated\">\n\t\t\t\t\t\t\t<div class=\"elementor-widget-wrap\">\n\t\t\t\t\t\t<section class=\"elementor-section elementor-inner-section elementor-element elementor-element-5b4f700 elementor-section-full_width elementor-section-height-default elementor-section-height-default mkdf-parallax-row-no mkdf-content-aligment-left mkdf-elementor-row-grid-no mkdf-disabled-bg-image-bellow-no mkdf-row-btt-light\" data-id=\"5b4f700\" data-element_type=\"section\">\n\t\t\t\t\t\t<div class=\"elementor-container elementor-column-gap-default\">\n\t\t\t\t\t\t\t<div class=\"elementor-row\">\n\t\t\t\t\t<div class=\"elementor-column elementor-col-100 elementor-inner-column elementor-element elementor-element-3f0609e3\" data-id=\"3f0609e3\" data-element_type=\"column\">\n\t\t\t<div class=\"elementor-column-wrap elementor-element-populated\">\n\t\t\t\t\t\t\t<div class=\"elementor-widget-wrap\">\n\t\t\t\t\t\t<div class=\"elementor-element elementor-element-214bbecf elementor-widget elementor-widget-image\" data-id=\"214bbecf\" data-element_type=\"widget\" data-widget_type=\"image.default\">\n\t\t\t\t<div class=\"elementor-widget-container\">\n\t\t\t\t\t\t\t\t<div class=\"elementor-image\">\n\t\t\t\t\t\t\t\t\t\t\t\t<img decoding=\"async\" src=\"https:\/\/unipro.ee\/wp-content\/uploads\/elementor\/thumbs\/ter-doska-pm8mkbxj4i95mgjc4a6mvoofw8ncomkdiwhju349eo.jpeg\" title=\"ter-doska\" alt=\"ter-doska\" \/>\t\t\t\t\t\t\t\t\t\t\t\t\t\t<\/div>\n\t\t\t\t\t\t<\/div>\n\t\t\t\t<\/div>\n\t\t\t\t\t\t<\/div>\n\t\t\t\t\t<\/div>\n\t\t<\/div>\n\t\t\t\t\t\t\t\t<\/div>\n\t\t\t\t\t<\/div>\n\t\t<\/section>\n\t\t\t\t\t\t<\/div>\n\t\t\t\t\t<\/div>\n\t\t<\/div>\n\t\t\t\t\t\t\t\t<\/div>\n\t\t\t\t\t<\/div>\n\t\t<\/section>\n\t\t\t\t<section class=\"elementor-section elementor-top-section elementor-element elementor-element-2ae1c291 elementor-section-boxed elementor-section-height-default elementor-section-height-default mkdf-parallax-row-no mkdf-content-aligment-left mkdf-elementor-row-grid-no mkdf-disabled-bg-image-bellow-no mkdf-row-btt-light\" data-id=\"2ae1c291\" data-element_type=\"section\">\n\t\t\t\t\t\t<div class=\"elementor-container elementor-column-gap-default\">\n\t\t\t\t\t\t\t<div class=\"elementor-row\">\n\t\t\t\t\t<div class=\"elementor-column elementor-col-100 elementor-top-column elementor-element elementor-element-25bf381a\" data-id=\"25bf381a\" data-element_type=\"column\">\n\t\t\t<div class=\"elementor-column-wrap elementor-element-populated\">\n\t\t\t\t\t\t\t<div class=\"elementor-widget-wrap\">\n\t\t\t\t\t\t<div class=\"elementor-element elementor-element-2b1fbc7e elementor-widget elementor-widget-text-editor\" data-id=\"2b1fbc7e\" data-element_type=\"widget\" data-widget_type=\"text-editor.default\">\n\t\t\t\t<div class=\"elementor-widget-container\">\n\t\t\t\t\t\t\t\t<div class=\"elementor-text-editor elementor-clearfix\">\n\t\t\t\t<p><strong>Terassilaudan edut<\/strong><\/p><p>Terassilauta on eritt\u00e4in luja ja kulutusta kest\u00e4v\u00e4 materiaali, joka on suunniteltu erityisesti k\u00e4ytett\u00e4v\u00e4ksi alueilla, joilla on paljon liikennett\u00e4. Terassien ja kuistien lattiat altistuvat jatkuvalle rasitukselle, l\u00e4mp\u00f6tilan vaihteluille ja kosteudelle. Terassilauta kest\u00e4\u00e4 turvallisesti kaikenlaisia vaikutuksia.<\/p><p><strong>Terassilaudan k\u00e4yt\u00f6n edut:<\/strong><\/p><ul><li>Korkea lujuus. Materiaali on eritt\u00e4in kulutuskest\u00e4v\u00e4\u00e4 ja kest\u00e4\u00e4 mekaanisia vaurioita.<\/li><li>Pitk\u00e4ik\u00e4isyys. Laatunsa ansiosta se palvelee pitk\u00e4\u00e4n menett\u00e4m\u00e4tt\u00e4 ulkon\u00e4k\u00f6\u00e4.<\/li><li>Hypoallergeenisuus. Terassilauta on valmistettu luonnollisesta puusta ja turvallisista komposiittilis\u00e4aineista.<\/li><li>Helppok\u00e4ytt\u00f6isyys. Materiaali ei vaadi erityist\u00e4 huoltoa, ja se on helppo puhdistaa tavallisilla kotitalouksien pesuaineilla.<\/li><\/ul><p>Parvekkeella tai loggiassa k\u00e4ytett\u00e4ess\u00e4 lattiataso korotetaan ja tasoitetaan samalla tasolla parvekkeen oven profiilin kanssa, mik\u00e4 minimoi kynnykseen kompastumisen vaaran. Toinen etu on se, ett\u00e4 erityisen kyll\u00e4styksen ansiosta voit helposti muuttaa lattian v\u00e4ri\u00e4 mieleiseksesi. Siis ei tarvitse vaihtaa lattiapintaa remontin aikana.<\/p><p>Terassilaudalla luomme yksil\u00f6llisi\u00e4 ratkaisuja kuisteille, loggioille ja parvekkeille.<\/p>\t\t\t\t\t<\/div>\n\t\t\t\t\t\t<\/div>\n\t\t\t\t<\/div>\n\t\t\t\t\t\t<\/div>\n\t\t\t\t\t<\/div>\n\t\t<\/div>\n\t\t\t\t\t\t\t\t<\/div>\n\t\t\t\t\t<\/div>\n\t\t<\/section>\n\t\t\t\t<section class=\"elementor-section elementor-top-section elementor-element elementor-element-2df2ad59 elementor-section-stretched elementor-section-boxed elementor-section-height-default elementor-section-height-default mkdf-parallax-row-no mkdf-content-aligment-left mkdf-elementor-row-grid-no mkdf-disabled-bg-image-bellow-no mkdf-row-btt-light\" data-id=\"2df2ad59\" data-element_type=\"section\" data-settings=\"{&quot;background_background&quot;:&quot;classic&quot;,&quot;stretch_section&quot;:&quot;section-stretched&quot;}\">\n\t\t\t\t\t\t<div class=\"elementor-container elementor-column-gap-wide\">\n\t\t\t\t\t\t\t<div class=\"elementor-row\">\n\t\t\t\t\t<div class=\"elementor-column elementor-col-100 elementor-top-column elementor-element elementor-element-392878a3\" data-id=\"392878a3\" data-element_type=\"column\">\n\t\t\t<div class=\"elementor-column-wrap elementor-element-populated\">\n\t\t\t\t\t\t\t<div class=\"elementor-widget-wrap\">\n\t\t\t\t\t\t<div class=\"elementor-element elementor-element-50624437 elementor-widget elementor-widget-text-editor\" data-id=\"50624437\" data-element_type=\"widget\" data-widget_type=\"text-editor.default\">\n\t\t\t\t<div class=\"elementor-widget-container\">\n\t\t\t\t\t\t\t\t<div class=\"elementor-text-editor elementor-clearfix\">\n\t\t\t\t<h2><span style=\"color: #ffffff;\">L\u00e4het\u00e4 kysely<\/span><\/h2>\t\t\t\t\t<\/div>\n\t\t\t\t\t\t<\/div>\n\t\t\t\t<\/div>\n\t\t\t\t<div class=\"elementor-element elementor-element-fe4a267 elementor-button-align-stretch elementor-widget elementor-widget-form\" data-id=\"fe4a267\" data-element_type=\"widget\" data-settings=\"{&quot;button_width&quot;:&quot;20&quot;,&quot;step_next_label&quot;:&quot;Next&quot;,&quot;step_previous_label&quot;:&quot;Previous&quot;,&quot;step_type&quot;:&quot;number_text&quot;,&quot;step_icon_shape&quot;:&quot;circle&quot;}\" data-widget_type=\"form.default\">\n\t\t\t\t<div class=\"elementor-widget-container\">\n\t\t\t\t\t<form class=\"elementor-form\" method=\"post\" name=\"New Form\">\n\t\t\t<input type=\"hidden\" name=\"post_id\" value=\"18355\"\/>\n\t\t\t<input type=\"hidden\" name=\"form_id\" value=\"fe4a267\"\/>\n\t\t\t<input type=\"hidden\" name=\"referer_title\" value=\"Unipro\" \/>\n\n\t\t\t\n\t\t\t<div class=\"elementor-form-fields-wrapper elementor-labels-above\">\n\t\t\t\t\t\t\t\t<div class=\"elementor-field-type-email elementor-field-group elementor-column elementor-field-group-email elementor-col-20 elementor-field-required\">\n\t\t\t\t\t\t\t\t\t\t\t\t\t<input size=\"1\" type=\"email\" name=\"form_fields[email]\" id=\"form-field-email\" class=\"elementor-field elementor-size-md  elementor-field-textual\" placeholder=\"S\u00e4hk\u00f6posti\" required=\"required\" aria-required=\"true\">\n\t\t\t\t\t\t\t\t\t\t\t<\/div>\n\t\t\t\t\t\t\t\t<div class=\"elementor-field-type-text elementor-field-group elementor-column elementor-field-group-message elementor-col-33 elementor-field-required\">\n\t\t\t\t\t\t\t\t\t\t\t\t\t<input size=\"1\" type=\"text\" name=\"form_fields[message]\" id=\"form-field-message\" class=\"elementor-field elementor-size-md  elementor-field-textual\" placeholder=\"Viesti\" required=\"required\" aria-required=\"true\">\n\t\t\t\t\t\t\t\t\t\t\t<\/div>\n\t\t\t\t\t\t\t\t<div class=\"elementor-field-type-tel elementor-field-group elementor-column elementor-field-group-name elementor-col-20\">\n\t\t\t\t\t\t\t<input size=\"1\" type=\"tel\" name=\"form_fields[name]\" id=\"form-field-name\" class=\"elementor-field elementor-size-md  elementor-field-textual\" placeholder=\"PUHELIN\" pattern=\"[0-9()#&amp;+*-=.]+\" title=\"Only numbers and phone characters (#, -, *, etc) are accepted.\">\n\n\t\t\t\t\t\t<\/div>\n\t\t\t\t\t\t\t\t<div class=\"elementor-field-group elementor-column elementor-field-type-submit elementor-col-20 e-form__buttons\">\n\t\t\t\t\t<button type=\"submit\" class=\"elementor-button elementor-size-md\">\n\t\t\t\t\t\t<span >\n\t\t\t\t\t\t\t\t\t\t\t\t\t\t\t<span class=\" elementor-button-icon\">\n\t\t\t\t\t\t\t\t\t\t\t\t\t\t\t\t\t\t\t\t\t\t\t\t\t\t<\/span>\n\t\t\t\t\t\t\t\t\t\t\t\t\t\t\t\t\t\t\t\t\t\t<span class=\"elementor-button-text\">L\u00c4HETT\u00c4\u00c4<\/span>\n\t\t\t\t\t\t\t\t\t\t\t\t\t<\/span>\n\t\t\t\t\t<\/button>\n\t\t\t\t<\/div>\n\t\t\t<\/div>\n\t\t<\/form>\n\t\t\t\t<\/div>\n\t\t\t\t<\/div>\n\t\t\t\t\t\t<\/div>\n\t\t\t\t\t<\/div>\n\t\t<\/div>\n\t\t\t\t\t\t\t\t<\/div>\n\t\t\t\t\t<\/div>\n\t\t<\/section>\n\t\t\t\t\t\t\t\t\t<\/div>\n\t\t\t<\/div>\n\t\t\t\t\t<\/div>\n\t\t","protected":false},"excerpt":{"rendered":"<p>Terassilauta Terassilauta on yleinen p\u00e4\u00e4llystysmateriaali. Sit\u00e4 voi k\u00e4ytt\u00e4\u00e4 moniin tarkoituksiin: lattian asennukseen terasseille ja kuisteille; sein\u00e4n p\u00e4\u00e4llystykseen terasseilla, parvekkeilla ja loggioilla; lattian asentamiseen parvekkeille ja loggioille. UniPro k\u00e4ytt\u00e4\u00e4 virolaisten valmistajien materiaaleja. T\u00e4m\u00e4 on korkealaatuinen terassilauta, joka t\u00e4ytt\u00e4\u00e4 kaikki standardit ja [&hellip;]<\/p>\n","protected":false},"author":1,"featured_media":0,"parent":0,"menu_order":0,"comment_status":"closed","ping_status":"closed","template":"elementor_header_footer","meta":{"footnotes":""},"class_list":["post-18355","page","type-page","status-publish","hentry"],"yoast_head":"<!-- This site is optimized with the Yoast SEO plugin v18.4.1 - https:\/\/yoast.com\/wordpress\/plugins\/seo\/ -->\n<title>Terassilauta - Unipro<\/title>\n<meta name=\"robots\" content=\"index, follow, max-snippet:-1, max-image-preview:large, max-video-preview:-1\" \/>\n<link rel=\"canonical\" href=\"https:\/\/unipro.ee\/fi\/terassilauta\/\" \/>\n<meta property=\"og:locale\" content=\"fi_FI\" \/>\n<meta property=\"og:type\" content=\"article\" \/>\n<meta property=\"og:title\" content=\"Terassilauta - Unipro\" \/>\n<meta property=\"og:description\" content=\"Terassilauta Terassilauta on yleinen p\u00e4\u00e4llystysmateriaali. Sit\u00e4 voi k\u00e4ytt\u00e4\u00e4 moniin tarkoituksiin: lattian asennukseen terasseille ja kuisteille; sein\u00e4n p\u00e4\u00e4llystykseen terasseilla, parvekkeilla ja loggioilla; lattian asentamiseen parvekkeille ja loggioille. UniPro k\u00e4ytt\u00e4\u00e4 virolaisten valmistajien materiaaleja. T\u00e4m\u00e4 on korkealaatuinen terassilauta, joka t\u00e4ytt\u00e4\u00e4 kaikki standardit ja [&hellip;]\" \/>\n<meta property=\"og:url\" content=\"https:\/\/unipro.ee\/fi\/terassilauta\/\" \/>\n<meta property=\"og:site_name\" content=\"Unipro\" \/>\n<meta property=\"article:modified_time\" content=\"2022-03-22T11:45:46+00:00\" \/>\n<meta property=\"og:image\" content=\"https:\/\/unipro.ee\/wp-content\/uploads\/elementor\/thumbs\/ter-doska-pm8mkbxj4i95mgjc4a6mvoofw8ncomkdiwhju349eo.jpeg\" \/>\n<meta name=\"twitter:card\" content=\"summary_large_image\" \/>\n<meta name=\"twitter:label1\" content=\"Arvioitu lukuaika\" \/>\n\t<meta name=\"twitter:data1\" content=\"2 minuuttia\" \/>\n<script type=\"application\/ld+json\" class=\"yoast-schema-graph\">{\"@context\":\"https:\/\/schema.org\",\"@graph\":[{\"@type\":\"WebSite\",\"@id\":\"https:\/\/unipro.ee\/#website\",\"url\":\"https:\/\/unipro.ee\/\",\"name\":\"Unipro\",\"description\":\"Unipro\",\"potentialAction\":[{\"@type\":\"SearchAction\",\"target\":{\"@type\":\"EntryPoint\",\"urlTemplate\":\"https:\/\/unipro.ee\/?s={search_term_string}\"},\"query-input\":\"required name=search_term_string\"}],\"inLanguage\":\"fi\"},{\"@type\":\"ImageObject\",\"@id\":\"https:\/\/unipro.ee\/fi\/terassilauta\/#primaryimage\",\"inLanguage\":\"fi\",\"url\":\"https:\/\/unipro.ee\/wp-content\/uploads\/elementor\/thumbs\/ter-doska-pm8mkbxj4i95mgjc4a6mvoofw8ncomkdiwhju349eo.jpeg\",\"contentUrl\":\"https:\/\/unipro.ee\/wp-content\/uploads\/elementor\/thumbs\/ter-doska-pm8mkbxj4i95mgjc4a6mvoofw8ncomkdiwhju349eo.jpeg\"},{\"@type\":\"WebPage\",\"@id\":\"https:\/\/unipro.ee\/fi\/terassilauta\/#webpage\",\"url\":\"https:\/\/unipro.ee\/fi\/terassilauta\/\",\"name\":\"Terassilauta - Unipro\",\"isPartOf\":{\"@id\":\"https:\/\/unipro.ee\/#website\"},\"primaryImageOfPage\":{\"@id\":\"https:\/\/unipro.ee\/fi\/terassilauta\/#primaryimage\"},\"datePublished\":\"2022-03-10T12:20:32+00:00\",\"dateModified\":\"2022-03-22T11:45:46+00:00\",\"breadcrumb\":{\"@id\":\"https:\/\/unipro.ee\/fi\/terassilauta\/#breadcrumb\"},\"inLanguage\":\"fi\",\"potentialAction\":[{\"@type\":\"ReadAction\",\"target\":[\"https:\/\/unipro.ee\/fi\/terassilauta\/\"]}]},{\"@type\":\"BreadcrumbList\",\"@id\":\"https:\/\/unipro.ee\/fi\/terassilauta\/#breadcrumb\",\"itemListElement\":[{\"@type\":\"ListItem\",\"position\":1,\"name\":\"\u0413\u043b\u0430\u0432\u043d\u0430\u044f \u0441\u0442\u0440\u0430\u043d\u0438\u0446\u0430\",\"item\":\"https:\/\/unipro.ee\/\"},{\"@type\":\"ListItem\",\"position\":2,\"name\":\"Terassilauta\"}]}]}<\/script>\n<!-- \/ Yoast SEO plugin. -->","yoast_head_json":{"title":"Terassilauta - Unipro","robots":{"index":"index","follow":"follow","max-snippet":"max-snippet:-1","max-image-preview":"max-image-preview:large","max-video-preview":"max-video-preview:-1"},"canonical":"https:\/\/unipro.ee\/fi\/terassilauta\/","og_locale":"fi_FI","og_type":"article","og_title":"Terassilauta - Unipro","og_description":"Terassilauta Terassilauta on yleinen p\u00e4\u00e4llystysmateriaali. Sit\u00e4 voi k\u00e4ytt\u00e4\u00e4 moniin tarkoituksiin: lattian asennukseen terasseille ja kuisteille; sein\u00e4n p\u00e4\u00e4llystykseen terasseilla, parvekkeilla ja loggioilla; lattian asentamiseen parvekkeille ja loggioille. UniPro k\u00e4ytt\u00e4\u00e4 virolaisten valmistajien materiaaleja. T\u00e4m\u00e4 on korkealaatuinen terassilauta, joka t\u00e4ytt\u00e4\u00e4 kaikki standardit ja [&hellip;]","og_url":"https:\/\/unipro.ee\/fi\/terassilauta\/","og_site_name":"Unipro","article_modified_time":"2022-03-22T11:45:46+00:00","og_image":[{"url":"https:\/\/unipro.ee\/wp-content\/uploads\/elementor\/thumbs\/ter-doska-pm8mkbxj4i95mgjc4a6mvoofw8ncomkdiwhju349eo.jpeg"}],"twitter_card":"summary_large_image","twitter_misc":{"Arvioitu lukuaika":"2 minuuttia"},"schema":{"@context":"https:\/\/schema.org","@graph":[{"@type":"WebSite","@id":"https:\/\/unipro.ee\/#website","url":"https:\/\/unipro.ee\/","name":"Unipro","description":"Unipro","potentialAction":[{"@type":"SearchAction","target":{"@type":"EntryPoint","urlTemplate":"https:\/\/unipro.ee\/?s={search_term_string}"},"query-input":"required name=search_term_string"}],"inLanguage":"fi"},{"@type":"ImageObject","@id":"https:\/\/unipro.ee\/fi\/terassilauta\/#primaryimage","inLanguage":"fi","url":"https:\/\/unipro.ee\/wp-content\/uploads\/elementor\/thumbs\/ter-doska-pm8mkbxj4i95mgjc4a6mvoofw8ncomkdiwhju349eo.jpeg","contentUrl":"https:\/\/unipro.ee\/wp-content\/uploads\/elementor\/thumbs\/ter-doska-pm8mkbxj4i95mgjc4a6mvoofw8ncomkdiwhju349eo.jpeg"},{"@type":"WebPage","@id":"https:\/\/unipro.ee\/fi\/terassilauta\/#webpage","url":"https:\/\/unipro.ee\/fi\/terassilauta\/","name":"Terassilauta - Unipro","isPartOf":{"@id":"https:\/\/unipro.ee\/#website"},"primaryImageOfPage":{"@id":"https:\/\/unipro.ee\/fi\/terassilauta\/#primaryimage"},"datePublished":"2022-03-10T12:20:32+00:00","dateModified":"2022-03-22T11:45:46+00:00","breadcrumb":{"@id":"https:\/\/unipro.ee\/fi\/terassilauta\/#breadcrumb"},"inLanguage":"fi","potentialAction":[{"@type":"ReadAction","target":["https:\/\/unipro.ee\/fi\/terassilauta\/"]}]},{"@type":"BreadcrumbList","@id":"https:\/\/unipro.ee\/fi\/terassilauta\/#breadcrumb","itemListElement":[{"@type":"ListItem","position":1,"name":"\u0413\u043b\u0430\u0432\u043d\u0430\u044f \u0441\u0442\u0440\u0430\u043d\u0438\u0446\u0430","item":"https:\/\/unipro.ee\/"},{"@type":"ListItem","position":2,"name":"Terassilauta"}]}]}},"_links":{"self":[{"href":"https:\/\/unipro.ee\/fi\/wp-json\/wp\/v2\/pages\/18355","targetHints":{"allow":["GET"]}}],"collection":[{"href":"https:\/\/unipro.ee\/fi\/wp-json\/wp\/v2\/pages"}],"about":[{"href":"https:\/\/unipro.ee\/fi\/wp-json\/wp\/v2\/types\/page"}],"author":[{"embeddable":true,"href":"https:\/\/unipro.ee\/fi\/wp-json\/wp\/v2\/users\/1"}],"replies":[{"embeddable":true,"href":"https:\/\/unipro.ee\/fi\/wp-json\/wp\/v2\/comments?post=18355"}],"version-history":[{"count":10,"href":"https:\/\/unipro.ee\/fi\/wp-json\/wp\/v2\/pages\/18355\/revisions"}],"predecessor-version":[{"id":19313,"href":"https:\/\/unipro.ee\/fi\/wp-json\/wp\/v2\/pages\/18355\/revisions\/19313"}],"wp:attachment":[{"href":"https:\/\/unipro.ee\/fi\/wp-json\/wp\/v2\/media?parent=18355"}],"curies":[{"name":"wp","href":"https:\/\/api.w.org\/{rel}","templated":true}]}}