{"id":12730,"date":"2018-12-17T08:46:49","date_gmt":"2018-12-17T08:46:49","guid":{"rendered":"https:\/\/unipro.ee\/meist\/"},"modified":"2026-04-09T07:23:45","modified_gmt":"2026-04-09T07:23:45","slug":"meist","status":"publish","type":"page","link":"https:\/\/unipro.ee\/fi\/meist\/","title":{"rendered":"Meist\u00e4"},"content":{"rendered":"\t\t<div data-elementor-type=\"wp-page\" data-elementor-id=\"12730\" class=\"elementor elementor-12730 elementor-1458\">\n\t\t\t\t\t\t<div class=\"elementor-inner\">\n\t\t\t\t<div class=\"elementor-section-wrap\">\n\t\t\t\t\t\t\t\t\t<section class=\"elementor-section elementor-top-section elementor-element elementor-element-1a45b5b1 mkdf-elementor-row-grid-section elementor-section-full_width elementor-section-height-default elementor-section-height-default mkdf-parallax-row-no mkdf-content-aligment-left mkdf-disabled-bg-image-bellow-no mkdf-row-btt-light\" data-id=\"1a45b5b1\" data-element_type=\"section\">\n\t\t\t\t\t\t<div class=\"elementor-container elementor-column-gap-default\">\n\t\t\t\t\t\t\t<div class=\"elementor-row\">\n\t\t\t\t\t<div class=\"elementor-column elementor-col-100 elementor-top-column elementor-element elementor-element-257cc39b\" data-id=\"257cc39b\" data-element_type=\"column\">\n\t\t\t<div class=\"elementor-column-wrap elementor-element-populated\">\n\t\t\t\t\t\t\t<div class=\"elementor-widget-wrap\">\n\t\t\t\t\t\t<div class=\"elementor-element elementor-element-60590357 elementor-widget elementor-widget-mkdf_section_title\" data-id=\"60590357\" data-element_type=\"widget\" data-widget_type=\"mkdf_section_title.default\">\n\t\t\t\t<div class=\"elementor-widget-container\">\n\t\t\t<div class=\"mkdf-section-title-holder   mkdf-st-standard   \" >\n\t<div class=\"mkdf-st-inner\">\n        \t\t\t\t\t<h2 class=\"mkdf-st-title\" >\n\t\t\t\tNykyaikaiset \u201davaimet k\u00e4teen\u201d -parvekkeet\t\t\t<\/h2>\n\t\t\t\t\t<\/div>\n<\/div>\t\t<\/div>\n\t\t\t\t<\/div>\n\t\t\t\t<div class=\"elementor-element elementor-element-515f3b23 elementor-widget elementor-widget-text-editor\" data-id=\"515f3b23\" data-element_type=\"widget\" data-widget_type=\"text-editor.default\">\n\t\t\t\t<div class=\"elementor-widget-container\">\n\t\t\t\t\t\t\t\t<div class=\"elementor-text-editor elementor-clearfix\">\n\t\t\t\t<p>Meill\u00e4 on kokemuksia niin suunnitteluun, muotoiluun, kokoamiseen, rakenteiden asentamiseen kuin vaativien teht\u00e4vien ratkaisemiseenkin. Suoritamme koko ty\u00f6syklin ideasta k\u00e4ytt\u00f6\u00f6nottoon, uusista kaiteista aina parvekkeiden t\u00e4ydelliseen lasitukseen uusine suojakatoksineen ja parvekkeen sis\u00e4vuoraukseen saakka.<\/p><p>Kaikki t\u00e4m\u00e4 auttaa meit\u00e4 n\u00e4kym\u00e4\u00e4n markkinoilla, sill\u00e4 vain me tarjoamme todellisia valmiiksi saatettuja \u201davaimet k\u00e4teen\u201d -kokonaisratkaisuja. Meille parvekkeen t\u00e4ydellinen kattaminen tai uuden katteen rakentaminen ja tavallisten tai liukuikkunoiden asentaminen ei ole ongelma.<\/p><p>Me autamme Sinua:<\/p><ul><li>purkamaan vanhan parvekkeesi;<\/li><li>asentamaan suojakatoksen metallirungon ja p\u00e4\u00e4llyst\u00e4m\u00e4\u00e4n sen mill\u00e4 tahansa nykyaikaisella materiaalilla;<\/li><li>asentamaan uudet kaiteet;<\/li><li>lasittamaan parvekkeen: asentamaan kehyksett\u00f6m\u00e4t j\u00e4rjestelm\u00e4t, kehykselliset liukuj\u00e4rjestelm\u00e4t tai muovi-ikkunat;<\/li><li>p\u00e4\u00e4llyst\u00e4m\u00e4\u00e4n parvekkeen sis\u00e4puolelta muovipaneeleilla;<\/li><li>asentamaan uuden lattian k\u00e4ytt\u00e4en terassilautoja tai SPC-laminaattia;<\/li><li>erist\u00e4m\u00e4\u00e4n parvekkeen mineraalivillalla tai styroksilla;<\/li><li>valitsemaan parvekkeen suunnittelussa eri tyylien v\u00e4lill\u00e4;<\/li><li>tekem\u00e4\u00e4n lis\u00e4ty\u00f6t (johtojen ja valaisimien asennus jne.);<\/li><li>siivoamaan ty\u00f6paikan t\u00f6iden p\u00e4\u00e4tytty\u00e4 (roskien kuljetus j\u00e4\u00e4 meid\u00e4n huoleksemme!).<\/li><li>Asiantuntijamme auttavat Sinua toteuttamaan mink\u00e4 suunnitelman tahansa. Neuvomme Sinua kaikissa kysymyksiss\u00e4, jotta voisit valita uutta parvekettasi varten parhaan ratkaisun.<\/li><\/ul><p>5 helppoa vaihetta ideasta toteutukseen:<\/p><ol><li>j\u00e4t\u00e4 tilauksesi kotisivullemme, niin me soitamme Sinulle;<\/li><li>myyntijohtajamme valitsevat Sinulle optimaalisimman hintaratkaisun ja laativat sopimuksen;<\/li><li>asiantuntijamme ottavat Sinulle l\u00e4himp\u00e4n\u00e4 sopivana aikana kaikki tarvittavat mitat ja laskevat mahdolliset vaihtoehdot;<\/li><li>valmistamme tilatun rakenteen mahdollisimman lyhyess\u00e4 ajassa;<\/li><li>UNIPRO Project O\u00dc ammattilaiset suorittavat loppuasennuksen, ja niin Sinulle onkin olemassa laadukas ja juuri Sinulle valittu \u201davaimet k\u00e4teen\u201d -parveke.<\/li><\/ol>\t\t\t\t\t<\/div>\n\t\t\t\t\t\t<\/div>\n\t\t\t\t<\/div>\n\t\t\t\t\t\t<\/div>\n\t\t\t\t\t<\/div>\n\t\t<\/div>\n\t\t\t\t\t\t\t\t<\/div>\n\t\t\t\t\t<\/div>\n\t\t<\/section>\n\t\t\t\t<section class=\"elementor-section elementor-top-section elementor-element elementor-element-66a8428 elementor-hidden-desktop elementor-hidden-tablet elementor-hidden-mobile elementor-section-boxed elementor-section-height-default elementor-section-height-default mkdf-parallax-row-no mkdf-content-aligment-left mkdf-elementor-row-grid-no mkdf-disabled-bg-image-bellow-no mkdf-row-btt-light\" data-id=\"66a8428\" data-element_type=\"section\">\n\t\t\t\t\t\t<div class=\"elementor-container elementor-column-gap-default\">\n\t\t\t\t\t\t\t<div class=\"elementor-row\">\n\t\t\t\t\t<div class=\"elementor-column elementor-col-100 elementor-top-column elementor-element elementor-element-a55c76c\" data-id=\"a55c76c\" data-element_type=\"column\">\n\t\t\t<div class=\"elementor-column-wrap elementor-element-populated\">\n\t\t\t\t\t\t\t<div class=\"elementor-widget-wrap\">\n\t\t\t\t\t\t<div class=\"elementor-element elementor-element-999e12b elementor-widget elementor-widget-text-editor\" data-id=\"999e12b\" data-element_type=\"widget\" data-widget_type=\"text-editor.default\">\n\t\t\t\t<div class=\"elementor-widget-container\">\n\t\t\t\t\t\t\t\t<div class=\"elementor-text-editor elementor-clearfix\">\n\t\t\t\t\r\n<div id=\"sb_instagram\"  class=\"sbi sbi_mob_col_1 sbi_tab_col_2 sbi_col_6 sbi_width_resp\" style=\"padding-bottom: 10px;width: 100%;\" data-feedid=\"sbi_17841447280683780#6\"  data-res=\"auto\" data-cols=\"6\" data-colsmobile=\"1\" data-colstablet=\"2\" data-num=\"6\" data-nummobile=\"\" data-shortcode-atts=\"{&quot;num&quot;:&quot;6&quot;,&quot;cols&quot;:&quot;6&quot;,&quot;showfollow&quot;:&quot;true&quot;}\"  data-postid=\"12730\" data-locatornonce=\"3daf551969\" data-sbi-flags=\"favorLocal\">\r\n\t\r\n    <div id=\"sbi_images\"  style=\"padding: 5px;\">\r\n\t\t    <\/div>\r\n\r\n\t<div id=\"sbi_load\" >\r\n\r\n\t\r\n\t\t\t<span class=\"sbi_follow_btn\">\r\n        <a href=\"https:\/\/www.instagram.com\/uniproeesti\/\" target=\"_blank\" rel=\"nofollow noopener\">\r\n            <svg class=\"svg-inline--fa fa-instagram fa-w-14\" aria-hidden=\"true\" data-fa-processed=\"\" aria-label=\"Instagram\" data-prefix=\"fab\" data-icon=\"instagram\" role=\"img\" viewBox=\"0 0 448 512\">\n\t                <path fill=\"currentColor\" d=\"M224.1 141c-63.6 0-114.9 51.3-114.9 114.9s51.3 114.9 114.9 114.9S339 319.5 339 255.9 287.7 141 224.1 141zm0 189.6c-41.1 0-74.7-33.5-74.7-74.7s33.5-74.7 74.7-74.7 74.7 33.5 74.7 74.7-33.6 74.7-74.7 74.7zm146.4-194.3c0 14.9-12 26.8-26.8 26.8-14.9 0-26.8-12-26.8-26.8s12-26.8 26.8-26.8 26.8 12 26.8 26.8zm76.1 27.2c-1.7-35.9-9.9-67.7-36.2-93.9-26.2-26.2-58-34.4-93.9-36.2-37-2.1-147.9-2.1-184.9 0-35.8 1.7-67.6 9.9-93.9 36.1s-34.4 58-36.2 93.9c-2.1 37-2.1 147.9 0 184.9 1.7 35.9 9.9 67.7 36.2 93.9s58 34.4 93.9 36.2c37 2.1 147.9 2.1 184.9 0 35.9-1.7 67.7-9.9 93.9-36.2 26.2-26.2 34.4-58 36.2-93.9 2.1-37 2.1-147.8 0-184.8zM398.8 388c-7.8 19.6-22.9 34.7-42.6 42.6-29.5 11.7-99.5 9-132.1 9s-102.7 2.6-132.1-9c-19.6-7.8-34.7-22.9-42.6-42.6-11.7-29.5-9-99.5-9-132.1s-2.6-102.7 9-132.1c7.8-19.6 22.9-34.7 42.6-42.6 29.5-11.7 99.5-9 132.1-9s102.7-2.6 132.1 9c19.6 7.8 34.7 22.9 42.6 42.6 11.7 29.5 9 99.5 9 132.1s2.7 102.7-9 132.1z\"><\/path>\n\t            <\/svg>            <span>\u0421\u043b\u0435\u0434\u0443\u0439\u0442\u0435 \u0432 Instagram<\/span>\r\n        <\/a>\r\n    <\/span>\r\n\t\r\n<\/div>\r\n\r\n\t    <span class=\"sbi_resized_image_data\" data-feed-id=\"sbi_17841447280683780#6\" data-resized=\"[]\">\n\t<\/span>\n\t<\/div>\r\n\r\n\n\t\t\t\t\t<\/div>\n\t\t\t\t\t\t<\/div>\n\t\t\t\t<\/div>\n\t\t\t\t\t\t<\/div>\n\t\t\t\t\t<\/div>\n\t\t<\/div>\n\t\t\t\t\t\t\t\t<\/div>\n\t\t\t\t\t<\/div>\n\t\t<\/section>\n\t\t\t\t<section class=\"elementor-section elementor-top-section elementor-element elementor-element-23cf10dc elementor-section-stretched elementor-section-boxed elementor-section-height-default elementor-section-height-default mkdf-parallax-row-no mkdf-content-aligment-left mkdf-elementor-row-grid-no mkdf-disabled-bg-image-bellow-no mkdf-row-btt-light\" data-id=\"23cf10dc\" data-element_type=\"section\" data-settings=\"{&quot;background_background&quot;:&quot;classic&quot;,&quot;stretch_section&quot;:&quot;section-stretched&quot;}\">\n\t\t\t\t\t\t<div class=\"elementor-container elementor-column-gap-wide\">\n\t\t\t\t\t\t\t<div class=\"elementor-row\">\n\t\t\t\t\t<div class=\"elementor-column elementor-col-100 elementor-top-column elementor-element elementor-element-625118d0\" data-id=\"625118d0\" data-element_type=\"column\">\n\t\t\t<div class=\"elementor-column-wrap elementor-element-populated\">\n\t\t\t\t\t\t\t<div class=\"elementor-widget-wrap\">\n\t\t\t\t\t\t<div class=\"elementor-element elementor-element-76dddba8 elementor-widget elementor-widget-text-editor\" data-id=\"76dddba8\" data-element_type=\"widget\" data-widget_type=\"text-editor.default\">\n\t\t\t\t<div class=\"elementor-widget-container\">\n\t\t\t\t\t\t\t\t<div class=\"elementor-text-editor elementor-clearfix\">\n\t\t\t\t<h2><span style=\"color: #ffffff;\">L\u00e4het\u00e4 kysely<\/span><\/h2>\t\t\t\t\t<\/div>\n\t\t\t\t\t\t<\/div>\n\t\t\t\t<\/div>\n\t\t\t\t<div class=\"elementor-element elementor-element-b58cbff elementor-button-align-stretch elementor-widget elementor-widget-form\" data-id=\"b58cbff\" data-element_type=\"widget\" data-settings=\"{&quot;button_width&quot;:&quot;20&quot;,&quot;step_next_label&quot;:&quot;Next&quot;,&quot;step_previous_label&quot;:&quot;Previous&quot;,&quot;step_type&quot;:&quot;number_text&quot;,&quot;step_icon_shape&quot;:&quot;circle&quot;}\" data-widget_type=\"form.default\">\n\t\t\t\t<div class=\"elementor-widget-container\">\n\t\t\t\t\t<form class=\"elementor-form\" method=\"post\" name=\"New Form\">\n\t\t\t<input type=\"hidden\" name=\"post_id\" value=\"12730\"\/>\n\t\t\t<input type=\"hidden\" name=\"form_id\" value=\"b58cbff\"\/>\n\t\t\t<input type=\"hidden\" name=\"referer_title\" value=\"Unipro\" \/>\n\n\t\t\t\n\t\t\t<div class=\"elementor-form-fields-wrapper elementor-labels-above\">\n\t\t\t\t\t\t\t\t<div class=\"elementor-field-type-email elementor-field-group elementor-column elementor-field-group-email elementor-col-20 elementor-field-required\">\n\t\t\t\t\t\t\t\t\t\t\t\t\t<input size=\"1\" type=\"email\" name=\"form_fields[email]\" id=\"form-field-email\" class=\"elementor-field elementor-size-md  elementor-field-textual\" placeholder=\"S\u00e4hk\u00f6posti\" required=\"required\" aria-required=\"true\">\n\t\t\t\t\t\t\t\t\t\t\t<\/div>\n\t\t\t\t\t\t\t\t<div class=\"elementor-field-type-text elementor-field-group elementor-column elementor-field-group-message elementor-col-33 elementor-field-required\">\n\t\t\t\t\t\t\t\t\t\t\t\t\t<input size=\"1\" type=\"text\" name=\"form_fields[message]\" id=\"form-field-message\" class=\"elementor-field elementor-size-md  elementor-field-textual\" placeholder=\"Viesti\" required=\"required\" aria-required=\"true\">\n\t\t\t\t\t\t\t\t\t\t\t<\/div>\n\t\t\t\t\t\t\t\t<div class=\"elementor-field-type-tel elementor-field-group elementor-column elementor-field-group-name elementor-col-20\">\n\t\t\t\t\t\t\t<input size=\"1\" type=\"tel\" name=\"form_fields[name]\" id=\"form-field-name\" class=\"elementor-field elementor-size-md  elementor-field-textual\" placeholder=\"PUHELIN\" pattern=\"[0-9()#&amp;+*-=.]+\" title=\"Only numbers and phone characters (#, -, *, etc) are accepted.\">\n\n\t\t\t\t\t\t<\/div>\n\t\t\t\t\t\t\t\t<div class=\"elementor-field-group elementor-column elementor-field-type-submit elementor-col-20 e-form__buttons\">\n\t\t\t\t\t<button type=\"submit\" class=\"elementor-button elementor-size-md\">\n\t\t\t\t\t\t<span >\n\t\t\t\t\t\t\t\t\t\t\t\t\t\t\t<span class=\" elementor-button-icon\">\n\t\t\t\t\t\t\t\t\t\t\t\t\t\t\t\t\t\t\t\t\t\t\t\t\t\t<\/span>\n\t\t\t\t\t\t\t\t\t\t\t\t\t\t\t\t\t\t\t\t\t\t<span class=\"elementor-button-text\">L\u00c4HETT\u00c4\u00c4<\/span>\n\t\t\t\t\t\t\t\t\t\t\t\t\t<\/span>\n\t\t\t\t\t<\/button>\n\t\t\t\t<\/div>\n\t\t\t<\/div>\n\t\t<\/form>\n\t\t\t\t<\/div>\n\t\t\t\t<\/div>\n\t\t\t\t\t\t<\/div>\n\t\t\t\t\t<\/div>\n\t\t<\/div>\n\t\t\t\t\t\t\t\t<\/div>\n\t\t\t\t\t<\/div>\n\t\t<\/section>\n\t\t\t\t\t\t\t\t\t<\/div>\n\t\t\t<\/div>\n\t\t\t\t\t<\/div>\n\t\t","protected":false},"excerpt":{"rendered":"<p>Nykyaikaiset \u201davaimet k\u00e4teen\u201d -parvekkeet Meill\u00e4 on kokemuksia niin suunnitteluun, muotoiluun, kokoamiseen, rakenteiden asentamiseen kuin vaativien teht\u00e4vien ratkaisemiseenkin. Suoritamme koko ty\u00f6syklin ideasta k\u00e4ytt\u00f6\u00f6nottoon, uusista kaiteista aina parvekkeiden t\u00e4ydelliseen lasitukseen uusine suojakatoksineen ja parvekkeen sis\u00e4vuoraukseen saakka. Kaikki t\u00e4m\u00e4 auttaa meit\u00e4 n\u00e4kym\u00e4\u00e4n markkinoilla, [&hellip;]<\/p>\n","protected":false},"author":1,"featured_media":0,"parent":0,"menu_order":0,"comment_status":"closed","ping_status":"closed","template":"","meta":{"footnotes":""},"class_list":["post-12730","page","type-page","status-publish","hentry"],"yoast_head":"<!-- This site is optimized with the Yoast SEO plugin v18.4.1 - https:\/\/yoast.com\/wordpress\/plugins\/seo\/ -->\n<title>Meist\u00e4 - Unipro<\/title>\n<meta name=\"robots\" content=\"index, follow, max-snippet:-1, max-image-preview:large, max-video-preview:-1\" \/>\n<link rel=\"canonical\" href=\"https:\/\/unipro.ee\/meist\/\" \/>\n<meta property=\"og:locale\" content=\"fi_FI\" \/>\n<meta property=\"og:type\" content=\"article\" \/>\n<meta property=\"og:title\" content=\"Meist\u00e4 - Unipro\" \/>\n<meta property=\"og:description\" content=\"Nykyaikaiset \u201davaimet k\u00e4teen\u201d -parvekkeet Meill\u00e4 on kokemuksia niin suunnitteluun, muotoiluun, kokoamiseen, rakenteiden asentamiseen kuin vaativien teht\u00e4vien ratkaisemiseenkin. Suoritamme koko ty\u00f6syklin ideasta k\u00e4ytt\u00f6\u00f6nottoon, uusista kaiteista aina parvekkeiden t\u00e4ydelliseen lasitukseen uusine suojakatoksineen ja parvekkeen sis\u00e4vuoraukseen saakka. Kaikki t\u00e4m\u00e4 auttaa meit\u00e4 n\u00e4kym\u00e4\u00e4n markkinoilla, [&hellip;]\" \/>\n<meta property=\"og:url\" content=\"https:\/\/unipro.ee\/meist\/\" \/>\n<meta property=\"og:site_name\" content=\"Unipro\" \/>\n<meta property=\"article:modified_time\" content=\"2026-04-09T07:23:45+00:00\" \/>\n<meta name=\"twitter:card\" content=\"summary_large_image\" \/>\n<meta name=\"twitter:label1\" content=\"Arvioitu lukuaika\" \/>\n\t<meta name=\"twitter:data1\" content=\"2 minuuttia\" \/>\n<script type=\"application\/ld+json\" class=\"yoast-schema-graph\">{\"@context\":\"https:\/\/schema.org\",\"@graph\":[{\"@type\":\"WebSite\",\"@id\":\"https:\/\/unipro.ee\/#website\",\"url\":\"https:\/\/unipro.ee\/\",\"name\":\"Unipro\",\"description\":\"Unipro\",\"potentialAction\":[{\"@type\":\"SearchAction\",\"target\":{\"@type\":\"EntryPoint\",\"urlTemplate\":\"https:\/\/unipro.ee\/?s={search_term_string}\"},\"query-input\":\"required name=search_term_string\"}],\"inLanguage\":\"fi\"},{\"@type\":\"WebPage\",\"@id\":\"https:\/\/unipro.ee\/meist\/#webpage\",\"url\":\"https:\/\/unipro.ee\/meist\/\",\"name\":\"Meist\u00e4 - Unipro\",\"isPartOf\":{\"@id\":\"https:\/\/unipro.ee\/#website\"},\"datePublished\":\"2018-12-17T08:46:49+00:00\",\"dateModified\":\"2026-04-09T07:23:45+00:00\",\"breadcrumb\":{\"@id\":\"https:\/\/unipro.ee\/meist\/#breadcrumb\"},\"inLanguage\":\"fi\",\"potentialAction\":[{\"@type\":\"ReadAction\",\"target\":[\"https:\/\/unipro.ee\/meist\/\"]}]},{\"@type\":\"BreadcrumbList\",\"@id\":\"https:\/\/unipro.ee\/meist\/#breadcrumb\",\"itemListElement\":[{\"@type\":\"ListItem\",\"position\":1,\"name\":\"\u0413\u043b\u0430\u0432\u043d\u0430\u044f \u0441\u0442\u0440\u0430\u043d\u0438\u0446\u0430\",\"item\":\"https:\/\/unipro.ee\/\"},{\"@type\":\"ListItem\",\"position\":2,\"name\":\"Meist\u00e4\"}]}]}<\/script>\n<!-- \/ Yoast SEO plugin. -->","yoast_head_json":{"title":"Meist\u00e4 - Unipro","robots":{"index":"index","follow":"follow","max-snippet":"max-snippet:-1","max-image-preview":"max-image-preview:large","max-video-preview":"max-video-preview:-1"},"canonical":"https:\/\/unipro.ee\/meist\/","og_locale":"fi_FI","og_type":"article","og_title":"Meist\u00e4 - Unipro","og_description":"Nykyaikaiset \u201davaimet k\u00e4teen\u201d -parvekkeet Meill\u00e4 on kokemuksia niin suunnitteluun, muotoiluun, kokoamiseen, rakenteiden asentamiseen kuin vaativien teht\u00e4vien ratkaisemiseenkin. Suoritamme koko ty\u00f6syklin ideasta k\u00e4ytt\u00f6\u00f6nottoon, uusista kaiteista aina parvekkeiden t\u00e4ydelliseen lasitukseen uusine suojakatoksineen ja parvekkeen sis\u00e4vuoraukseen saakka. Kaikki t\u00e4m\u00e4 auttaa meit\u00e4 n\u00e4kym\u00e4\u00e4n markkinoilla, [&hellip;]","og_url":"https:\/\/unipro.ee\/meist\/","og_site_name":"Unipro","article_modified_time":"2026-04-09T07:23:45+00:00","twitter_card":"summary_large_image","twitter_misc":{"Arvioitu lukuaika":"2 minuuttia"},"schema":{"@context":"https:\/\/schema.org","@graph":[{"@type":"WebSite","@id":"https:\/\/unipro.ee\/#website","url":"https:\/\/unipro.ee\/","name":"Unipro","description":"Unipro","potentialAction":[{"@type":"SearchAction","target":{"@type":"EntryPoint","urlTemplate":"https:\/\/unipro.ee\/?s={search_term_string}"},"query-input":"required name=search_term_string"}],"inLanguage":"fi"},{"@type":"WebPage","@id":"https:\/\/unipro.ee\/meist\/#webpage","url":"https:\/\/unipro.ee\/meist\/","name":"Meist\u00e4 - Unipro","isPartOf":{"@id":"https:\/\/unipro.ee\/#website"},"datePublished":"2018-12-17T08:46:49+00:00","dateModified":"2026-04-09T07:23:45+00:00","breadcrumb":{"@id":"https:\/\/unipro.ee\/meist\/#breadcrumb"},"inLanguage":"fi","potentialAction":[{"@type":"ReadAction","target":["https:\/\/unipro.ee\/meist\/"]}]},{"@type":"BreadcrumbList","@id":"https:\/\/unipro.ee\/meist\/#breadcrumb","itemListElement":[{"@type":"ListItem","position":1,"name":"\u0413\u043b\u0430\u0432\u043d\u0430\u044f \u0441\u0442\u0440\u0430\u043d\u0438\u0446\u0430","item":"https:\/\/unipro.ee\/"},{"@type":"ListItem","position":2,"name":"Meist\u00e4"}]}]}},"_links":{"self":[{"href":"https:\/\/unipro.ee\/fi\/wp-json\/wp\/v2\/pages\/12730","targetHints":{"allow":["GET"]}}],"collection":[{"href":"https:\/\/unipro.ee\/fi\/wp-json\/wp\/v2\/pages"}],"about":[{"href":"https:\/\/unipro.ee\/fi\/wp-json\/wp\/v2\/types\/page"}],"author":[{"embeddable":true,"href":"https:\/\/unipro.ee\/fi\/wp-json\/wp\/v2\/users\/1"}],"replies":[{"embeddable":true,"href":"https:\/\/unipro.ee\/fi\/wp-json\/wp\/v2\/comments?post=12730"}],"version-history":[{"count":27,"href":"https:\/\/unipro.ee\/fi\/wp-json\/wp\/v2\/pages\/12730\/revisions"}],"predecessor-version":[{"id":30687,"href":"https:\/\/unipro.ee\/fi\/wp-json\/wp\/v2\/pages\/12730\/revisions\/30687"}],"wp:attachment":[{"href":"https:\/\/unipro.ee\/fi\/wp-json\/wp\/v2\/media?parent=12730"}],"curies":[{"name":"wp","href":"https:\/\/api.w.org\/{rel}","templated":true}]}}