{"id":12672,"date":"2018-12-18T12:21:41","date_gmt":"2018-12-18T12:21:41","guid":{"rendered":"https:\/\/unipro.ee\/kontakt\/"},"modified":"2026-03-23T07:27:19","modified_gmt":"2026-03-23T07:27:19","slug":"kontakt","status":"publish","type":"page","link":"https:\/\/unipro.ee\/fi\/kontakt\/","title":{"rendered":"Ottaa yhteytt\u00e4"},"content":{"rendered":"\t\t<div data-elementor-type=\"wp-page\" data-elementor-id=\"12672\" class=\"elementor elementor-12672 elementor-1807\">\n\t\t\t\t\t\t<div class=\"elementor-inner\">\n\t\t\t\t<div class=\"elementor-section-wrap\">\n\t\t\t\t\t\t\t\t\t<section class=\"elementor-section elementor-top-section elementor-element elementor-element-321c9d81 elementor-section-full_width elementor-section-stretched elementor-section-height-default elementor-section-height-default mkdf-parallax-row-no mkdf-content-aligment-left mkdf-elementor-row-grid-no mkdf-disabled-bg-image-bellow-no mkdf-row-btt-light\" data-id=\"321c9d81\" data-element_type=\"section\" data-settings=\"{&quot;stretch_section&quot;:&quot;section-stretched&quot;}\">\n\t\t\t\t\t\t<div class=\"elementor-container elementor-column-gap-default\">\n\t\t\t\t\t\t\t<div class=\"elementor-row\">\n\t\t\t\t\t<div class=\"elementor-column elementor-col-33 elementor-top-column elementor-element elementor-element-249f60e\" data-id=\"249f60e\" data-element_type=\"column\" data-settings=\"{&quot;background_background&quot;:&quot;classic&quot;}\">\n\t\t\t<div class=\"elementor-column-wrap elementor-element-populated\">\n\t\t\t\t\t\t\t<div class=\"elementor-widget-wrap\">\n\t\t\t\t\t\t<div class=\"elementor-element elementor-element-70c5df88 elementor-widget elementor-widget-text-editor\" data-id=\"70c5df88\" data-element_type=\"widget\" data-widget_type=\"text-editor.default\">\n\t\t\t\t<div class=\"elementor-widget-container\">\n\t\t\t\t\t\t\t\t<div class=\"elementor-text-editor elementor-clearfix\">\n\t\t\t\t<p><span style=\"color: #ffffff;\">UNIPRO Project O\u00dc<\/span><br \/><span style=\"color: #ffffff;\">Reg. Nr. 14088346<\/span><br \/><span style=\"color: #ffffff;\">VAT Nr. EE101897549<\/span><br \/><span style=\"color: #ffffff;\">Suur-S\u00f5jam\u00e4e 25a, Tallinn<\/span><br \/><span style=\"color: #ffffff;\">Estonia\u00a0<\/span><br \/><strong><span style=\"color: #ffffff;\">Vierailu tilauksesta<\/span><\/strong><\/p>\t\t\t\t\t<\/div>\n\t\t\t\t\t\t<\/div>\n\t\t\t\t<\/div>\n\t\t\t\t<div class=\"elementor-element elementor-element-18496739 elementor-widget elementor-widget-text-editor\" data-id=\"18496739\" data-element_type=\"widget\" data-widget_type=\"text-editor.default\">\n\t\t\t\t<div class=\"elementor-widget-container\">\n\t\t\t\t\t\t\t\t<div class=\"elementor-text-editor elementor-clearfix\">\n\t\t\t\t<strong><span style=\"color: #ffffff;\">S\u00e4hk\u00f6posti: info@unipro.ee<\/span><\/strong>\t\t\t\t\t<\/div>\n\t\t\t\t\t\t<\/div>\n\t\t\t\t<\/div>\n\t\t\t\t<div class=\"elementor-element elementor-element-7c1db954 elementor-widget elementor-widget-text-editor\" data-id=\"7c1db954\" data-element_type=\"widget\" data-widget_type=\"text-editor.default\">\n\t\t\t\t<div class=\"elementor-widget-container\">\n\t\t\t\t\t\t\t\t<div class=\"elementor-text-editor elementor-clearfix\">\n\t\t\t\t<p><strong><span style=\"color: #ffffff;\">Puhelinnumero: +(372) 53 222 444\u00a0\u00a0<\/span><\/strong><\/p>\t\t\t\t\t<\/div>\n\t\t\t\t\t\t<\/div>\n\t\t\t\t<\/div>\n\t\t\t\t\t\t<\/div>\n\t\t\t\t\t<\/div>\n\t\t<\/div>\n\t\t\t\t<div class=\"elementor-column elementor-col-33 elementor-top-column elementor-element elementor-element-467fc81\" data-id=\"467fc81\" data-element_type=\"column\" data-settings=\"{&quot;background_background&quot;:&quot;classic&quot;}\">\n\t\t\t<div class=\"elementor-column-wrap elementor-element-populated\">\n\t\t\t\t\t\t\t<div class=\"elementor-widget-wrap\">\n\t\t\t\t\t\t<div class=\"elementor-element elementor-element-a37aba4 elementor-widget elementor-widget-mkdf_cf7\" data-id=\"a37aba4\" data-element_type=\"widget\" data-widget_type=\"mkdf_cf7.default\">\n\t\t\t\t<div class=\"elementor-widget-container\">\n\t\t\t    <div role=\"form\" class=\"wpcf7\" id=\"wpcf7-f15603-o1\" lang=\"ru-RU\" dir=\"ltr\">\n<div class=\"screen-reader-response\"><p role=\"status\" aria-live=\"polite\" aria-atomic=\"true\"><\/p> <ul><\/ul><\/div>\n<form action=\"\/fi\/wp-json\/wp\/v2\/pages\/12672#wpcf7-f15603-o1\" method=\"post\" class=\"wpcf7-form init cf7_custom_style_2\" novalidate=\"novalidate\" data-status=\"init\">\n<div style=\"display: none;\">\n<input type=\"hidden\" name=\"_wpcf7\" value=\"15603\" \/>\n<input type=\"hidden\" name=\"_wpcf7_version\" value=\"5.5.6\" \/>\n<input type=\"hidden\" name=\"_wpcf7_locale\" value=\"ru_RU\" \/>\n<input type=\"hidden\" name=\"_wpcf7_unit_tag\" value=\"wpcf7-f15603-o1\" \/>\n<input type=\"hidden\" name=\"_wpcf7_container_post\" value=\"0\" \/>\n<input type=\"hidden\" name=\"_wpcf7_posted_data_hash\" value=\"\" \/>\n<\/div>\n<p><label> Puhelin<br \/>\n    <span class=\"wpcf7-form-control-wrap tel-186\"><input type=\"tel\" name=\"tel-186\" value=\"\" size=\"40\" class=\"wpcf7-form-control wpcf7-text wpcf7-tel wpcf7-validates-as-tel\" aria-invalid=\"false\" \/><\/span> <\/label><\/p>\n<p><label> S\u00e4hk\u00f6posti<br \/>\n    <span class=\"wpcf7-form-control-wrap your-email\"><input type=\"email\" name=\"your-email\" value=\"\" size=\"40\" class=\"wpcf7-form-control wpcf7-text wpcf7-email wpcf7-validates-as-email\" aria-invalid=\"false\" \/><\/span> <\/label><\/p>\n<p><label> Viesti<br \/>\n    <span class=\"wpcf7-form-control-wrap your-message\"><textarea name=\"your-message\" cols=\"40\" rows=\"10\" class=\"wpcf7-form-control wpcf7-textarea\" aria-invalid=\"false\"><\/textarea><\/span> <\/label><\/p>\n<p><button type=\"submit\" class=\"wpcf7-form-control wpcf7-submit mkdf-btn mkdf-btn-medium mkdf-btn-solid\"><span class=\"mkdf-btn-text\">L\u00e4het\u00e4 pyynt\u00f6<\/span><\/button><\/p>\n<div class=\"wpcf7-response-output\" aria-hidden=\"true\"><\/div><\/form><\/div>\t\t<\/div>\n\t\t\t\t<\/div>\n\t\t\t\t\t\t<\/div>\n\t\t\t\t\t<\/div>\n\t\t<\/div>\n\t\t\t\t<div class=\"elementor-column elementor-col-33 elementor-top-column elementor-element elementor-element-1b6f705\" data-id=\"1b6f705\" data-element_type=\"column\" data-settings=\"{&quot;background_background&quot;:&quot;classic&quot;}\">\n\t\t\t<div class=\"elementor-column-wrap elementor-element-populated\">\n\t\t\t\t\t\t\t<div class=\"elementor-widget-wrap\">\n\t\t\t\t\t\t<div class=\"elementor-element elementor-element-b378718 elementor-widget elementor-widget-text-editor\" data-id=\"b378718\" data-element_type=\"widget\" data-widget_type=\"text-editor.default\">\n\t\t\t\t<div class=\"elementor-widget-container\">\n\t\t\t\t\t\t\t\t<div class=\"elementor-text-editor elementor-clearfix\">\n\t\t\t\t<iframe loading=\"lazy\" style=\"border: 0;\" tabindex=\"0\" src=\"https:\/\/www.google.com\/maps\/embed?pb=!1m18!1m12!1m3!1d2029.979308041033!2d24.839914316202435!3d59.41674011105286!2m3!1f0!2f0!3f0!3m2!1i1024!2i768!4f13.1!3m3!1m2!1s0x4692ec9dfa0aed17%3A0xc695f24659bda268!2sSuur-S%C3%B5jam%C3%A4e%2025a%2C%2011415%20Tallinn!5e0!3m2!1sru!2see!4v1611919573906!5m2!1sru!2see\" width=\"100%\" height=\"600px\" frameborder=\"0\" allowfullscreen=\"allowfullscreen\" aria-hidden=\"false\"><\/iframe>\t\t\t\t\t<\/div>\n\t\t\t\t\t\t<\/div>\n\t\t\t\t<\/div>\n\t\t\t\t\t\t<\/div>\n\t\t\t\t\t<\/div>\n\t\t<\/div>\n\t\t\t\t\t\t\t\t<\/div>\n\t\t\t\t\t<\/div>\n\t\t<\/section>\n\t\t\t\t\t\t\t\t\t<\/div>\n\t\t\t<\/div>\n\t\t\t\t\t<\/div>\n\t\t","protected":false},"excerpt":{"rendered":"<p>UNIPRO Project O\u00dcReg. Nr. 14088346VAT Nr. EE101897549Suur-S\u00f5jam\u00e4e 25a, TallinnEstonia\u00a0Vierailu tilauksesta S\u00e4hk\u00f6posti: info@unipro.ee Puhelinnumero: +(372) 53 222 444\u00a0\u00a0 Puhelin S\u00e4hk\u00f6posti Viesti L\u00e4het\u00e4 pyynt\u00f6<\/p>\n","protected":false},"author":1,"featured_media":0,"parent":0,"menu_order":0,"comment_status":"closed","ping_status":"closed","template":"","meta":{"footnotes":""},"class_list":["post-12672","page","type-page","status-publish","hentry"],"yoast_head":"<!-- This site is optimized with the Yoast SEO plugin v18.4.1 - https:\/\/yoast.com\/wordpress\/plugins\/seo\/ -->\n<title>Ottaa yhteytt\u00e4 - Unipro<\/title>\n<meta name=\"robots\" content=\"index, follow, max-snippet:-1, max-image-preview:large, max-video-preview:-1\" \/>\n<link rel=\"canonical\" href=\"https:\/\/unipro.ee\/kontakt\/\" \/>\n<meta property=\"og:locale\" content=\"fi_FI\" \/>\n<meta property=\"og:type\" content=\"article\" \/>\n<meta property=\"og:title\" content=\"Ottaa yhteytt\u00e4 - Unipro\" \/>\n<meta property=\"og:description\" content=\"UNIPRO Project O\u00dcReg. Nr. 14088346VAT Nr. EE101897549Suur-S\u00f5jam\u00e4e 25a, TallinnEstonia\u00a0Vierailu tilauksesta S\u00e4hk\u00f6posti: info@unipro.ee Puhelinnumero: +(372) 53 222 444\u00a0\u00a0 Puhelin S\u00e4hk\u00f6posti Viesti L\u00e4het\u00e4 pyynt\u00f6\" \/>\n<meta property=\"og:url\" content=\"https:\/\/unipro.ee\/kontakt\/\" \/>\n<meta property=\"og:site_name\" content=\"Unipro\" \/>\n<meta property=\"article:modified_time\" content=\"2026-03-23T07:27:19+00:00\" \/>\n<meta name=\"twitter:card\" content=\"summary_large_image\" \/>\n<meta name=\"twitter:label1\" content=\"Arvioitu lukuaika\" \/>\n\t<meta name=\"twitter:data1\" content=\"1 minuutti\" \/>\n<script type=\"application\/ld+json\" class=\"yoast-schema-graph\">{\"@context\":\"https:\/\/schema.org\",\"@graph\":[{\"@type\":\"WebSite\",\"@id\":\"https:\/\/unipro.ee\/#website\",\"url\":\"https:\/\/unipro.ee\/\",\"name\":\"Unipro\",\"description\":\"Unipro\",\"potentialAction\":[{\"@type\":\"SearchAction\",\"target\":{\"@type\":\"EntryPoint\",\"urlTemplate\":\"https:\/\/unipro.ee\/?s={search_term_string}\"},\"query-input\":\"required name=search_term_string\"}],\"inLanguage\":\"fi\"},{\"@type\":\"WebPage\",\"@id\":\"https:\/\/unipro.ee\/kontakt\/#webpage\",\"url\":\"https:\/\/unipro.ee\/kontakt\/\",\"name\":\"Ottaa yhteytt\u00e4 - Unipro\",\"isPartOf\":{\"@id\":\"https:\/\/unipro.ee\/#website\"},\"datePublished\":\"2018-12-18T12:21:41+00:00\",\"dateModified\":\"2026-03-23T07:27:19+00:00\",\"breadcrumb\":{\"@id\":\"https:\/\/unipro.ee\/kontakt\/#breadcrumb\"},\"inLanguage\":\"fi\",\"potentialAction\":[{\"@type\":\"ReadAction\",\"target\":[\"https:\/\/unipro.ee\/kontakt\/\"]}]},{\"@type\":\"BreadcrumbList\",\"@id\":\"https:\/\/unipro.ee\/kontakt\/#breadcrumb\",\"itemListElement\":[{\"@type\":\"ListItem\",\"position\":1,\"name\":\"\u0413\u043b\u0430\u0432\u043d\u0430\u044f \u0441\u0442\u0440\u0430\u043d\u0438\u0446\u0430\",\"item\":\"https:\/\/unipro.ee\/\"},{\"@type\":\"ListItem\",\"position\":2,\"name\":\"Ottaa yhteytt\u00e4\"}]}]}<\/script>\n<!-- \/ Yoast SEO plugin. -->","yoast_head_json":{"title":"Ottaa yhteytt\u00e4 - Unipro","robots":{"index":"index","follow":"follow","max-snippet":"max-snippet:-1","max-image-preview":"max-image-preview:large","max-video-preview":"max-video-preview:-1"},"canonical":"https:\/\/unipro.ee\/kontakt\/","og_locale":"fi_FI","og_type":"article","og_title":"Ottaa yhteytt\u00e4 - Unipro","og_description":"UNIPRO Project O\u00dcReg. Nr. 14088346VAT Nr. EE101897549Suur-S\u00f5jam\u00e4e 25a, TallinnEstonia\u00a0Vierailu tilauksesta S\u00e4hk\u00f6posti: info@unipro.ee Puhelinnumero: +(372) 53 222 444\u00a0\u00a0 Puhelin S\u00e4hk\u00f6posti Viesti L\u00e4het\u00e4 pyynt\u00f6","og_url":"https:\/\/unipro.ee\/kontakt\/","og_site_name":"Unipro","article_modified_time":"2026-03-23T07:27:19+00:00","twitter_card":"summary_large_image","twitter_misc":{"Arvioitu lukuaika":"1 minuutti"},"schema":{"@context":"https:\/\/schema.org","@graph":[{"@type":"WebSite","@id":"https:\/\/unipro.ee\/#website","url":"https:\/\/unipro.ee\/","name":"Unipro","description":"Unipro","potentialAction":[{"@type":"SearchAction","target":{"@type":"EntryPoint","urlTemplate":"https:\/\/unipro.ee\/?s={search_term_string}"},"query-input":"required name=search_term_string"}],"inLanguage":"fi"},{"@type":"WebPage","@id":"https:\/\/unipro.ee\/kontakt\/#webpage","url":"https:\/\/unipro.ee\/kontakt\/","name":"Ottaa yhteytt\u00e4 - Unipro","isPartOf":{"@id":"https:\/\/unipro.ee\/#website"},"datePublished":"2018-12-18T12:21:41+00:00","dateModified":"2026-03-23T07:27:19+00:00","breadcrumb":{"@id":"https:\/\/unipro.ee\/kontakt\/#breadcrumb"},"inLanguage":"fi","potentialAction":[{"@type":"ReadAction","target":["https:\/\/unipro.ee\/kontakt\/"]}]},{"@type":"BreadcrumbList","@id":"https:\/\/unipro.ee\/kontakt\/#breadcrumb","itemListElement":[{"@type":"ListItem","position":1,"name":"\u0413\u043b\u0430\u0432\u043d\u0430\u044f \u0441\u0442\u0440\u0430\u043d\u0438\u0446\u0430","item":"https:\/\/unipro.ee\/"},{"@type":"ListItem","position":2,"name":"Ottaa yhteytt\u00e4"}]}]}},"_links":{"self":[{"href":"https:\/\/unipro.ee\/fi\/wp-json\/wp\/v2\/pages\/12672","targetHints":{"allow":["GET"]}}],"collection":[{"href":"https:\/\/unipro.ee\/fi\/wp-json\/wp\/v2\/pages"}],"about":[{"href":"https:\/\/unipro.ee\/fi\/wp-json\/wp\/v2\/types\/page"}],"author":[{"embeddable":true,"href":"https:\/\/unipro.ee\/fi\/wp-json\/wp\/v2\/users\/1"}],"replies":[{"embeddable":true,"href":"https:\/\/unipro.ee\/fi\/wp-json\/wp\/v2\/comments?post=12672"}],"version-history":[{"count":16,"href":"https:\/\/unipro.ee\/fi\/wp-json\/wp\/v2\/pages\/12672\/revisions"}],"predecessor-version":[{"id":30472,"href":"https:\/\/unipro.ee\/fi\/wp-json\/wp\/v2\/pages\/12672\/revisions\/30472"}],"wp:attachment":[{"href":"https:\/\/unipro.ee\/fi\/wp-json\/wp\/v2\/media?parent=12672"}],"curies":[{"name":"wp","href":"https:\/\/api.w.org\/{rel}","templated":true}]}}